{"id":406,"date":"2025-10-28T10:52:09","date_gmt":"2025-10-28T10:52:09","guid":{"rendered":"http:\/\/3w.ffsr.fr\/?page_id=406"},"modified":"2025-11-14T11:23:34","modified_gmt":"2025-11-14T11:23:34","slug":"boutique","status":"publish","type":"page","link":"https:\/\/3w.ffsr.fr\/index.php\/boutique\/","title":{"rendered":"Boutique"},"content":{"rendered":"\n<div class=\"wp-block-cover alignfull has-parallax\" style=\"margin-top:0;margin-bottom:0;padding-top:var(--wp--preset--spacing--20);padding-bottom:var(--wp--preset--spacing--20);min-height:100vh;aspect-ratio:unset;\"><div class=\"wp-block-cover__image-background wp-image-239 size-full has-parallax\" style=\"background-position:50% 50%;background-image:url(http:\/\/3w.ffsr.fr\/wp-content\/uploads\/2025\/10\/FFSR-Centrale-Achats-Bons-Plans.jpg)\"><\/div><span aria-hidden=\"true\" class=\"wp-block-cover__background has-background-dim-40 has-background-dim\" style=\"background-color:#000000\"><\/span><div class=\"wp-block-cover__inner-container is-layout-flow wp-block-cover-is-layout-flow\">\n<p class=\"has-text-align-center\">Nouveaut\u00e9 2025-2026<\/p>\n\n\n\n<h1 class=\"wp-block-heading has-text-align-center\" style=\"font-size:clamp(2.066rem, 2.066rem + ((1vw - 0.2rem) * 2.563), 3.7rem);font-style:normal;font-weight:800\"><strong>PRIX REDUITS<\/strong><br><strong>POUR<\/strong> <strong>VOTRE ASSOCIATION<\/strong><br>&#8230; <strong>ET POUR VOS ADHERENTS<\/strong>!<\/h1>\n<\/div><\/div>\n\n\n\n<div style=\"height:30px\" aria-hidden=\"true\" class=\"wp-block-spacer\"><\/div>\n\n\n\n<div class=\"wp-block-group alignfull has-global-padding is-layout-constrained wp-container-core-group-is-layout-4651deb1 wp-block-group-is-layout-constrained\" style=\"margin-top:0;margin-bottom:0;padding-top:var(--wp--preset--spacing--70);padding-bottom:var(--wp--preset--spacing--70)\">\n<div class=\"wp-block-columns alignwide is-layout-flex wp-container-core-columns-is-layout-08a2a807 wp-block-columns-is-layout-flex\">\n<div class=\"wp-block-column is-vertically-aligned-center is-layout-flow wp-block-column-is-layout-flow\">\n<h2 class=\"wp-block-heading has-text-align-left has-accent-2-color has-text-color has-link-color has-xx-large-font-size wp-elements-c2cc61a62ec52c3d787c08e6bad17afc\"><strong>LE SHOP FFSR<\/strong><\/h2>\n\n\n\n<ul style=\"margin-top:var(--wp--preset--spacing--40);margin-bottom:var(--wp--preset--spacing--40);padding-left:var(--wp--preset--spacing--30)\" class=\"wp-block-list is-style-checkmark-list\">\n<li class=\"has-contrast-color has-text-color has-link-color has-medium-font-size wp-elements-9cc64cdd8cbb2650cb19e750fd05c60a\">Produits de consommation courante<\/li>\n\n\n\n<li class=\"has-medium-font-size\">Cadeaux rugby &amp; objets personnalis\u00e9s<\/li>\n\n\n\n<li class=\"has-medium-font-size\">Ouverture imminente..<\/li>\n<\/ul>\n<\/div>\n\n\n\n<div class=\"wp-block-column is-vertically-aligned-center is-layout-flow wp-block-column-is-layout-flow\">\n<figure class=\"wp-block-image size-full\"><img loading=\"lazy\" decoding=\"async\" width=\"1080\" height=\"1080\" src=\"http:\/\/3w.ffsr.fr\/wp-content\/uploads\/2025\/11\/FFSR-Supporters-de-Rugby-Boutique-Le-Shop-1.jpg\" alt=\"\" class=\"wp-image-1694\" srcset=\"https:\/\/3w.ffsr.fr\/wp-content\/uploads\/2025\/11\/FFSR-Supporters-de-Rugby-Boutique-Le-Shop-1.jpg 1080w, https:\/\/3w.ffsr.fr\/wp-content\/uploads\/2025\/11\/FFSR-Supporters-de-Rugby-Boutique-Le-Shop-1-300x300.jpg 300w, https:\/\/3w.ffsr.fr\/wp-content\/uploads\/2025\/11\/FFSR-Supporters-de-Rugby-Boutique-Le-Shop-1-1024x1024.jpg 1024w, https:\/\/3w.ffsr.fr\/wp-content\/uploads\/2025\/11\/FFSR-Supporters-de-Rugby-Boutique-Le-Shop-1-150x150.jpg 150w, https:\/\/3w.ffsr.fr\/wp-content\/uploads\/2025\/11\/FFSR-Supporters-de-Rugby-Boutique-Le-Shop-1-768x768.jpg 768w\" sizes=\"auto, (max-width: 1080px) 100vw, 1080px\" \/><\/figure>\n<\/div>\n<\/div>\n\n\n\n<div class=\"wp-block-group alignfull has-global-padding is-layout-constrained wp-container-core-group-is-layout-190373c5 wp-block-group-is-layout-constrained\" style=\"margin-top:0;margin-bottom:0;padding-top:var(--wp--preset--spacing--50);padding-bottom:var(--wp--preset--spacing--50)\">\n<div class=\"wp-block-columns alignwide is-layout-flex wp-container-core-columns-is-layout-cdebebb7 wp-block-columns-is-layout-flex\" style=\"padding-top:0;padding-bottom:0\">\n<div class=\"wp-block-column is-layout-flow wp-container-core-column-is-layout-695e45f7 wp-block-column-is-layout-flow\" style=\"padding-top:var(--wp--preset--spacing--20)\">\n<figure class=\"wp-block-image size-full\"><img loading=\"lazy\" decoding=\"async\" width=\"1080\" height=\"1080\" src=\"http:\/\/3w.ffsr.fr\/wp-content\/uploads\/2025\/11\/FFSR-Supporters-de-Rugby-Boutique-1.jpg\" alt=\"\" class=\"wp-image-1706\" srcset=\"https:\/\/3w.ffsr.fr\/wp-content\/uploads\/2025\/11\/FFSR-Supporters-de-Rugby-Boutique-1.jpg 1080w, https:\/\/3w.ffsr.fr\/wp-content\/uploads\/2025\/11\/FFSR-Supporters-de-Rugby-Boutique-1-300x300.jpg 300w, https:\/\/3w.ffsr.fr\/wp-content\/uploads\/2025\/11\/FFSR-Supporters-de-Rugby-Boutique-1-1024x1024.jpg 1024w, https:\/\/3w.ffsr.fr\/wp-content\/uploads\/2025\/11\/FFSR-Supporters-de-Rugby-Boutique-1-150x150.jpg 150w, https:\/\/3w.ffsr.fr\/wp-content\/uploads\/2025\/11\/FFSR-Supporters-de-Rugby-Boutique-1-768x768.jpg 768w\" sizes=\"auto, (max-width: 1080px) 100vw, 1080px\" \/><\/figure>\n\n\n\n<div class=\"wp-block-group is-vertical is-layout-flex wp-container-core-group-is-layout-971a3e1f wp-block-group-is-layout-flex\" style=\"padding-top:var(--wp--preset--spacing--30)\">\n<h3 class=\"wp-block-heading\" style=\"padding-top:var(--wp--preset--spacing--20)\">Mug personnalis\u00e9<\/h3>\n\n\n\n<p class=\"has-accent-2-color has-text-color has-link-color has-medium-font-size wp-elements-3256e09842f3a7f163d220da626daae9\"><mark style=\"background-color:rgba(0, 0, 0, 0)\" class=\"has-inline-color has-accent-2-color\"><s>15 \u20ac<\/s> <\/mark><strong>9,99\u20ac<\/strong><\/p>\n\n\n\n<div class=\"wp-block-buttons is-layout-flex wp-block-buttons-is-layout-flex\">\n<div class=\"wp-block-button\"><a class=\"wp-block-button__link has-accent-2-background-color has-background wp-element-button\" href=\"http:\/\/3w.ffsr.fr\/index.php\/espace-membres\/\"><strong>sHop<\/strong><\/a><\/div>\n<\/div>\n\n\n\n<div style=\"height:40px\" aria-hidden=\"true\" class=\"wp-block-spacer wp-container-content-28f0cd9b\"><\/div>\n<\/div>\n<\/div>\n\n\n\n<div class=\"wp-block-column is-layout-flow wp-container-core-column-is-layout-695e45f7 wp-block-column-is-layout-flow\" style=\"padding-top:var(--wp--preset--spacing--20)\">\n<figure class=\"wp-block-image size-full\"><img loading=\"lazy\" decoding=\"async\" width=\"1080\" height=\"1080\" src=\"http:\/\/3w.ffsr.fr\/wp-content\/uploads\/2025\/11\/FFSR-Supporters-de-Rugby-Boutique-3.jpg\" alt=\"\" class=\"wp-image-1708\" srcset=\"https:\/\/3w.ffsr.fr\/wp-content\/uploads\/2025\/11\/FFSR-Supporters-de-Rugby-Boutique-3.jpg 1080w, https:\/\/3w.ffsr.fr\/wp-content\/uploads\/2025\/11\/FFSR-Supporters-de-Rugby-Boutique-3-300x300.jpg 300w, https:\/\/3w.ffsr.fr\/wp-content\/uploads\/2025\/11\/FFSR-Supporters-de-Rugby-Boutique-3-1024x1024.jpg 1024w, https:\/\/3w.ffsr.fr\/wp-content\/uploads\/2025\/11\/FFSR-Supporters-de-Rugby-Boutique-3-150x150.jpg 150w, https:\/\/3w.ffsr.fr\/wp-content\/uploads\/2025\/11\/FFSR-Supporters-de-Rugby-Boutique-3-768x768.jpg 768w\" sizes=\"auto, (max-width: 1080px) 100vw, 1080px\" \/><\/figure>\n\n\n\n<div class=\"wp-block-group is-vertical is-layout-flex wp-container-core-group-is-layout-971a3e1f wp-block-group-is-layout-flex\" style=\"padding-top:var(--wp--preset--spacing--30)\">\n<h3 class=\"wp-block-heading\" style=\"padding-top:var(--wp--preset--spacing--20)\">Porte-clef personnalis\u00e9<\/h3>\n\n\n\n<p class=\"has-accent-2-color has-text-color has-link-color has-medium-font-size wp-elements-434776eb2ee4a2b706bfce5b59575246\"><mark style=\"background-color:rgba(0, 0, 0, 0)\" class=\"has-inline-color has-accent-2-color\"><s>10 \u20ac<\/s> <\/mark><strong>6<\/strong><strong>,99\u20ac<\/strong><\/p>\n\n\n\n<div class=\"wp-block-buttons is-layout-flex wp-block-buttons-is-layout-flex\">\n<div class=\"wp-block-button\"><a class=\"wp-block-button__link has-accent-2-background-color has-background wp-element-button\" href=\"http:\/\/3w.ffsr.fr\/index.php\/espace-membres\/\"><strong>sHop<\/strong><\/a><\/div>\n<\/div>\n\n\n\n<div style=\"height:40px\" aria-hidden=\"true\" class=\"wp-block-spacer wp-container-content-28f0cd9b\"><\/div>\n<\/div>\n<\/div>\n\n\n\n<div class=\"wp-block-column is-layout-flow wp-container-core-column-is-layout-695e45f7 wp-block-column-is-layout-flow\" style=\"padding-top:var(--wp--preset--spacing--20)\">\n<figure class=\"wp-block-image size-full\"><img loading=\"lazy\" decoding=\"async\" width=\"1080\" height=\"1080\" src=\"http:\/\/3w.ffsr.fr\/wp-content\/uploads\/2025\/11\/FFSR-Supporters-de-Rugby-Boutique-4.jpg\" alt=\"\" class=\"wp-image-1709\" srcset=\"https:\/\/3w.ffsr.fr\/wp-content\/uploads\/2025\/11\/FFSR-Supporters-de-Rugby-Boutique-4.jpg 1080w, https:\/\/3w.ffsr.fr\/wp-content\/uploads\/2025\/11\/FFSR-Supporters-de-Rugby-Boutique-4-300x300.jpg 300w, https:\/\/3w.ffsr.fr\/wp-content\/uploads\/2025\/11\/FFSR-Supporters-de-Rugby-Boutique-4-1024x1024.jpg 1024w, https:\/\/3w.ffsr.fr\/wp-content\/uploads\/2025\/11\/FFSR-Supporters-de-Rugby-Boutique-4-150x150.jpg 150w, https:\/\/3w.ffsr.fr\/wp-content\/uploads\/2025\/11\/FFSR-Supporters-de-Rugby-Boutique-4-768x768.jpg 768w\" sizes=\"auto, (max-width: 1080px) 100vw, 1080px\" \/><\/figure>\n\n\n\n<div class=\"wp-block-group is-vertical is-layout-flex wp-container-core-group-is-layout-971a3e1f wp-block-group-is-layout-flex\" style=\"padding-top:var(--wp--preset--spacing--30)\">\n<h3 class=\"wp-block-heading\" style=\"padding-top:var(--wp--preset--spacing--20)\">Sac personnalis\u00e9<\/h3>\n\n\n\n<p class=\"has-accent-2-color has-text-color has-link-color has-medium-font-size wp-elements-caaf678bf8f69c5983ea778423b8275c\"><mark style=\"background-color:rgba(0, 0, 0, 0)\" class=\"has-inline-color has-accent-2-color\"><s>20 \u20ac<\/s> <\/mark><strong>14,99<\/strong><strong>\u20ac<\/strong><\/p>\n\n\n\n<div class=\"wp-block-buttons is-layout-flex wp-block-buttons-is-layout-flex\">\n<div class=\"wp-block-button\"><a class=\"wp-block-button__link has-accent-2-background-color has-background wp-element-button\" href=\"http:\/\/3w.ffsr.fr\/index.php\/espace-membres\/\"><strong>sHop<\/strong><\/a><\/div>\n<\/div>\n<\/div>\n\n\n\n<div style=\"height:40px\" aria-hidden=\"true\" class=\"wp-block-spacer\"><\/div>\n<\/div>\n<\/div>\n<\/div>\n\n\n\n<hr class=\"wp-block-separator has-alpha-channel-opacity\"\/>\n\n\n\n<div style=\"height:40px\" aria-hidden=\"true\" class=\"wp-block-spacer\"><\/div>\n\n\n\n<div class=\"wp-block-columns alignwide is-layout-flex wp-container-core-columns-is-layout-08a2a807 wp-block-columns-is-layout-flex\">\n<div class=\"wp-block-column is-vertically-aligned-center is-layout-flow wp-block-column-is-layout-flow\">\n<h2 class=\"wp-block-heading has-text-align-left has-text-color has-link-color has-xx-large-font-size wp-elements-f921095f2d4138e245af0eda0b182a36\" style=\"color:#913bc4\"><strong>LA CENTRALE D&rsquo;ACHATS FFSR<\/strong><\/h2>\n\n\n\n<ul style=\"margin-top:var(--wp--preset--spacing--40);margin-bottom:var(--wp--preset--spacing--40);padding-left:var(--wp--preset--spacing--30)\" class=\"wp-block-list is-style-checkmark-list\">\n<li class=\"has-accent-2-color has-text-color has-link-color has-medium-font-size wp-elements-56017de436dfb28fad7b26fbc7db339c\"><strong>PRIX DE GROS<\/strong><\/li>\n\n\n\n<li class=\"has-medium-font-size\">S\u00e9lection de fournisseurs et produits de qualit\u00e9, adapt\u00e9s \u00e0 vos achats r\u00e9currents et ponctuels<\/li>\n\n\n\n<li class=\"has-medium-font-size\">B\u00e9n\u00e9ficiez des&nbsp;prix les plus bas gr\u00e2ce \u00e0 nos accords volumes n\u00e9goci\u00e9s<\/li>\n\n\n\n<li class=\"has-medium-font-size\">S\u00e9curit\u00e9 &amp; normes europ\u00e9ennes garanties<\/li>\n<\/ul>\n<\/div>\n\n\n\n<div class=\"wp-block-column is-vertically-aligned-center is-layout-flow wp-block-column-is-layout-flow\">\n<figure class=\"wp-block-image size-full\"><img loading=\"lazy\" decoding=\"async\" width=\"1080\" height=\"1080\" src=\"http:\/\/3w.ffsr.fr\/wp-content\/uploads\/2025\/11\/FFSR-Supporters-de-Rugby-Boutique-La-Centrale-dAchats.jpg\" alt=\"\" class=\"wp-image-1808\" srcset=\"https:\/\/3w.ffsr.fr\/wp-content\/uploads\/2025\/11\/FFSR-Supporters-de-Rugby-Boutique-La-Centrale-dAchats.jpg 1080w, https:\/\/3w.ffsr.fr\/wp-content\/uploads\/2025\/11\/FFSR-Supporters-de-Rugby-Boutique-La-Centrale-dAchats-300x300.jpg 300w, https:\/\/3w.ffsr.fr\/wp-content\/uploads\/2025\/11\/FFSR-Supporters-de-Rugby-Boutique-La-Centrale-dAchats-1024x1024.jpg 1024w, https:\/\/3w.ffsr.fr\/wp-content\/uploads\/2025\/11\/FFSR-Supporters-de-Rugby-Boutique-La-Centrale-dAchats-150x150.jpg 150w, https:\/\/3w.ffsr.fr\/wp-content\/uploads\/2025\/11\/FFSR-Supporters-de-Rugby-Boutique-La-Centrale-dAchats-768x768.jpg 768w\" sizes=\"auto, (max-width: 1080px) 100vw, 1080px\" \/><\/figure>\n<\/div>\n<\/div>\n<\/div>\n\n\n\n<div class=\"wp-block-group alignfull has-global-padding is-layout-constrained wp-block-group-is-layout-constrained\" style=\"margin-top:0;margin-bottom:0;padding-top:0;padding-bottom:0\">\n<div class=\"wp-block-group alignwide is-layout-flow wp-block-group-is-layout-flow\">\n<h2 class=\"wp-block-heading has-text-color has-link-color has-xx-large-font-size wp-elements-257ffa6bdcce498ae722c8ae21e1becb\" style=\"color:#913bc4\"><strong>LE CATALOGUE<\/strong><\/h2>\n\n\n\n<div class=\"wp-block-group is-layout-flow wp-container-core-group-is-layout-167a4c50 wp-block-group-is-layout-flow\" style=\"margin-top:var(--wp--preset--spacing--40)\">\n<div class=\"wp-block-group is-content-justification-space-between is-layout-flex wp-container-core-group-is-layout-d241c71d wp-block-group-is-layout-flex\" style=\"padding-top:var(--wp--preset--spacing--40);padding-bottom:var(--wp--preset--spacing--40)\">\n<div class=\"wp-block-group has-global-padding is-layout-constrained wp-block-group-is-layout-constrained\">\n<h3 class=\"wp-block-heading has-text-color has-link-color has-x-large-font-size wp-elements-030a1781dfa8fe203b36236090f5c2b9\" style=\"color:#913bc4;text-transform:capitalize\"><strong><strong><strong>Agr\u00e8s<\/strong><\/strong><\/strong><\/h3>\n\n\n\n<p>Drapeaux, banderoles, tifos, \u00e9charpes, accessoires, &#8230;<\/p>\n<\/div>\n\n\n\n<div class=\"wp-block-group is-horizontal is-content-justification-right is-layout-flex wp-container-core-group-is-layout-95544169 wp-block-group-is-layout-flex\">\n<p class=\"has-accent-2-color has-text-color has-link-color wp-elements-5af7ccba9245e340cb786efc6ec37a58\">Bons Plans<\/p>\n<\/div>\n<\/div>\n\n\n\n<div class=\"wp-block-group is-content-justification-space-between is-layout-flex wp-container-core-group-is-layout-d241c71d wp-block-group-is-layout-flex\" style=\"border-top-color:var(--wp--preset--color--accent-6);border-top-width:1px;padding-top:var(--wp--preset--spacing--40);padding-bottom:var(--wp--preset--spacing--40)\">\n<div class=\"wp-block-group has-global-padding is-layout-constrained wp-block-group-is-layout-constrained\">\n<h3 class=\"wp-block-heading has-text-color has-link-color has-x-large-font-size wp-elements-95ebe3bf678c31bebed1272ebdf607db\" style=\"color:#913bc4;text-transform:capitalize\"><strong><strong>Mode &amp; <strong>E<\/strong>quipements<\/strong><\/strong><\/h3>\n\n\n\n<p>Maillots, T-shirts, crampons, shorts, chaussettes, mat\u00e9riel, &#8230;<\/p>\n<\/div>\n\n\n\n<div class=\"wp-block-group is-content-justification-space-between is-layout-flex wp-container-core-group-is-layout-08d6cc0e wp-block-group-is-layout-flex\">\n<p class=\"has-accent-2-color has-text-color has-link-color wp-elements-b234f5c0a077475fba6904882b460a25\" style=\"text-transform:capitalize\">Bons Plans<\/p>\n<\/div>\n<\/div>\n\n\n\n<div class=\"wp-block-group is-content-justification-space-between is-layout-flex wp-container-core-group-is-layout-d241c71d wp-block-group-is-layout-flex\" style=\"border-top-color:var(--wp--preset--color--accent-6);border-top-width:1px;padding-top:var(--wp--preset--spacing--40);padding-bottom:var(--wp--preset--spacing--40)\">\n<div class=\"wp-block-group has-global-padding is-layout-constrained wp-block-group-is-layout-constrained\">\n<h3 class=\"wp-block-heading has-text-color has-link-color has-x-large-font-size wp-elements-6933e396694477d9509c7f087d36feed\" style=\"color:#913bc4;text-transform:capitalize\"><strong><strong><strong><strong>Musique<\/strong><\/strong><\/strong><\/strong><\/h3>\n\n\n\n<p>Tambours, instruments, audio-vid\u00e9o, consommables, &#8230;<\/p>\n<\/div>\n\n\n\n<div class=\"wp-block-group is-content-justification-space-between is-layout-flex wp-container-core-group-is-layout-08d6cc0e wp-block-group-is-layout-flex\">\n<p class=\"has-accent-2-color has-text-color has-link-color wp-elements-b234f5c0a077475fba6904882b460a25\" style=\"text-transform:capitalize\">Bons Plans<\/p>\n<\/div>\n<\/div>\n\n\n\n<div class=\"wp-block-group is-content-justification-space-between is-layout-flex wp-container-core-group-is-layout-d241c71d wp-block-group-is-layout-flex\" style=\"border-top-color:var(--wp--preset--color--accent-6);border-top-width:1px;padding-top:var(--wp--preset--spacing--40);padding-bottom:var(--wp--preset--spacing--40)\">\n<div class=\"wp-block-group has-global-padding is-layout-constrained wp-block-group-is-layout-constrained\">\n<h3 class=\"wp-block-heading has-text-color has-link-color has-x-large-font-size wp-elements-8c2f31a18d39f93d0bc997a9f93942c6\" style=\"color:#913bc4;text-transform:capitalize\"><strong><strong><strong><strong>Imprimerie<\/strong><\/strong><\/strong><\/strong><\/h3>\n\n\n\n<p>Cartes de visite, flyers, affiches, brochures, autocollants, &#8230;<\/p>\n<\/div>\n\n\n\n<div class=\"wp-block-group is-content-justification-space-between is-layout-flex wp-container-core-group-is-layout-08d6cc0e wp-block-group-is-layout-flex\">\n<p class=\"has-accent-2-color has-text-color has-link-color wp-elements-b234f5c0a077475fba6904882b460a25\" style=\"text-transform:capitalize\">Bons Plans<\/p>\n<\/div>\n<\/div>\n\n\n\n<div class=\"wp-block-group is-content-justification-space-between is-layout-flex wp-container-core-group-is-layout-d241c71d wp-block-group-is-layout-flex\" style=\"border-top-color:var(--wp--preset--color--accent-6);border-top-width:1px;padding-top:var(--wp--preset--spacing--40);padding-bottom:var(--wp--preset--spacing--40)\">\n<div class=\"wp-block-group has-global-padding is-layout-constrained wp-block-group-is-layout-constrained\">\n<h3 class=\"wp-block-heading has-text-color has-link-color has-x-large-font-size wp-elements-783dcb0f20e06b775b04ef230ae2ac0a\" style=\"color:#913bc4;text-transform:capitalize\"><b><strong><strong><strong>Voyages &amp; Loisirs<\/strong><\/strong><\/strong><\/b><\/h3>\n\n\n\n<p>Matchs \u00e0 l&rsquo;\u00e9tranger, vacances, week-ends, spectacles, &#8230;<\/p>\n<\/div>\n\n\n\n<div class=\"wp-block-group is-content-justification-space-between is-layout-flex wp-container-core-group-is-layout-08d6cc0e wp-block-group-is-layout-flex\">\n<p class=\"has-accent-2-color has-text-color has-link-color wp-elements-b234f5c0a077475fba6904882b460a25\" style=\"text-transform:capitalize\">Bons Plans<\/p>\n<\/div>\n<\/div>\n\n\n\n<div class=\"wp-block-group is-content-justification-space-between is-layout-flex wp-container-core-group-is-layout-d241c71d wp-block-group-is-layout-flex\" style=\"border-top-color:var(--wp--preset--color--accent-6);border-top-width:1px;padding-top:var(--wp--preset--spacing--40);padding-bottom:var(--wp--preset--spacing--40)\">\n<div class=\"wp-block-group has-global-padding is-layout-constrained wp-block-group-is-layout-constrained\">\n<h3 class=\"wp-block-heading has-text-color has-link-color has-x-large-font-size wp-elements-6fb09205a2c1ca5c08bd408148e0fd37\" style=\"color:#913bc4;text-transform:capitalize\"><strong><strong><strong><strong>Conso &amp; Cadeaux<\/strong><\/strong><\/strong><\/strong><\/h3>\n\n\n\n<p>Vins, parfumerie, surprises, &#8230;<\/p>\n<\/div>\n\n\n\n<div class=\"wp-block-group is-content-justification-space-between is-layout-flex wp-container-core-group-is-layout-08d6cc0e wp-block-group-is-layout-flex\">\n<p class=\"has-accent-2-color has-text-color has-link-color wp-elements-b234f5c0a077475fba6904882b460a25\" style=\"text-transform:capitalize\">Bons Plans<\/p>\n<\/div>\n<\/div>\n\n\n\n<div class=\"wp-block-group is-content-justification-space-between is-layout-flex wp-container-core-group-is-layout-d241c71d wp-block-group-is-layout-flex\" style=\"border-top-color:var(--wp--preset--color--accent-6);border-top-width:1px;padding-top:var(--wp--preset--spacing--40);padding-bottom:var(--wp--preset--spacing--40)\">\n<div class=\"wp-block-group has-global-padding is-layout-constrained wp-block-group-is-layout-constrained\">\n<h3 class=\"wp-block-heading has-text-color has-link-color has-x-large-font-size wp-elements-71988c81ccc7427e9dae2f0afcf0631b\" style=\"color:#913bc4;text-transform:capitalize\"><strong><strong><strong>Nutrition<\/strong><\/strong><\/strong><\/h3>\n\n\n\n<p>Compl\u00e9ments alimentaires, gamme sport &amp; sant\u00e9, &#8230;<\/p>\n<\/div>\n\n\n\n<div class=\"wp-block-group is-content-justification-right is-layout-flex wp-container-core-group-is-layout-742d6668 wp-block-group-is-layout-flex\">\n<p class=\"has-accent-2-color has-text-color has-link-color wp-elements-b234f5c0a077475fba6904882b460a25\" style=\"text-transform:capitalize\">Bons Plans<\/p>\n<\/div>\n<\/div>\n<\/div>\n<\/div>\n<\/div>\n\n\n\n<div style=\"height:40px\" aria-hidden=\"true\" class=\"wp-block-spacer\"><\/div>\n\n\n\n<div class=\"wp-block-group alignfull has-global-padding is-layout-constrained wp-container-core-group-is-layout-0c9c989a wp-block-group-is-layout-constrained\" style=\"min-height:0vh;margin-top:0;margin-bottom:0;padding-top:var(--wp--preset--spacing--70);padding-right:var(--wp--preset--spacing--40);padding-bottom:var(--wp--preset--spacing--70);padding-left:var(--wp--preset--spacing--40)\">\n<div class=\"wp-block-group has-global-padding is-layout-constrained wp-container-core-group-is-layout-346627ba wp-block-group-is-layout-constrained\">\n<h2 class=\"wp-block-heading has-text-align-center has-text-color has-link-color has-xx-large-font-size wp-elements-81c73dbb1a290f393335302a6205b565\" style=\"color:#913bc4;margin-right:0;margin-left:0;padding-right:0;padding-left:0\"><strong>LIEN VERS LA CENTRALE<\/strong><\/h2>\n\n\n\n<p class=\"has-text-align-center\">La centrale est h\u00e9berg\u00e9e sur un second espace FFSR distinct. En cliquant sur le lien suivant, vous allez ouvrir une nouvelle page internet (ou onglet) pour acc\u00e9der \u00e0 ce 2\u00e8me espace FFSR, 100% d\u00e9di\u00e9 &amp; s\u00e9curis\u00e9.<\/p>\n\n\n\n<div class=\"wp-block-buttons is-content-justification-center is-layout-flex wp-container-core-buttons-is-layout-a89b3969 wp-block-buttons-is-layout-flex\">\n<div class=\"wp-block-button\"><a class=\"wp-block-button__link has-background wp-element-button\" href=\"https:\/\/centrale.ffsr.fr\/\" style=\"background-color:#913bc4\" target=\"_blank\" rel=\"noreferrer noopener\"><strong>Acc\u00e9der<\/strong><\/a><\/div>\n<\/div>\n<\/div>\n<\/div>\n\n\n\n<div style=\"height:30px\" aria-hidden=\"true\" class=\"wp-block-spacer\"><\/div>\n","protected":false},"excerpt":{"rendered":"<p>LE SHOP FFSR Mug personnalis\u00e9 15 \u20ac 9,99\u20ac Porte-clef personnalis\u00e9 10 \u20ac 6,99\u20ac Sac personnalis\u00e9 20 \u20ac 14,99\u20ac LA CENTRALE D&rsquo;ACHATS FFSR LE CATALOGUE Agr\u00e8s Drapeaux, banderoles, tifos, \u00e9charpes, accessoires, &#8230; Bons Plans Mode &amp; Equipements Maillots, T-shirts, crampons, shorts, chaussettes, mat\u00e9riel, &#8230; Bons Plans Musique Tambours, instruments, audio-vid\u00e9o, consommables, &#8230; Bons Plans Imprimerie Cartes [&hellip;]<\/p>\n","protected":false},"author":1,"featured_media":0,"parent":0,"menu_order":0,"comment_status":"closed","ping_status":"closed","template":"","meta":{"h5ap_radio_sources":[],"footnotes":""},"class_list":["post-406","page","type-page","status-publish","hentry"],"jetpack_sharing_enabled":true,"_links":{"self":[{"href":"https:\/\/3w.ffsr.fr\/index.php\/wp-json\/wp\/v2\/pages\/406","targetHints":{"allow":["GET"]}}],"collection":[{"href":"https:\/\/3w.ffsr.fr\/index.php\/wp-json\/wp\/v2\/pages"}],"about":[{"href":"https:\/\/3w.ffsr.fr\/index.php\/wp-json\/wp\/v2\/types\/page"}],"author":[{"embeddable":true,"href":"https:\/\/3w.ffsr.fr\/index.php\/wp-json\/wp\/v2\/users\/1"}],"replies":[{"embeddable":true,"href":"https:\/\/3w.ffsr.fr\/index.php\/wp-json\/wp\/v2\/comments?post=406"}],"version-history":[{"count":60,"href":"https:\/\/3w.ffsr.fr\/index.php\/wp-json\/wp\/v2\/pages\/406\/revisions"}],"predecessor-version":[{"id":1856,"href":"https:\/\/3w.ffsr.fr\/index.php\/wp-json\/wp\/v2\/pages\/406\/revisions\/1856"}],"wp:attachment":[{"href":"https:\/\/3w.ffsr.fr\/index.php\/wp-json\/wp\/v2\/media?parent=406"}],"curies":[{"name":"wp","href":"https:\/\/api.w.org\/{rel}","templated":true}]}}