{"id":404,"date":"2025-10-28T10:50:59","date_gmt":"2025-10-28T10:50:59","guid":{"rendered":"http:\/\/3w.ffsr.fr\/?page_id=404"},"modified":"2025-11-06T08:15:58","modified_gmt":"2025-11-06T08:15:58","slug":"travaux","status":"publish","type":"page","link":"https:\/\/3w.ffsr.fr\/index.php\/travaux\/","title":{"rendered":"Travaux"},"content":{"rendered":"\n<div class=\"wp-block-group alignfull has-global-padding is-layout-constrained wp-container-core-group-is-layout-43965c52 wp-block-group-is-layout-constrained\" style=\"margin-top:0;margin-bottom:0;padding-top:var(--wp--preset--spacing--20);padding-bottom:var(--wp--preset--spacing--20)\">\n<div class=\"wp-block-group alignwide has-global-padding is-content-justification-left is-layout-constrained wp-container-core-group-is-layout-12dd3699 wp-block-group-is-layout-constrained\">\n<h2 class=\"wp-block-heading has-accent-1-color has-text-color has-link-color has-xx-large-font-size wp-elements-e3d114b053998270bd43be16de8696d5\"><strong>TRAVAUX EXTERNES<\/strong><\/h2>\n\n\n\n<p>Nos engagements avec les institutions &amp; partenaires<\/p>\n<\/div>\n\n\n\n<div class=\"wp-block-columns alignwide is-layout-flex wp-container-core-columns-is-layout-cdebebb7 wp-block-columns-is-layout-flex\" style=\"padding-top:0;padding-bottom:0\">\n<div class=\"wp-block-column is-layout-flow wp-container-core-column-is-layout-8ad66c59 wp-block-column-is-layout-flow\" style=\"padding-top:var(--wp--preset--spacing--70)\">\n<figure class=\"wp-block-image size-full is-resized\"><img loading=\"lazy\" decoding=\"async\" width=\"540\" height=\"540\" src=\"http:\/\/3w.ffsr.fr\/wp-content\/uploads\/2025\/11\/FFSR-Supporters-Rugby-Travaux-Externes-FFR.jpg\" alt=\"\" class=\"wp-image-1836\" style=\"aspect-ratio:1;object-fit:cover;width:200px\" srcset=\"https:\/\/3w.ffsr.fr\/wp-content\/uploads\/2025\/11\/FFSR-Supporters-Rugby-Travaux-Externes-FFR.jpg 540w, https:\/\/3w.ffsr.fr\/wp-content\/uploads\/2025\/11\/FFSR-Supporters-Rugby-Travaux-Externes-FFR-300x300.jpg 300w, https:\/\/3w.ffsr.fr\/wp-content\/uploads\/2025\/11\/FFSR-Supporters-Rugby-Travaux-Externes-FFR-150x150.jpg 150w\" sizes=\"auto, (max-width: 540px) 100vw, 540px\" \/><\/figure>\n\n\n\n<div class=\"wp-block-group is-vertical is-layout-flex wp-container-core-group-is-layout-971a3e1f wp-block-group-is-layout-flex\" style=\"padding-top:var(--wp--preset--spacing--30)\">\n<h3 class=\"wp-block-heading\" style=\"padding-top:var(--wp--preset--spacing--20)\">Repr\u00e9sentation \u00e0  la FFR pour le d\u00e9veloppement des relations avec les clubs<\/h3>\n\n\n\n<p class=\"has-accent-4-color has-text-color has-link-color has-medium-font-size wp-elements-23bbcba2abd6ba0f32a4bac1a7277b6a\">FFSR x FFR<\/p>\n<\/div>\n<\/div>\n\n\n\n<div class=\"wp-block-column is-layout-flow wp-container-core-column-is-layout-8ad66c59 wp-block-column-is-layout-flow\" style=\"padding-top:var(--wp--preset--spacing--70)\">\n<figure class=\"wp-block-image size-full is-resized\"><img loading=\"lazy\" decoding=\"async\" width=\"540\" height=\"540\" src=\"http:\/\/3w.ffsr.fr\/wp-content\/uploads\/2025\/11\/FFSR-Supporters-de-Rugby-Travaux-Externes-LNR.jpg\" alt=\"\" class=\"wp-image-1837\" style=\"aspect-ratio:1;object-fit:cover;width:200px\" srcset=\"https:\/\/3w.ffsr.fr\/wp-content\/uploads\/2025\/11\/FFSR-Supporters-de-Rugby-Travaux-Externes-LNR.jpg 540w, https:\/\/3w.ffsr.fr\/wp-content\/uploads\/2025\/11\/FFSR-Supporters-de-Rugby-Travaux-Externes-LNR-300x300.jpg 300w, https:\/\/3w.ffsr.fr\/wp-content\/uploads\/2025\/11\/FFSR-Supporters-de-Rugby-Travaux-Externes-LNR-150x150.jpg 150w\" sizes=\"auto, (max-width: 540px) 100vw, 540px\" \/><\/figure>\n\n\n\n<div class=\"wp-block-group is-vertical is-layout-flex wp-container-core-group-is-layout-971a3e1f wp-block-group-is-layout-flex\" style=\"padding-top:var(--wp--preset--spacing--30)\">\n<h3 class=\"wp-block-heading\" style=\"padding-top:var(--wp--preset--spacing--20)\">Participation \u00e0 la commission Impact et Engagement de la Ligue Nationale de Rugby<\/h3>\n\n\n\n<p class=\"has-accent-4-color has-text-color has-link-color has-medium-font-size wp-elements-d27cec70ed1057b90cce8456c1daf94c\">FFSR x LNR<\/p>\n<\/div>\n<\/div>\n\n\n\n<div class=\"wp-block-column is-layout-flow wp-container-core-column-is-layout-8ad66c59 wp-block-column-is-layout-flow\" style=\"padding-top:var(--wp--preset--spacing--70)\">\n<figure class=\"wp-block-image size-full is-resized\"><img loading=\"lazy\" decoding=\"async\" width=\"540\" height=\"540\" src=\"http:\/\/3w.ffsr.fr\/wp-content\/uploads\/2025\/11\/FFSR-Supporters-Rugby-Travaux-Externes-INS.jpg\" alt=\"\" class=\"wp-image-1838\" style=\"aspect-ratio:1;object-fit:cover;width:200px\" srcset=\"https:\/\/3w.ffsr.fr\/wp-content\/uploads\/2025\/11\/FFSR-Supporters-Rugby-Travaux-Externes-INS.jpg 540w, https:\/\/3w.ffsr.fr\/wp-content\/uploads\/2025\/11\/FFSR-Supporters-Rugby-Travaux-Externes-INS-300x300.jpg 300w, https:\/\/3w.ffsr.fr\/wp-content\/uploads\/2025\/11\/FFSR-Supporters-Rugby-Travaux-Externes-INS-150x150.jpg 150w\" sizes=\"auto, (max-width: 540px) 100vw, 540px\" \/><\/figure>\n\n\n\n<div class=\"wp-block-group is-vertical is-layout-flex wp-container-core-group-is-layout-971a3e1f wp-block-group-is-layout-flex\" style=\"padding-top:var(--wp--preset--spacing--30)\">\n<h3 class=\"wp-block-heading\" style=\"padding-top:var(--wp--preset--spacing--20)\">Repr\u00e9sentation des supporters de rugby \u00e0 L\u2019INS (Instance Nationale du Support\u00e9risme)<\/h3>\n\n\n\n<p class=\"has-accent-4-color has-text-color has-link-color has-medium-font-size wp-elements-bb3eba0a371eaa96e3824c03f948322d\">FFSR x INS<\/p>\n<\/div>\n<\/div>\n<\/div>\n<\/div>\n\n\n\n<div class=\"wp-block-group alignfull has-global-padding is-layout-constrained wp-container-core-group-is-layout-190373c5 wp-block-group-is-layout-constrained\" style=\"margin-top:0;margin-bottom:0;padding-top:var(--wp--preset--spacing--50);padding-bottom:var(--wp--preset--spacing--50)\">\n<div class=\"wp-block-group alignwide has-global-padding is-content-justification-left is-layout-constrained wp-container-core-group-is-layout-12dd3699 wp-block-group-is-layout-constrained\">\n<h2 class=\"wp-block-heading has-accent-1-color has-text-color has-link-color has-xx-large-font-size wp-elements-974bfa14b94d1dfe195197c0c005a19e\"><strong>TRAVAUX INTERNES<\/strong><\/h2>\n\n\n\n<p>Nos Groupes de Travail FFSR<\/p>\n<\/div>\n\n\n\n<div class=\"wp-block-columns alignwide is-layout-flex wp-container-core-columns-is-layout-cdebebb7 wp-block-columns-is-layout-flex\" style=\"padding-top:0;padding-bottom:0\">\n<div class=\"wp-block-column is-layout-flow wp-container-core-column-is-layout-8ad66c59 wp-block-column-is-layout-flow\" style=\"padding-top:var(--wp--preset--spacing--70)\">\n<figure class=\"wp-block-image size-full is-resized\"><img loading=\"lazy\" decoding=\"async\" width=\"540\" height=\"540\" src=\"http:\/\/3w.ffsr.fr\/wp-content\/uploads\/2025\/11\/FFSR-GT-Handicap-Supporters-de-Rugby.jpg\" alt=\"\" class=\"wp-image-1839\" style=\"aspect-ratio:1;object-fit:cover;width:200px\" srcset=\"https:\/\/3w.ffsr.fr\/wp-content\/uploads\/2025\/11\/FFSR-GT-Handicap-Supporters-de-Rugby.jpg 540w, https:\/\/3w.ffsr.fr\/wp-content\/uploads\/2025\/11\/FFSR-GT-Handicap-Supporters-de-Rugby-300x300.jpg 300w, https:\/\/3w.ffsr.fr\/wp-content\/uploads\/2025\/11\/FFSR-GT-Handicap-Supporters-de-Rugby-150x150.jpg 150w\" sizes=\"auto, (max-width: 540px) 100vw, 540px\" \/><\/figure>\n\n\n\n<div class=\"wp-block-group is-vertical is-layout-flex wp-container-core-group-is-layout-971a3e1f wp-block-group-is-layout-flex\" style=\"padding-top:var(--wp--preset--spacing--30)\">\n<h3 class=\"wp-block-heading\" style=\"padding-top:var(--wp--preset--spacing--20)\">Groupe de Travail Handicap &amp; Accessibilit\u00e9<\/h3>\n\n\n\n<p class=\"has-accent-4-color has-text-color has-link-color has-medium-font-size wp-elements-570a8f352a83722679c44b6ad50deea8\">FFSR 100%<\/p>\n<\/div>\n<\/div>\n\n\n\n<div class=\"wp-block-column is-layout-flow wp-container-core-column-is-layout-8ad66c59 wp-block-column-is-layout-flow\" style=\"padding-top:var(--wp--preset--spacing--70)\">\n<figure class=\"wp-block-image size-full is-resized\"><img loading=\"lazy\" decoding=\"async\" width=\"540\" height=\"540\" src=\"http:\/\/3w.ffsr.fr\/wp-content\/uploads\/2025\/11\/FFSR-GT-Incivilites-Inclusion-Supporters-de-Rugby.jpg\" alt=\"\" class=\"wp-image-1840\" style=\"aspect-ratio:1;object-fit:cover;width:200px\" srcset=\"https:\/\/3w.ffsr.fr\/wp-content\/uploads\/2025\/11\/FFSR-GT-Incivilites-Inclusion-Supporters-de-Rugby.jpg 540w, https:\/\/3w.ffsr.fr\/wp-content\/uploads\/2025\/11\/FFSR-GT-Incivilites-Inclusion-Supporters-de-Rugby-300x300.jpg 300w, https:\/\/3w.ffsr.fr\/wp-content\/uploads\/2025\/11\/FFSR-GT-Incivilites-Inclusion-Supporters-de-Rugby-150x150.jpg 150w\" sizes=\"auto, (max-width: 540px) 100vw, 540px\" \/><\/figure>\n\n\n\n<div class=\"wp-block-group is-vertical is-layout-flex wp-container-core-group-is-layout-971a3e1f wp-block-group-is-layout-flex\" style=\"padding-top:var(--wp--preset--spacing--30)\">\n<h3 class=\"wp-block-heading\" style=\"padding-top:var(--wp--preset--spacing--20)\">Groupe de Travail Incivilit\u00e9s &amp; Inclusion<\/h3>\n\n\n\n<p class=\"has-accent-4-color has-text-color has-link-color has-medium-font-size wp-elements-570a8f352a83722679c44b6ad50deea8\">FFSR 100%<\/p>\n<\/div>\n<\/div>\n\n\n\n<div class=\"wp-block-column is-layout-flow wp-container-core-column-is-layout-8ad66c59 wp-block-column-is-layout-flow\" style=\"padding-top:var(--wp--preset--spacing--70)\">\n<figure class=\"wp-block-image size-full is-resized\"><img loading=\"lazy\" decoding=\"async\" width=\"540\" height=\"540\" src=\"http:\/\/3w.ffsr.fr\/wp-content\/uploads\/2025\/11\/FFSR-GT-Accueil-Supporters-de-Rugby.jpg\" alt=\"\" class=\"wp-image-1841\" style=\"aspect-ratio:1;object-fit:cover;width:200px\" srcset=\"https:\/\/3w.ffsr.fr\/wp-content\/uploads\/2025\/11\/FFSR-GT-Accueil-Supporters-de-Rugby.jpg 540w, https:\/\/3w.ffsr.fr\/wp-content\/uploads\/2025\/11\/FFSR-GT-Accueil-Supporters-de-Rugby-300x300.jpg 300w, https:\/\/3w.ffsr.fr\/wp-content\/uploads\/2025\/11\/FFSR-GT-Accueil-Supporters-de-Rugby-150x150.jpg 150w\" sizes=\"auto, (max-width: 540px) 100vw, 540px\" \/><\/figure>\n\n\n\n<div class=\"wp-block-group is-vertical is-layout-flex wp-container-core-group-is-layout-971a3e1f wp-block-group-is-layout-flex\" style=\"padding-top:var(--wp--preset--spacing--30)\">\n<h3 class=\"wp-block-heading\" style=\"padding-top:var(--wp--preset--spacing--20)\">Groupe de Travail Accueil &amp; Hospitalit\u00e9s<\/h3>\n\n\n\n<p class=\"has-accent-4-color has-text-color has-link-color has-medium-font-size wp-elements-570a8f352a83722679c44b6ad50deea8\">FFSR 100%<\/p>\n<\/div>\n<\/div>\n<\/div>\n\n\n\n<div class=\"wp-block-columns alignwide is-layout-flex wp-container-core-columns-is-layout-cdebebb7 wp-block-columns-is-layout-flex\" style=\"padding-top:0;padding-bottom:0\">\n<div class=\"wp-block-column is-layout-flow wp-container-core-column-is-layout-8ad66c59 wp-block-column-is-layout-flow\" style=\"padding-top:var(--wp--preset--spacing--70)\">\n<figure class=\"wp-block-image size-full is-resized\"><img loading=\"lazy\" decoding=\"async\" width=\"540\" height=\"540\" src=\"http:\/\/3w.ffsr.fr\/wp-content\/uploads\/2025\/11\/FFSR-GT-Label-Supporters-de-Rugby.jpg\" alt=\"\" class=\"wp-image-1843\" style=\"aspect-ratio:1;object-fit:cover;width:200px\" srcset=\"https:\/\/3w.ffsr.fr\/wp-content\/uploads\/2025\/11\/FFSR-GT-Label-Supporters-de-Rugby.jpg 540w, https:\/\/3w.ffsr.fr\/wp-content\/uploads\/2025\/11\/FFSR-GT-Label-Supporters-de-Rugby-300x300.jpg 300w, https:\/\/3w.ffsr.fr\/wp-content\/uploads\/2025\/11\/FFSR-GT-Label-Supporters-de-Rugby-150x150.jpg 150w\" sizes=\"auto, (max-width: 540px) 100vw, 540px\" \/><\/figure>\n\n\n\n<div class=\"wp-block-group is-vertical is-layout-flex wp-container-core-group-is-layout-971a3e1f wp-block-group-is-layout-flex\" style=\"padding-top:var(--wp--preset--spacing--30)\">\n<h3 class=\"wp-block-heading\" style=\"padding-top:var(--wp--preset--spacing--20)\">Groupe de Travail Label Supporters de Rugby<\/h3>\n\n\n\n<p class=\"has-accent-4-color has-text-color has-link-color has-medium-font-size wp-elements-570a8f352a83722679c44b6ad50deea8\">FFSR 100%<\/p>\n<\/div>\n<\/div>\n\n\n\n<div class=\"wp-block-column is-layout-flow wp-container-core-column-is-layout-8ad66c59 wp-block-column-is-layout-flow\" style=\"padding-top:var(--wp--preset--spacing--70)\">\n<figure class=\"wp-block-image size-full is-resized\"><img loading=\"lazy\" decoding=\"async\" width=\"540\" height=\"540\" src=\"http:\/\/3w.ffsr.fr\/wp-content\/uploads\/2025\/11\/FFSR-GT-Charte-Supporters-de-Rugby.jpg\" alt=\"\" class=\"wp-image-1844\" style=\"aspect-ratio:1;object-fit:cover;width:200px\" srcset=\"https:\/\/3w.ffsr.fr\/wp-content\/uploads\/2025\/11\/FFSR-GT-Charte-Supporters-de-Rugby.jpg 540w, https:\/\/3w.ffsr.fr\/wp-content\/uploads\/2025\/11\/FFSR-GT-Charte-Supporters-de-Rugby-300x300.jpg 300w, https:\/\/3w.ffsr.fr\/wp-content\/uploads\/2025\/11\/FFSR-GT-Charte-Supporters-de-Rugby-150x150.jpg 150w\" sizes=\"auto, (max-width: 540px) 100vw, 540px\" \/><\/figure>\n\n\n\n<div class=\"wp-block-group is-vertical is-layout-flex wp-container-core-group-is-layout-971a3e1f wp-block-group-is-layout-flex\" style=\"padding-top:var(--wp--preset--spacing--30)\">\n<h3 class=\"wp-block-heading\" style=\"padding-top:var(--wp--preset--spacing--20)\">Groupe de Travail Charte des Supporters<\/h3>\n\n\n\n<p class=\"has-accent-4-color has-text-color has-link-color has-medium-font-size wp-elements-570a8f352a83722679c44b6ad50deea8\">FFSR 100%<\/p>\n<\/div>\n<\/div>\n\n\n\n<div class=\"wp-block-column is-layout-flow wp-container-core-column-is-layout-8ad66c59 wp-block-column-is-layout-flow\" style=\"padding-top:var(--wp--preset--spacing--70)\">\n<figure class=\"wp-block-image size-full is-resized\"><img loading=\"lazy\" decoding=\"async\" width=\"540\" height=\"540\" src=\"http:\/\/3w.ffsr.fr\/wp-content\/uploads\/2025\/11\/FFSR-GT-Developpement-Supporters-de-Rugby.jpg\" alt=\"\" class=\"wp-image-1845\" style=\"aspect-ratio:1;object-fit:cover;width:200px\" srcset=\"https:\/\/3w.ffsr.fr\/wp-content\/uploads\/2025\/11\/FFSR-GT-Developpement-Supporters-de-Rugby.jpg 540w, https:\/\/3w.ffsr.fr\/wp-content\/uploads\/2025\/11\/FFSR-GT-Developpement-Supporters-de-Rugby-300x300.jpg 300w, https:\/\/3w.ffsr.fr\/wp-content\/uploads\/2025\/11\/FFSR-GT-Developpement-Supporters-de-Rugby-150x150.jpg 150w\" sizes=\"auto, (max-width: 540px) 100vw, 540px\" \/><\/figure>\n\n\n\n<div class=\"wp-block-group is-vertical is-layout-flex wp-container-core-group-is-layout-971a3e1f wp-block-group-is-layout-flex\" style=\"padding-top:var(--wp--preset--spacing--30)\">\n<h3 class=\"wp-block-heading\" style=\"padding-top:var(--wp--preset--spacing--20)\">Groupe de Travail D\u00e9veloppement &amp; RSE<\/h3>\n\n\n\n<p class=\"has-accent-4-color has-text-color has-link-color has-medium-font-size wp-elements-570a8f352a83722679c44b6ad50deea8\">FFSR 100%<\/p>\n<\/div>\n<\/div>\n<\/div>\n\n\n\n<div class=\"wp-block-columns alignwide is-layout-flex wp-container-core-columns-is-layout-cdebebb7 wp-block-columns-is-layout-flex\" style=\"padding-top:0;padding-bottom:0\">\n<div class=\"wp-block-column is-layout-flow wp-container-core-column-is-layout-8ad66c59 wp-block-column-is-layout-flow\" style=\"padding-top:var(--wp--preset--spacing--70)\">\n<figure class=\"wp-block-image size-full is-resized\"><img loading=\"lazy\" decoding=\"async\" width=\"540\" height=\"540\" src=\"http:\/\/3w.ffsr.fr\/wp-content\/uploads\/2025\/11\/FFSR-GT-Declarations-Supporters-de-Rugby.jpg\" alt=\"\" class=\"wp-image-1846\" style=\"aspect-ratio:1;object-fit:cover;width:200px\" srcset=\"https:\/\/3w.ffsr.fr\/wp-content\/uploads\/2025\/11\/FFSR-GT-Declarations-Supporters-de-Rugby.jpg 540w, https:\/\/3w.ffsr.fr\/wp-content\/uploads\/2025\/11\/FFSR-GT-Declarations-Supporters-de-Rugby-300x300.jpg 300w, https:\/\/3w.ffsr.fr\/wp-content\/uploads\/2025\/11\/FFSR-GT-Declarations-Supporters-de-Rugby-150x150.jpg 150w\" sizes=\"auto, (max-width: 540px) 100vw, 540px\" \/><\/figure>\n\n\n\n<div class=\"wp-block-group is-vertical is-layout-flex wp-container-core-group-is-layout-971a3e1f wp-block-group-is-layout-flex\" style=\"padding-top:var(--wp--preset--spacing--30)\">\n<h3 class=\"wp-block-heading\" style=\"padding-top:var(--wp--preset--spacing--20)\">Groupe de Travail D\u00e9clarations &amp; Proc\u00e9dures<\/h3>\n\n\n\n<p class=\"has-accent-4-color has-text-color has-link-color has-medium-font-size wp-elements-570a8f352a83722679c44b6ad50deea8\">FFSR 100%<\/p>\n<\/div>\n<\/div>\n\n\n\n<div class=\"wp-block-column is-layout-flow wp-container-core-column-is-layout-8ad66c59 wp-block-column-is-layout-flow\" style=\"padding-top:var(--wp--preset--spacing--70)\">\n<figure class=\"wp-block-image size-full is-resized\"><img loading=\"lazy\" decoding=\"async\" width=\"540\" height=\"540\" src=\"http:\/\/3w.ffsr.fr\/wp-content\/uploads\/2025\/11\/FFSR-GT-Tifos-Supporters-de-Rugby.jpg\" alt=\"\" class=\"wp-image-1847\" style=\"aspect-ratio:1;object-fit:cover;width:200px\" srcset=\"https:\/\/3w.ffsr.fr\/wp-content\/uploads\/2025\/11\/FFSR-GT-Tifos-Supporters-de-Rugby.jpg 540w, https:\/\/3w.ffsr.fr\/wp-content\/uploads\/2025\/11\/FFSR-GT-Tifos-Supporters-de-Rugby-300x300.jpg 300w, https:\/\/3w.ffsr.fr\/wp-content\/uploads\/2025\/11\/FFSR-GT-Tifos-Supporters-de-Rugby-150x150.jpg 150w\" sizes=\"auto, (max-width: 540px) 100vw, 540px\" \/><\/figure>\n\n\n\n<div class=\"wp-block-group is-vertical is-layout-flex wp-container-core-group-is-layout-971a3e1f wp-block-group-is-layout-flex\" style=\"padding-top:var(--wp--preset--spacing--30)\">\n<h3 class=\"wp-block-heading\" style=\"padding-top:var(--wp--preset--spacing--20)\">Groupe de Travail Elaboration de Tifos Eco-responsables<\/h3>\n\n\n\n<p class=\"has-accent-4-color has-text-color has-link-color has-medium-font-size wp-elements-570a8f352a83722679c44b6ad50deea8\">FFSR 100%<\/p>\n<\/div>\n<\/div>\n\n\n\n<div class=\"wp-block-column is-layout-flow wp-container-core-column-is-layout-8ad66c59 wp-block-column-is-layout-flow\" style=\"padding-top:var(--wp--preset--spacing--70)\">\n<figure class=\"wp-block-image size-full is-resized\"><img loading=\"lazy\" decoding=\"async\" width=\"540\" height=\"540\" src=\"http:\/\/3w.ffsr.fr\/wp-content\/uploads\/2025\/11\/FFSR-Supporters-de-Rugby-Groupes-de-Travail.jpg\" alt=\"\" class=\"wp-image-1848\" style=\"aspect-ratio:1;object-fit:cover;width:200px\" srcset=\"https:\/\/3w.ffsr.fr\/wp-content\/uploads\/2025\/11\/FFSR-Supporters-de-Rugby-Groupes-de-Travail.jpg 540w, https:\/\/3w.ffsr.fr\/wp-content\/uploads\/2025\/11\/FFSR-Supporters-de-Rugby-Groupes-de-Travail-300x300.jpg 300w, https:\/\/3w.ffsr.fr\/wp-content\/uploads\/2025\/11\/FFSR-Supporters-de-Rugby-Groupes-de-Travail-150x150.jpg 150w\" sizes=\"auto, (max-width: 540px) 100vw, 540px\" \/><\/figure>\n\n\n\n<div class=\"wp-block-group is-vertical is-layout-flex wp-container-core-group-is-layout-971a3e1f wp-block-group-is-layout-flex\" style=\"padding-top:var(--wp--preset--spacing--30)\">\n<h3 class=\"wp-block-heading\" style=\"padding-top:var(--wp--preset--spacing--20)\">&#8230; et autres projets collaboratifs pour faire entendre notre voix!<\/h3>\n\n\n\n<p class=\"has-accent-4-color has-text-color has-link-color has-medium-font-size wp-elements-570a8f352a83722679c44b6ad50deea8\">FFSR 100%<\/p>\n<\/div>\n<\/div>\n<\/div>\n<\/div>\n\n\n\n<div style=\"height:50px\" aria-hidden=\"true\" class=\"wp-block-spacer\"><\/div>\n","protected":false},"excerpt":{"rendered":"<p>TRAVAUX EXTERNES Nos engagements avec les institutions &amp; partenaires Repr\u00e9sentation \u00e0 la FFR pour le d\u00e9veloppement des relations avec les clubs FFSR x FFR Participation \u00e0 la commission Impact et Engagement de la Ligue Nationale de Rugby FFSR x LNR Repr\u00e9sentation des supporters de rugby \u00e0 L\u2019INS (Instance Nationale du Support\u00e9risme) FFSR x INS TRAVAUX [&hellip;]<\/p>\n","protected":false},"author":1,"featured_media":0,"parent":0,"menu_order":0,"comment_status":"closed","ping_status":"closed","template":"","meta":{"h5ap_radio_sources":[],"footnotes":""},"class_list":["post-404","page","type-page","status-publish","hentry"],"jetpack_sharing_enabled":true,"_links":{"self":[{"href":"https:\/\/3w.ffsr.fr\/index.php\/wp-json\/wp\/v2\/pages\/404","targetHints":{"allow":["GET"]}}],"collection":[{"href":"https:\/\/3w.ffsr.fr\/index.php\/wp-json\/wp\/v2\/pages"}],"about":[{"href":"https:\/\/3w.ffsr.fr\/index.php\/wp-json\/wp\/v2\/types\/page"}],"author":[{"embeddable":true,"href":"https:\/\/3w.ffsr.fr\/index.php\/wp-json\/wp\/v2\/users\/1"}],"replies":[{"embeddable":true,"href":"https:\/\/3w.ffsr.fr\/index.php\/wp-json\/wp\/v2\/comments?post=404"}],"version-history":[{"count":33,"href":"https:\/\/3w.ffsr.fr\/index.php\/wp-json\/wp\/v2\/pages\/404\/revisions"}],"predecessor-version":[{"id":1849,"href":"https:\/\/3w.ffsr.fr\/index.php\/wp-json\/wp\/v2\/pages\/404\/revisions\/1849"}],"wp:attachment":[{"href":"https:\/\/3w.ffsr.fr\/index.php\/wp-json\/wp\/v2\/media?parent=404"}],"curies":[{"name":"wp","href":"https:\/\/api.w.org\/{rel}","templated":true}]}}