{"id":402,"date":"2025-10-28T10:50:19","date_gmt":"2025-10-28T10:50:19","guid":{"rendered":"http:\/\/3w.ffsr.fr\/?page_id=402"},"modified":"2026-04-09T16:48:43","modified_gmt":"2026-04-09T16:48:43","slug":"billetterie","status":"publish","type":"page","link":"https:\/\/3w.ffsr.fr\/index.php\/billetterie\/","title":{"rendered":"Billetterie"},"content":{"rendered":"\n<div class=\"wp-block-group alignfull has-global-padding is-layout-constrained wp-container-core-group-is-layout-1d067637 wp-block-group-is-layout-constrained\" style=\"margin-top:0;margin-bottom:0;padding-top:var(--wp--preset--spacing--20);padding-bottom:var(--wp--preset--spacing--20)\">\n<div class=\"wp-block-columns alignwide is-layout-flex wp-container-core-columns-is-layout-c85f9ef8 wp-block-columns-is-layout-flex\" style=\"margin-top:0;margin-bottom:0\">\n<div class=\"wp-block-column is-vertically-aligned-center is-layout-flow wp-block-column-is-layout-flow\">\n<figure class=\"wp-block-image size-full\"><img loading=\"lazy\" decoding=\"async\" width=\"1080\" height=\"1080\" src=\"https:\/\/3w.ffsr.fr\/wp-content\/uploads\/2026\/04\/FFSR-BILLETTERIE-Top14.jpg\" alt=\"\" class=\"wp-image-3485\" srcset=\"https:\/\/3w.ffsr.fr\/wp-content\/uploads\/2026\/04\/FFSR-BILLETTERIE-Top14.jpg 1080w, https:\/\/3w.ffsr.fr\/wp-content\/uploads\/2026\/04\/FFSR-BILLETTERIE-Top14-300x300.jpg 300w, https:\/\/3w.ffsr.fr\/wp-content\/uploads\/2026\/04\/FFSR-BILLETTERIE-Top14-1024x1024.jpg 1024w, https:\/\/3w.ffsr.fr\/wp-content\/uploads\/2026\/04\/FFSR-BILLETTERIE-Top14-150x150.jpg 150w, https:\/\/3w.ffsr.fr\/wp-content\/uploads\/2026\/04\/FFSR-BILLETTERIE-Top14-768x768.jpg 768w\" sizes=\"auto, (max-width: 1080px) 100vw, 1080px\" \/><\/figure>\n<\/div>\n\n\n\n<div class=\"wp-block-column is-vertically-aligned-center is-layout-flow wp-block-column-is-layout-flow\">\n<h2 class=\"wp-block-heading has-text-align-left has-accent-1-color has-text-color has-link-color has-xx-large-font-size wp-elements-2cc555da27e846a775cddd0c88ddec30\"><strong>PHASES FINALES DU TOP14 &amp; PROD2 2026<\/strong><\/h2>\n\n\n\n<ul style=\"margin-top:var(--wp--preset--spacing--40);margin-bottom:var(--wp--preset--spacing--40);padding-left:var(--wp--preset--spacing--30)\" class=\"wp-block-list is-style-checkmark-list\">\n<li class=\"has-large-font-size\">Places group\u00e9es<\/li>\n\n\n\n<li class=\"has-large-font-size\">Limitation par association<\/li>\n\n\n\n<li class=\"has-large-font-size\">Solutions car &amp; co-voiturage<\/li>\n<\/ul>\n<\/div>\n<\/div>\n<\/div>\n\n\n\n<div style=\"height:20px\" aria-hidden=\"true\" class=\"wp-block-spacer\"><\/div>\n\n\n\n<h2 class=\"wp-block-heading alignwide has-accent-1-color has-text-color has-link-color has-xx-large-font-size wp-elements-b806105a640cec5ff5e8309dcb21af0e\"><strong>LE PROGRAMME<\/strong><\/h2>\n\n\n\n<div class=\"wp-block-group alignfull has-global-padding is-layout-constrained wp-block-group-is-layout-constrained\" style=\"margin-top:0;margin-bottom:0;padding-top:var(--wp--preset--spacing--60);padding-bottom:var(--wp--preset--spacing--60)\">\n<div class=\"wp-block-columns alignwide is-layout-flex wp-container-core-columns-is-layout-fa584acd wp-block-columns-is-layout-flex\">\n<div class=\"wp-block-column is-vertically-aligned-center is-layout-flow wp-block-column-is-layout-flow\">\n<p class=\"has-text-align-center\"><strong>PRO D2<\/strong><\/p>\n\n\n\n<figure class=\"wp-block-image aligncenter size-full is-resized\"><img loading=\"lazy\" decoding=\"async\" width=\"810\" height=\"810\" src=\"https:\/\/3w.ffsr.fr\/wp-content\/uploads\/2026\/04\/FFSR-FINALE-PRO-D2-2026.jpg\" alt=\"\" class=\"wp-image-3573\" style=\"aspect-ratio:1;object-fit:cover;width:250px\" srcset=\"https:\/\/3w.ffsr.fr\/wp-content\/uploads\/2026\/04\/FFSR-FINALE-PRO-D2-2026.jpg 810w, https:\/\/3w.ffsr.fr\/wp-content\/uploads\/2026\/04\/FFSR-FINALE-PRO-D2-2026-300x300.jpg 300w, https:\/\/3w.ffsr.fr\/wp-content\/uploads\/2026\/04\/FFSR-FINALE-PRO-D2-2026-150x150.jpg 150w, https:\/\/3w.ffsr.fr\/wp-content\/uploads\/2026\/04\/FFSR-FINALE-PRO-D2-2026-768x768.jpg 768w\" sizes=\"auto, (max-width: 810px) 100vw, 810px\" \/><\/figure>\n\n\n\n<div style=\"height:10px\" aria-hidden=\"true\" class=\"wp-block-spacer\"><\/div>\n\n\n\n<div class=\"wp-block-buttons is-content-justification-center is-layout-flex wp-container-core-buttons-is-layout-a89b3969 wp-block-buttons-is-layout-flex\">\n<div class=\"wp-block-button\"><a class=\"wp-block-button__link has-background wp-element-button\" href=\"https:\/\/www.ffsr.fr\/collect\/description\/697293-c-billetterie-finale-pro-d2-2026-samedi-6-juin-2026-18h00-stade-ernest-wallon\" style=\"background-color:#03a63c\" target=\"_blank\" rel=\"noreferrer noopener\"><strong>Acheter<\/strong><\/a><\/div>\n<\/div>\n\n\n\n<div style=\"height:30px\" aria-hidden=\"true\" class=\"wp-block-spacer\"><\/div>\n<\/div>\n\n\n\n<div class=\"wp-block-column is-vertically-aligned-center is-layout-flow wp-block-column-is-layout-flow\">\n<p class=\"has-text-align-center\"><strong>TOP 14<\/strong><\/p>\n\n\n\n<figure class=\"wp-block-image aligncenter size-full is-resized\"><img loading=\"lazy\" decoding=\"async\" width=\"810\" height=\"810\" src=\"https:\/\/3w.ffsr.fr\/wp-content\/uploads\/2026\/04\/FFSR-Billetterie-TOP14-demi-Finale-Marseille-1.jpg\" alt=\"\" class=\"wp-image-3489\" style=\"object-fit:cover;width:250px;height:auto\" srcset=\"https:\/\/3w.ffsr.fr\/wp-content\/uploads\/2026\/04\/FFSR-Billetterie-TOP14-demi-Finale-Marseille-1.jpg 810w, https:\/\/3w.ffsr.fr\/wp-content\/uploads\/2026\/04\/FFSR-Billetterie-TOP14-demi-Finale-Marseille-1-300x300.jpg 300w, https:\/\/3w.ffsr.fr\/wp-content\/uploads\/2026\/04\/FFSR-Billetterie-TOP14-demi-Finale-Marseille-1-150x150.jpg 150w, https:\/\/3w.ffsr.fr\/wp-content\/uploads\/2026\/04\/FFSR-Billetterie-TOP14-demi-Finale-Marseille-1-768x768.jpg 768w\" sizes=\"auto, (max-width: 810px) 100vw, 810px\" \/><\/figure>\n\n\n\n<div style=\"height:10px\" aria-hidden=\"true\" class=\"wp-block-spacer\"><\/div>\n\n\n\n<div class=\"wp-block-buttons is-content-justification-center is-layout-flex wp-container-core-buttons-is-layout-a89b3969 wp-block-buttons-is-layout-flex\">\n<div class=\"wp-block-button\"><a class=\"wp-block-button__link has-background wp-element-button\" href=\"https:\/\/www.ffsr.fr\/collect\/description\/644277-c-stade-velodrome-45\" style=\"background-color:#03a63c\" target=\"_blank\" rel=\"noreferrer noopener\"><strong>Acheter<\/strong><\/a><\/div>\n<\/div>\n\n\n\n<div style=\"height:30px\" aria-hidden=\"true\" class=\"wp-block-spacer\"><\/div>\n<\/div>\n\n\n\n<div class=\"wp-block-column is-vertically-aligned-center is-layout-flow wp-block-column-is-layout-flow\">\n<p class=\"has-text-align-center\"><strong>TOP 14<\/strong><\/p>\n\n\n\n<figure class=\"wp-block-image aligncenter size-full is-resized\"><img loading=\"lazy\" decoding=\"async\" width=\"810\" height=\"810\" src=\"https:\/\/3w.ffsr.fr\/wp-content\/uploads\/2026\/04\/FFSR-Billetterie-TOP14-demi-Finale-Marseille-2.jpg\" alt=\"\" class=\"wp-image-3490\" style=\"aspect-ratio:1;object-fit:cover;width:250px\" srcset=\"https:\/\/3w.ffsr.fr\/wp-content\/uploads\/2026\/04\/FFSR-Billetterie-TOP14-demi-Finale-Marseille-2.jpg 810w, https:\/\/3w.ffsr.fr\/wp-content\/uploads\/2026\/04\/FFSR-Billetterie-TOP14-demi-Finale-Marseille-2-300x300.jpg 300w, https:\/\/3w.ffsr.fr\/wp-content\/uploads\/2026\/04\/FFSR-Billetterie-TOP14-demi-Finale-Marseille-2-150x150.jpg 150w, https:\/\/3w.ffsr.fr\/wp-content\/uploads\/2026\/04\/FFSR-Billetterie-TOP14-demi-Finale-Marseille-2-768x768.jpg 768w\" sizes=\"auto, (max-width: 810px) 100vw, 810px\" \/><\/figure>\n\n\n\n<div style=\"height:10px\" aria-hidden=\"true\" class=\"wp-block-spacer\"><\/div>\n\n\n\n<div class=\"wp-block-buttons is-content-justification-center is-layout-flex wp-container-core-buttons-is-layout-a89b3969 wp-block-buttons-is-layout-flex\">\n<div class=\"wp-block-button\"><a class=\"wp-block-button__link has-background wp-element-button\" href=\"https:\/\/www.ffsr.fr\/collect\/description\/644289-c-stade-velodrome-45\" style=\"background-color:#03a63c\" target=\"_blank\" rel=\"noreferrer noopener\"><strong>Acheter<\/strong><\/a><\/div>\n<\/div>\n\n\n\n<div style=\"height:30px\" aria-hidden=\"true\" class=\"wp-block-spacer\"><\/div>\n<\/div>\n\n\n\n<div class=\"wp-block-column is-vertically-aligned-center is-layout-flow wp-block-column-is-layout-flow\">\n<p class=\"has-text-align-center\"><strong>TOP 14<\/strong><\/p>\n\n\n\n<figure class=\"wp-block-image aligncenter size-full is-resized\"><img loading=\"lazy\" decoding=\"async\" width=\"810\" height=\"810\" src=\"https:\/\/3w.ffsr.fr\/wp-content\/uploads\/2026\/04\/FFSR-Billetterie-TOP14-Finale-Stade-De-France.jpg\" alt=\"\" class=\"wp-image-3491\" style=\"aspect-ratio:1;object-fit:cover;width:250px\" srcset=\"https:\/\/3w.ffsr.fr\/wp-content\/uploads\/2026\/04\/FFSR-Billetterie-TOP14-Finale-Stade-De-France.jpg 810w, https:\/\/3w.ffsr.fr\/wp-content\/uploads\/2026\/04\/FFSR-Billetterie-TOP14-Finale-Stade-De-France-300x300.jpg 300w, https:\/\/3w.ffsr.fr\/wp-content\/uploads\/2026\/04\/FFSR-Billetterie-TOP14-Finale-Stade-De-France-150x150.jpg 150w, https:\/\/3w.ffsr.fr\/wp-content\/uploads\/2026\/04\/FFSR-Billetterie-TOP14-Finale-Stade-De-France-768x768.jpg 768w\" sizes=\"auto, (max-width: 810px) 100vw, 810px\" \/><\/figure>\n\n\n\n<div style=\"height:10px\" aria-hidden=\"true\" class=\"wp-block-spacer\"><\/div>\n\n\n\n<div class=\"wp-block-buttons is-content-justification-center is-layout-flex wp-container-core-buttons-is-layout-a89b3969 wp-block-buttons-is-layout-flex\">\n<div class=\"wp-block-button\"><a class=\"wp-block-button__link has-accent-2-background-color has-background wp-element-button\">Epuis\u00e9<\/a><\/div>\n<\/div>\n\n\n\n<div style=\"height:30px\" aria-hidden=\"true\" class=\"wp-block-spacer\"><\/div>\n<\/div>\n<\/div>\n<\/div>\n\n\n\n<hr class=\"wp-block-separator has-alpha-channel-opacity\"\/>\n\n\n\n<div class=\"wp-block-group alignfull has-global-padding is-layout-constrained wp-block-group-is-layout-constrained\" style=\"margin-top:0;margin-bottom:0\">\n<div class=\"wp-block-group alignwide is-layout-flow wp-container-core-group-is-layout-d574f7c0 wp-block-group-is-layout-flow\" style=\"padding-top:var(--wp--preset--spacing--60);padding-bottom:var(--wp--preset--spacing--60)\">\n<h2 class=\"wp-block-heading has-accent-1-color has-text-color has-link-color has-xx-large-font-size wp-elements-d3a6411c54c2d0dbb7757668c60248dc\"><strong>QUESTIONS FREQUENTES BILLETTERIE<\/strong><\/h2>\n\n\n\n<div class=\"wp-block-columns is-layout-flex wp-container-core-columns-is-layout-cbe57604 wp-block-columns-is-layout-flex\">\n<div class=\"wp-block-column is-layout-flow wp-block-column-is-layout-flow\">\n<div class=\"wp-block-group is-layout-flow wp-block-group-is-layout-flow\" style=\"border-top-color:var(--wp--preset--color--accent-6);border-top-width:1px;padding-top:var(--wp--preset--spacing--30);padding-bottom:var(--wp--preset--spacing--30)\">\n<h3 class=\"wp-block-heading\"><strong><strong>Quand les places seront-elles mises en vente ?<\/strong><\/strong><\/h3>\n\n\n\n<p>La billetterie est annonc\u00e9e suffisamment \u00e0 l\u2019avance et les r\u00e9f\u00e9rents communication de votre club sont inform\u00e9s \ud83d\ude4f SVP, merci de NE PAS nous contacter par t\u00e9l\u00e9phone ou message priv\u00e9. Utilisez uniquement <a href=\"mailto:billetterie@ffsr.fr\">billetterie@ffsr.fr<\/a><\/p>\n<\/div>\n<\/div>\n\n\n\n<div class=\"wp-block-column is-layout-flow wp-block-column-is-layout-flow\">\n<div class=\"wp-block-group is-layout-flow wp-block-group-is-layout-flow\" style=\"border-top-color:var(--wp--preset--color--accent-6);border-top-width:1px;padding-top:var(--wp--preset--spacing--30);padding-bottom:var(--wp--preset--spacing--30)\">\n<h3 class=\"wp-block-heading\"><strong>Je n\u2019ai pas acc\u00e8s \u00e0 l\u2019espace Billetterie dans AssoConnect, pourquoi ?<\/strong><\/h3>\n\n\n\n<p>Seuls les adh\u00e9rents dont l\u2019association a transmis les coordonn\u00e9es \u00e0 <a href=\"mailto:contact@ffsr.fr\">contact@ffsr.fr<\/a> figurent dans le groupe \u00ab Adh\u00e9rents 2025-2026 \u00bb donnant acc\u00e8s \u00e0 la billetterie. Un rappel est envoy\u00e9 \u00e0 toutes les associations chaque printemps.<\/p>\n<\/div>\n<\/div>\n\n\n\n<div class=\"wp-block-column is-layout-flow wp-block-column-is-layout-flow\">\n<div class=\"wp-block-group is-layout-flow wp-block-group-is-layout-flow\" style=\"border-top-color:var(--wp--preset--color--accent-6);border-top-width:1px;padding-top:var(--wp--preset--spacing--30);padding-bottom:var(--wp--preset--spacing--30)\">\n<h3 class=\"wp-block-heading\"><strong><strong><strong>Je n\u2019ai plus acc\u00e8s \u00e0 l\u2019espace Membres dans AssoConnect, que faire ?<\/strong><\/strong><\/strong><\/h3>\n\n\n\n<p>L\u2019acc\u00e8s \u00e0 l\u2019espace membres n\u2019est possible qu\u2019avec un compte personnel AssoConnect (contact individuel d\u2019une association adh\u00e9rente). Les comptes li\u00e9s \u00e0 une structure (association, amicale, etc.) ne donnent pas cet acc\u00e8s.<\/p>\n<\/div>\n<\/div>\n<\/div>\n\n\n\n<div class=\"wp-block-columns is-layout-flex wp-container-core-columns-is-layout-cbe57604 wp-block-columns-is-layout-flex\">\n<div class=\"wp-block-column is-layout-flow wp-block-column-is-layout-flow\">\n<div class=\"wp-block-group is-layout-flow wp-block-group-is-layout-flow\" style=\"border-top-color:var(--wp--preset--color--accent-6);border-top-width:1px;padding-top:var(--wp--preset--spacing--30);padding-bottom:var(--wp--preset--spacing--30)\">\n<h3 class=\"wp-block-heading\"><strong><strong><strong><strong><strong>(en message priv\u00e9) Bonjour, peux-tu me r\u00e9server des places ?<\/strong><\/strong><\/strong><\/strong><\/strong><\/h3>\n\n\n\n<p>Toutes les commandes se font uniquement via la billetterie en ligne. Merci de ne pas nous contacter directement. Pour toute question simples, veuillez vous rapprocher du r\u00e9f\u00e9rent FFSR de votre club.<\/p>\n<\/div>\n<\/div>\n\n\n\n<div class=\"wp-block-column is-layout-flow wp-block-column-is-layout-flow\">\n<div class=\"wp-block-group is-layout-flow wp-block-group-is-layout-flow\" style=\"border-top-color:var(--wp--preset--color--accent-6);border-top-width:1px;padding-top:var(--wp--preset--spacing--30);padding-bottom:var(--wp--preset--spacing--30)\">\n<h3 class=\"wp-block-heading\"><strong><strong>Puis-je payer par virement au lieu de la carte bancaire ?<\/strong><\/strong><\/h3>\n\n\n\n<p>Les paiements par virement n\u00e9cessitent une v\u00e9rification manuelle par la tr\u00e9sori\u00e8re, ce qui prolonge le d\u00e9lai de validation (48 \u00e0 96 h). Les commandes sont trait\u00e9es selon la r\u00e8gle du premier payeur servi.<\/p>\n<\/div>\n<\/div>\n\n\n\n<div class=\"wp-block-column is-layout-flow wp-block-column-is-layout-flow\">\n<div class=\"wp-block-group is-layout-flow wp-block-group-is-layout-flow\" style=\"border-top-color:var(--wp--preset--color--accent-6);border-top-width:1px;padding-top:var(--wp--preset--spacing--30);padding-bottom:var(--wp--preset--spacing--30)\">\n<h3 class=\"wp-block-heading\"><strong><strong>Quand vais-je recevoir mes places pour le match ?<\/strong><\/strong><\/h3>\n\n\n\n<p>Les billets sont num\u00e9riques et envoy\u00e9s par e-mail entre 8 et 10 jours avant le match. Quelle que soit la date de votre achat, vous recevrez toujours vos billets dans ce court d\u00e9lais d&rsquo;environ 1 semaine, c&rsquo;est absolument normal.<\/p>\n<\/div>\n<\/div>\n<\/div>\n<\/div>\n\n\n\n<div style=\"height:40px\" aria-hidden=\"true\" class=\"wp-block-spacer\"><\/div>\n<\/div>\n\n\n\n<div class=\"wp-block-group alignfull has-accent-3-background-color has-background has-global-padding is-layout-constrained wp-container-core-group-is-layout-4651deb1 wp-block-group-is-layout-constrained\" style=\"margin-top:0;margin-bottom:0;padding-top:var(--wp--preset--spacing--70);padding-bottom:var(--wp--preset--spacing--70)\">\n<div class=\"wp-block-columns alignwide is-layout-flex wp-container-core-columns-is-layout-08a2a807 wp-block-columns-is-layout-flex\">\n<div class=\"wp-block-column is-vertically-aligned-center is-layout-flow wp-block-column-is-layout-flow\">\n<h2 class=\"wp-block-heading has-accent-1-color has-text-color has-link-color has-xx-large-font-size wp-elements-42410843be28c795af1cbcaa8b97ca96\"><strong>L&rsquo;EQUIPE BILLETTERIE. CHACUN SON POSTE.<\/strong><\/h2>\n\n\n\n<p class=\"has-medium-font-size\">Franck LEMANN (Pr\u00e9sident)<br><strong>Relation et n\u00e9gociation billetterie FFR &amp; LNR<\/strong><\/p>\n\n\n\n<p class=\"has-medium-font-size\">David RICHARD (Vice Pr\u00e9sident &amp; D\u00e8v)<br><strong>Gestion des commandes sur AssoConnect<\/strong><\/p>\n\n\n\n<p class=\"has-medium-font-size\">Jean Luc TOUITOU (Secr\u00e9taire G\u00e9n\u00e9ral)<br><strong>Gestion de la distribution et de la livraison des places<\/strong><\/p>\n\n\n\n<p class=\"has-medium-font-size\">Fr\u00e9d\u00e9ric VOUHE (Communication)<br><strong>Planning &amp; diffusion des alertes<\/strong><\/p>\n\n\n\n<p class=\"has-medium-font-size\">Sylvie FRICKER (Tr\u00e9sori\u00e8re)<br><strong>Paiements &amp; facturation<\/strong><\/p>\n<\/div>\n\n\n\n<div class=\"wp-block-column is-vertically-aligned-center is-layout-flow wp-block-column-is-layout-flow\">\n<figure class=\"wp-block-image size-full is-style-rounded\"><img loading=\"lazy\" decoding=\"async\" width=\"1080\" height=\"540\" src=\"http:\/\/3w.ffsr.fr\/wp-content\/uploads\/2025\/11\/FFSR-Supporters-de-Rugby-Equipe-Billetterie.jpg\" alt=\"\" class=\"wp-image-1642\" srcset=\"https:\/\/3w.ffsr.fr\/wp-content\/uploads\/2025\/11\/FFSR-Supporters-de-Rugby-Equipe-Billetterie.jpg 1080w, https:\/\/3w.ffsr.fr\/wp-content\/uploads\/2025\/11\/FFSR-Supporters-de-Rugby-Equipe-Billetterie-300x150.jpg 300w, https:\/\/3w.ffsr.fr\/wp-content\/uploads\/2025\/11\/FFSR-Supporters-de-Rugby-Equipe-Billetterie-1024x512.jpg 1024w, https:\/\/3w.ffsr.fr\/wp-content\/uploads\/2025\/11\/FFSR-Supporters-de-Rugby-Equipe-Billetterie-768x384.jpg 768w\" sizes=\"auto, (max-width: 1080px) 100vw, 1080px\" \/><\/figure>\n<\/div>\n<\/div>\n<\/div>\n\n\n\n<div style=\"height:66px\" aria-hidden=\"true\" class=\"wp-block-spacer\"><\/div>\n","protected":false},"excerpt":{"rendered":"<p>PHASES FINALES DU TOP14 &amp; PROD2 2026 LE PROGRAMME PRO D2 TOP 14 TOP 14 TOP 14 QUESTIONS FREQUENTES BILLETTERIE Quand les places seront-elles mises en vente ? La billetterie est annonc\u00e9e suffisamment \u00e0 l\u2019avance et les r\u00e9f\u00e9rents communication de votre club sont inform\u00e9s \ud83d\ude4f SVP, merci de NE PAS nous contacter par t\u00e9l\u00e9phone ou [&hellip;]<\/p>\n","protected":false},"author":1,"featured_media":0,"parent":0,"menu_order":0,"comment_status":"closed","ping_status":"closed","template":"","meta":{"h5ap_radio_sources":[],"footnotes":""},"class_list":["post-402","page","type-page","status-publish","hentry"],"jetpack_sharing_enabled":true,"_links":{"self":[{"href":"https:\/\/3w.ffsr.fr\/index.php\/wp-json\/wp\/v2\/pages\/402","targetHints":{"allow":["GET"]}}],"collection":[{"href":"https:\/\/3w.ffsr.fr\/index.php\/wp-json\/wp\/v2\/pages"}],"about":[{"href":"https:\/\/3w.ffsr.fr\/index.php\/wp-json\/wp\/v2\/types\/page"}],"author":[{"embeddable":true,"href":"https:\/\/3w.ffsr.fr\/index.php\/wp-json\/wp\/v2\/users\/1"}],"replies":[{"embeddable":true,"href":"https:\/\/3w.ffsr.fr\/index.php\/wp-json\/wp\/v2\/comments?post=402"}],"version-history":[{"count":104,"href":"https:\/\/3w.ffsr.fr\/index.php\/wp-json\/wp\/v2\/pages\/402\/revisions"}],"predecessor-version":[{"id":3587,"href":"https:\/\/3w.ffsr.fr\/index.php\/wp-json\/wp\/v2\/pages\/402\/revisions\/3587"}],"wp:attachment":[{"href":"https:\/\/3w.ffsr.fr\/index.php\/wp-json\/wp\/v2\/media?parent=402"}],"curies":[{"name":"wp","href":"https:\/\/api.w.org\/{rel}","templated":true}]}}