{"id":400,"date":"2025-10-28T10:49:37","date_gmt":"2025-10-28T10:49:37","guid":{"rendered":"http:\/\/3w.ffsr.fr\/?page_id=400"},"modified":"2026-03-10T13:03:12","modified_gmt":"2026-03-10T13:03:12","slug":"evenements","status":"publish","type":"page","link":"https:\/\/3w.ffsr.fr\/index.php\/evenements\/","title":{"rendered":"Ev\u00e9nements"},"content":{"rendered":"\n<div class=\"wp-block-group alignfull has-global-padding is-layout-constrained wp-block-group-is-layout-constrained\" style=\"margin-top:0;margin-bottom:0;padding-top:var(--wp--preset--spacing--20);padding-bottom:var(--wp--preset--spacing--20)\">\n<div class=\"wp-block-columns alignwide is-layout-flex wp-container-core-columns-is-layout-28f84493 wp-block-columns-is-layout-flex\">\n<div class=\"wp-block-column is-layout-flow wp-block-column-is-layout-flow\">\n<h2 class=\"wp-block-heading has-accent-1-color has-text-color has-link-color wp-elements-f084991a08dd17b693c7d4575cb3374a\"><strong>LES JOURNEES DU SUPPORTERISME<\/strong><\/h2>\n\n\n\n<h2 class=\"wp-block-heading has-base-color has-text-color has-background has-link-color has-large-font-size wp-elements-01c92e3d40d04a4b81d0b2090dcbacd9\" style=\"background:linear-gradient(180deg,rgb(153,32,32) 0%,rgb(204,41,41) 100%)\"><strong>L&rsquo;EVENEMENT 2026<\/strong><br><strong>13-14-15 MARS<\/strong><br><br><strong>FRANCE \ud83c\uddeb\ud83c\uddf7 vs \ud83c\udff4\udb40\udc67\udb40\udc62\udb40\udc65\udb40\udc6e\udb40\udc67\udb40\udc7f ANGLETERRE<\/strong><br><strong>au Stade De France !!!<\/strong><\/h2>\n\n\n\n<h2 class=\"wp-block-heading has-contrast-color has-text-color has-link-color has-large-font-size wp-elements-4a9be955c7a1da8f277676f46e1d41f6\">Ev\u00e9nement annuel organis\u00e9 \u00e0 Marcoussis, au Centre National du Rugby, le coeur du XV de France (h\u00e9bergement 3 jours \/ 2 nuits).<\/h2>\n\n\n\n<h2 class=\"wp-block-heading has-contrast-color has-text-color has-link-color has-large-font-size wp-elements-561d80c9c650d1694e7c3bbcffb3b02b\">P\u00e9riodicit\u00e9 : F\u00e9vrier \/ Mars, pendant le Tournoi des 6 Nations<\/h2>\n\n\n\n<h2 class=\"wp-block-heading has-contrast-color has-text-color has-link-color has-large-font-size wp-elements-2c449062ace4a64cff8e1df223267d93\">Match du Tournoi au Stade De France, conf\u00e9rences, \u00e9changes, amiti\u00e9s, &#8230;<\/h2>\n\n\n\n<div class=\"wp-block-buttons is-layout-flex wp-block-buttons-is-layout-flex\">\n<div class=\"wp-block-button\"><a class=\"wp-block-button__link wp-element-button\" href=\"https:\/\/3w.ffsr.fr\/index.php\/marcoussis-2026\/\"><strong>LE PROGRAMME<\/strong><\/a><\/div>\n<\/div>\n<\/div>\n\n\n\n<div class=\"wp-block-column is-layout-flow wp-block-column-is-layout-flow\">\n<div class=\"wp-block-group is-layout-grid wp-container-core-group-is-layout-b757edec wp-block-group-is-layout-grid\">\n<figure class=\"wp-block-image size-full\"><img loading=\"lazy\" decoding=\"async\" width=\"1080\" height=\"1080\" src=\"http:\/\/3w.ffsr.fr\/wp-content\/uploads\/2025\/11\/FFSR-Supporters-de-Rugby-Evenements-Journees-du-Supporterisme-Marcoussis-CNR-Hotel.jpg\" alt=\"\" class=\"wp-image-1367\" style=\"aspect-ratio:1;object-fit:cover\" srcset=\"https:\/\/3w.ffsr.fr\/wp-content\/uploads\/2025\/11\/FFSR-Supporters-de-Rugby-Evenements-Journees-du-Supporterisme-Marcoussis-CNR-Hotel.jpg 1080w, https:\/\/3w.ffsr.fr\/wp-content\/uploads\/2025\/11\/FFSR-Supporters-de-Rugby-Evenements-Journees-du-Supporterisme-Marcoussis-CNR-Hotel-300x300.jpg 300w, https:\/\/3w.ffsr.fr\/wp-content\/uploads\/2025\/11\/FFSR-Supporters-de-Rugby-Evenements-Journees-du-Supporterisme-Marcoussis-CNR-Hotel-1024x1024.jpg 1024w, https:\/\/3w.ffsr.fr\/wp-content\/uploads\/2025\/11\/FFSR-Supporters-de-Rugby-Evenements-Journees-du-Supporterisme-Marcoussis-CNR-Hotel-150x150.jpg 150w, https:\/\/3w.ffsr.fr\/wp-content\/uploads\/2025\/11\/FFSR-Supporters-de-Rugby-Evenements-Journees-du-Supporterisme-Marcoussis-CNR-Hotel-768x768.jpg 768w\" sizes=\"auto, (max-width: 1080px) 100vw, 1080px\" \/><\/figure>\n\n\n\n<figure class=\"wp-block-image size-full\"><img loading=\"lazy\" decoding=\"async\" width=\"1080\" height=\"1080\" src=\"http:\/\/3w.ffsr.fr\/wp-content\/uploads\/2025\/11\/FFSR-Supporters-de-Rugby-Evenements-Journees-du-Supporterisme-Marcoussis-CNR-coq.jpg\" alt=\"\" class=\"wp-image-1368\" style=\"aspect-ratio:1;object-fit:cover\" srcset=\"https:\/\/3w.ffsr.fr\/wp-content\/uploads\/2025\/11\/FFSR-Supporters-de-Rugby-Evenements-Journees-du-Supporterisme-Marcoussis-CNR-coq.jpg 1080w, https:\/\/3w.ffsr.fr\/wp-content\/uploads\/2025\/11\/FFSR-Supporters-de-Rugby-Evenements-Journees-du-Supporterisme-Marcoussis-CNR-coq-300x300.jpg 300w, https:\/\/3w.ffsr.fr\/wp-content\/uploads\/2025\/11\/FFSR-Supporters-de-Rugby-Evenements-Journees-du-Supporterisme-Marcoussis-CNR-coq-1024x1024.jpg 1024w, https:\/\/3w.ffsr.fr\/wp-content\/uploads\/2025\/11\/FFSR-Supporters-de-Rugby-Evenements-Journees-du-Supporterisme-Marcoussis-CNR-coq-150x150.jpg 150w, https:\/\/3w.ffsr.fr\/wp-content\/uploads\/2025\/11\/FFSR-Supporters-de-Rugby-Evenements-Journees-du-Supporterisme-Marcoussis-CNR-coq-768x768.jpg 768w\" sizes=\"auto, (max-width: 1080px) 100vw, 1080px\" \/><\/figure>\n\n\n\n<figure class=\"wp-block-image size-full\"><img loading=\"lazy\" decoding=\"async\" width=\"1080\" height=\"1080\" src=\"http:\/\/3w.ffsr.fr\/wp-content\/uploads\/2025\/11\/FFSR-Supporters-de-Rugby-Evenements-Journees-du-Supporterisme-Marcoussis-CNR-conference.jpg\" alt=\"\" class=\"wp-image-1369\" style=\"aspect-ratio:1;object-fit:cover\" srcset=\"https:\/\/3w.ffsr.fr\/wp-content\/uploads\/2025\/11\/FFSR-Supporters-de-Rugby-Evenements-Journees-du-Supporterisme-Marcoussis-CNR-conference.jpg 1080w, https:\/\/3w.ffsr.fr\/wp-content\/uploads\/2025\/11\/FFSR-Supporters-de-Rugby-Evenements-Journees-du-Supporterisme-Marcoussis-CNR-conference-300x300.jpg 300w, https:\/\/3w.ffsr.fr\/wp-content\/uploads\/2025\/11\/FFSR-Supporters-de-Rugby-Evenements-Journees-du-Supporterisme-Marcoussis-CNR-conference-1024x1024.jpg 1024w, https:\/\/3w.ffsr.fr\/wp-content\/uploads\/2025\/11\/FFSR-Supporters-de-Rugby-Evenements-Journees-du-Supporterisme-Marcoussis-CNR-conference-150x150.jpg 150w, https:\/\/3w.ffsr.fr\/wp-content\/uploads\/2025\/11\/FFSR-Supporters-de-Rugby-Evenements-Journees-du-Supporterisme-Marcoussis-CNR-conference-768x768.jpg 768w\" sizes=\"auto, (max-width: 1080px) 100vw, 1080px\" \/><\/figure>\n\n\n\n<figure class=\"wp-block-image size-full\"><img loading=\"lazy\" decoding=\"async\" width=\"675\" height=\"675\" src=\"https:\/\/3w.ffsr.fr\/wp-content\/uploads\/2026\/03\/FFSR-France-Angleterre-Marcoussis-2026.jpg\" alt=\"\" class=\"wp-image-3012\" style=\"aspect-ratio:1;object-fit:cover\" srcset=\"https:\/\/3w.ffsr.fr\/wp-content\/uploads\/2026\/03\/FFSR-France-Angleterre-Marcoussis-2026.jpg 675w, https:\/\/3w.ffsr.fr\/wp-content\/uploads\/2026\/03\/FFSR-France-Angleterre-Marcoussis-2026-300x300.jpg 300w, https:\/\/3w.ffsr.fr\/wp-content\/uploads\/2026\/03\/FFSR-France-Angleterre-Marcoussis-2026-150x150.jpg 150w\" sizes=\"auto, (max-width: 675px) 100vw, 675px\" \/><\/figure>\n<\/div>\n<\/div>\n<\/div>\n<\/div>\n\n\n\n<div style=\"height:30px\" aria-hidden=\"true\" class=\"wp-block-spacer\"><\/div>\n\n\n\n<hr class=\"wp-block-separator has-alpha-channel-opacity\"\/>\n\n\n\n<div class=\"wp-block-group alignfull has-global-padding is-layout-constrained wp-block-group-is-layout-constrained\" style=\"margin-top:0;margin-bottom:0;padding-top:var(--wp--preset--spacing--60);padding-bottom:var(--wp--preset--spacing--60)\">\n<div class=\"wp-block-columns alignwide is-layout-flex wp-container-core-columns-is-layout-28f84493 wp-block-columns-is-layout-flex\">\n<div class=\"wp-block-column is-layout-flow wp-block-column-is-layout-flow\">\n<h2 class=\"wp-block-heading has-accent-1-color has-text-color has-link-color wp-elements-b5a60e404d45b8698e0ab6b9c9977e13\"><strong>LE CONGRES FFSR<\/strong><\/h2>\n\n\n\n<h2 class=\"wp-block-heading has-contrast-color has-text-color has-link-color has-large-font-size wp-elements-5b9ae56253c815d0cb7852f1135b2ead\">Ev\u00e9nement annuel organis\u00e9 par club de supporters local (h\u00e9bergement 3 jours \/ 2 nuits). Castres 2024. Toulon 2025. Strasbourg 2026&#8230;<\/h2>\n\n\n\n<h2 class=\"wp-block-heading has-contrast-color has-text-color has-link-color has-large-font-size wp-elements-6ea91c907eb9f9983c030a17afa5a3d9\">P\u00e9riodicit\u00e9 : Juillet, apr\u00e8s les phases finales du Top 14<\/h2>\n\n\n\n<h2 class=\"wp-block-heading has-contrast-color has-text-color has-link-color has-large-font-size wp-elements-a44406b775eaed7b9d42d773b9639b15\">Activit\u00e9s, conf\u00e9rences, moments de convivialit\u00e9 inoubliables !<\/h2>\n<\/div>\n\n\n\n<div class=\"wp-block-column is-layout-flow wp-block-column-is-layout-flow\">\n<div class=\"wp-block-group is-layout-grid wp-container-core-group-is-layout-b757edec wp-block-group-is-layout-grid\">\n<figure class=\"wp-block-image size-full\"><img loading=\"lazy\" decoding=\"async\" width=\"1080\" height=\"1080\" src=\"http:\/\/3w.ffsr.fr\/wp-content\/uploads\/2025\/11\/FFSR-Supporters-de-Rugby-Evenements-Toulon-2025-Congres-Mayol.jpg\" alt=\"\" class=\"wp-image-1372\" style=\"aspect-ratio:1;object-fit:cover\" srcset=\"https:\/\/3w.ffsr.fr\/wp-content\/uploads\/2025\/11\/FFSR-Supporters-de-Rugby-Evenements-Toulon-2025-Congres-Mayol.jpg 1080w, https:\/\/3w.ffsr.fr\/wp-content\/uploads\/2025\/11\/FFSR-Supporters-de-Rugby-Evenements-Toulon-2025-Congres-Mayol-300x300.jpg 300w, https:\/\/3w.ffsr.fr\/wp-content\/uploads\/2025\/11\/FFSR-Supporters-de-Rugby-Evenements-Toulon-2025-Congres-Mayol-1024x1024.jpg 1024w, https:\/\/3w.ffsr.fr\/wp-content\/uploads\/2025\/11\/FFSR-Supporters-de-Rugby-Evenements-Toulon-2025-Congres-Mayol-150x150.jpg 150w, https:\/\/3w.ffsr.fr\/wp-content\/uploads\/2025\/11\/FFSR-Supporters-de-Rugby-Evenements-Toulon-2025-Congres-Mayol-768x768.jpg 768w\" sizes=\"auto, (max-width: 1080px) 100vw, 1080px\" \/><\/figure>\n\n\n\n<figure class=\"wp-block-image size-full\"><img loading=\"lazy\" decoding=\"async\" width=\"1080\" height=\"1080\" src=\"http:\/\/3w.ffsr.fr\/wp-content\/uploads\/2025\/11\/FFSR-Supporters-de-Rugby-Evenements-Toulon-2025-Congres-Repas.jpg\" alt=\"\" class=\"wp-image-1373\" style=\"aspect-ratio:1;object-fit:cover\" srcset=\"https:\/\/3w.ffsr.fr\/wp-content\/uploads\/2025\/11\/FFSR-Supporters-de-Rugby-Evenements-Toulon-2025-Congres-Repas.jpg 1080w, https:\/\/3w.ffsr.fr\/wp-content\/uploads\/2025\/11\/FFSR-Supporters-de-Rugby-Evenements-Toulon-2025-Congres-Repas-300x300.jpg 300w, https:\/\/3w.ffsr.fr\/wp-content\/uploads\/2025\/11\/FFSR-Supporters-de-Rugby-Evenements-Toulon-2025-Congres-Repas-1024x1024.jpg 1024w, https:\/\/3w.ffsr.fr\/wp-content\/uploads\/2025\/11\/FFSR-Supporters-de-Rugby-Evenements-Toulon-2025-Congres-Repas-150x150.jpg 150w, https:\/\/3w.ffsr.fr\/wp-content\/uploads\/2025\/11\/FFSR-Supporters-de-Rugby-Evenements-Toulon-2025-Congres-Repas-768x768.jpg 768w\" sizes=\"auto, (max-width: 1080px) 100vw, 1080px\" \/><\/figure>\n\n\n\n<figure class=\"wp-block-image size-full\"><img loading=\"lazy\" decoding=\"async\" width=\"1080\" height=\"1080\" src=\"http:\/\/3w.ffsr.fr\/wp-content\/uploads\/2025\/11\/FFSR-Supporters-de-Rugby-Evenements-Toulon-2025-Congres-Tribune.jpg\" alt=\"\" class=\"wp-image-1374\" style=\"aspect-ratio:1;object-fit:cover\" srcset=\"https:\/\/3w.ffsr.fr\/wp-content\/uploads\/2025\/11\/FFSR-Supporters-de-Rugby-Evenements-Toulon-2025-Congres-Tribune.jpg 1080w, https:\/\/3w.ffsr.fr\/wp-content\/uploads\/2025\/11\/FFSR-Supporters-de-Rugby-Evenements-Toulon-2025-Congres-Tribune-300x300.jpg 300w, https:\/\/3w.ffsr.fr\/wp-content\/uploads\/2025\/11\/FFSR-Supporters-de-Rugby-Evenements-Toulon-2025-Congres-Tribune-1024x1024.jpg 1024w, https:\/\/3w.ffsr.fr\/wp-content\/uploads\/2025\/11\/FFSR-Supporters-de-Rugby-Evenements-Toulon-2025-Congres-Tribune-150x150.jpg 150w, https:\/\/3w.ffsr.fr\/wp-content\/uploads\/2025\/11\/FFSR-Supporters-de-Rugby-Evenements-Toulon-2025-Congres-Tribune-768x768.jpg 768w\" sizes=\"auto, (max-width: 1080px) 100vw, 1080px\" \/><\/figure>\n\n\n\n<figure class=\"wp-block-image size-full\"><img loading=\"lazy\" decoding=\"async\" width=\"1080\" height=\"1080\" src=\"http:\/\/3w.ffsr.fr\/wp-content\/uploads\/2025\/11\/FFSR-Supporters-de-Rugby-Evenements-Toulon-2025-Congres-Conference.jpg\" alt=\"\" class=\"wp-image-1375\" style=\"aspect-ratio:1;object-fit:cover\" srcset=\"https:\/\/3w.ffsr.fr\/wp-content\/uploads\/2025\/11\/FFSR-Supporters-de-Rugby-Evenements-Toulon-2025-Congres-Conference.jpg 1080w, https:\/\/3w.ffsr.fr\/wp-content\/uploads\/2025\/11\/FFSR-Supporters-de-Rugby-Evenements-Toulon-2025-Congres-Conference-300x300.jpg 300w, https:\/\/3w.ffsr.fr\/wp-content\/uploads\/2025\/11\/FFSR-Supporters-de-Rugby-Evenements-Toulon-2025-Congres-Conference-1024x1024.jpg 1024w, https:\/\/3w.ffsr.fr\/wp-content\/uploads\/2025\/11\/FFSR-Supporters-de-Rugby-Evenements-Toulon-2025-Congres-Conference-150x150.jpg 150w, https:\/\/3w.ffsr.fr\/wp-content\/uploads\/2025\/11\/FFSR-Supporters-de-Rugby-Evenements-Toulon-2025-Congres-Conference-768x768.jpg 768w\" sizes=\"auto, (max-width: 1080px) 100vw, 1080px\" \/><\/figure>\n<\/div>\n<\/div>\n<\/div>\n<\/div>\n\n\n\n<hr class=\"wp-block-separator has-alpha-channel-opacity\"\/>\n\n\n\n<div class=\"wp-block-group alignfull has-global-padding is-layout-constrained wp-block-group-is-layout-constrained\" style=\"margin-top:0;margin-bottom:0;padding-top:var(--wp--preset--spacing--60);padding-bottom:var(--wp--preset--spacing--60)\">\n<div class=\"wp-block-columns alignwide is-layout-flex wp-container-core-columns-is-layout-28f84493 wp-block-columns-is-layout-flex\">\n<div class=\"wp-block-column is-layout-flow wp-block-column-is-layout-flow\">\n<h2 class=\"wp-block-heading has-accent-1-color has-text-color has-link-color wp-elements-491fbe1c925445857f8f7830b367f311\"><strong>LES 4 MI-TEMPS<\/strong><\/h2>\n\n\n\n<h2 class=\"wp-block-heading has-contrast-color has-text-color has-link-color has-large-font-size wp-elements-81e017bf4d09bfea27b7b3ca96e7fb72\">A la FFSR, c&rsquo;est la f\u00eate tous les week-ends ! Nos clubs de supporters se donnent rendez-vous et festoient ensemble.<\/h2>\n\n\n\n<h2 class=\"wp-block-heading has-accent-2-color has-text-color has-link-color has-large-font-size wp-elements-80828526640860f36e55a3a50b8d4013\"><strong>La vraie 1\u00e8re mi-temps, c&rsquo;est celle des retrouvailles des clubs de supporters AVANT les matchs.<\/strong><\/h2>\n\n\n\n<h2 class=\"wp-block-heading has-contrast-color has-text-color has-link-color has-large-font-size wp-elements-f03717e7b0915aac11ccaeada3399e95\">Accueil des supporters adverses, partage du casse-cro\u00fbte &amp; des valeurs.<\/h2>\n\n\n\n<p class=\"has-contrast-color has-text-color has-link-color wp-elements-9617445d47a6c40fef1c413688bbd822\">\ud83c\udfa5 voir les <strong><a href=\"https:\/\/3w.ffsr.fr\/index.php\/album\/\">vid\u00e9os<\/a><\/strong><\/p>\n<\/div>\n\n\n\n<div class=\"wp-block-column is-layout-flow wp-block-column-is-layout-flow\">\n<div class=\"wp-block-group is-layout-grid wp-container-core-group-is-layout-b757edec wp-block-group-is-layout-grid\">\n<figure class=\"wp-block-image size-full\"><img loading=\"lazy\" decoding=\"async\" width=\"1080\" height=\"1080\" src=\"http:\/\/3w.ffsr.fr\/wp-content\/uploads\/2025\/11\/FFSR-Supporters-de-Rugby-Evenements-Les-4-mi-temps-LAlbum-des-Poteaux-Castres-Bayonne.jpg\" alt=\"\" class=\"wp-image-1376\" style=\"aspect-ratio:1;object-fit:cover\" srcset=\"https:\/\/3w.ffsr.fr\/wp-content\/uploads\/2025\/11\/FFSR-Supporters-de-Rugby-Evenements-Les-4-mi-temps-LAlbum-des-Poteaux-Castres-Bayonne.jpg 1080w, https:\/\/3w.ffsr.fr\/wp-content\/uploads\/2025\/11\/FFSR-Supporters-de-Rugby-Evenements-Les-4-mi-temps-LAlbum-des-Poteaux-Castres-Bayonne-300x300.jpg 300w, https:\/\/3w.ffsr.fr\/wp-content\/uploads\/2025\/11\/FFSR-Supporters-de-Rugby-Evenements-Les-4-mi-temps-LAlbum-des-Poteaux-Castres-Bayonne-1024x1024.jpg 1024w, https:\/\/3w.ffsr.fr\/wp-content\/uploads\/2025\/11\/FFSR-Supporters-de-Rugby-Evenements-Les-4-mi-temps-LAlbum-des-Poteaux-Castres-Bayonne-150x150.jpg 150w, https:\/\/3w.ffsr.fr\/wp-content\/uploads\/2025\/11\/FFSR-Supporters-de-Rugby-Evenements-Les-4-mi-temps-LAlbum-des-Poteaux-Castres-Bayonne-768x768.jpg 768w\" sizes=\"auto, (max-width: 1080px) 100vw, 1080px\" \/><\/figure>\n\n\n\n<figure class=\"wp-block-image size-full\"><img loading=\"lazy\" decoding=\"async\" width=\"1080\" height=\"1080\" src=\"http:\/\/3w.ffsr.fr\/wp-content\/uploads\/2025\/11\/FFSR-Supporters-de-Rugby-Evenements-Les-4-mi-temps-LAlbum-des-Poteaux-La-Rochelle-Vannes.jpg\" alt=\"\" class=\"wp-image-1377\" style=\"aspect-ratio:1;object-fit:cover\" srcset=\"https:\/\/3w.ffsr.fr\/wp-content\/uploads\/2025\/11\/FFSR-Supporters-de-Rugby-Evenements-Les-4-mi-temps-LAlbum-des-Poteaux-La-Rochelle-Vannes.jpg 1080w, https:\/\/3w.ffsr.fr\/wp-content\/uploads\/2025\/11\/FFSR-Supporters-de-Rugby-Evenements-Les-4-mi-temps-LAlbum-des-Poteaux-La-Rochelle-Vannes-300x300.jpg 300w, https:\/\/3w.ffsr.fr\/wp-content\/uploads\/2025\/11\/FFSR-Supporters-de-Rugby-Evenements-Les-4-mi-temps-LAlbum-des-Poteaux-La-Rochelle-Vannes-1024x1024.jpg 1024w, https:\/\/3w.ffsr.fr\/wp-content\/uploads\/2025\/11\/FFSR-Supporters-de-Rugby-Evenements-Les-4-mi-temps-LAlbum-des-Poteaux-La-Rochelle-Vannes-150x150.jpg 150w, https:\/\/3w.ffsr.fr\/wp-content\/uploads\/2025\/11\/FFSR-Supporters-de-Rugby-Evenements-Les-4-mi-temps-LAlbum-des-Poteaux-La-Rochelle-Vannes-768x768.jpg 768w\" sizes=\"auto, (max-width: 1080px) 100vw, 1080px\" \/><\/figure>\n\n\n\n<figure class=\"wp-block-image size-full\"><img loading=\"lazy\" decoding=\"async\" width=\"1080\" height=\"1080\" src=\"http:\/\/3w.ffsr.fr\/wp-content\/uploads\/2025\/11\/FFSR-Supporters-de-Rugby-Evenements-Les-4-mi-temps-LAlbum-des-Poteaux-Casse-Croute.jpg\" alt=\"\" class=\"wp-image-1378\" style=\"aspect-ratio:1;object-fit:cover\" srcset=\"https:\/\/3w.ffsr.fr\/wp-content\/uploads\/2025\/11\/FFSR-Supporters-de-Rugby-Evenements-Les-4-mi-temps-LAlbum-des-Poteaux-Casse-Croute.jpg 1080w, https:\/\/3w.ffsr.fr\/wp-content\/uploads\/2025\/11\/FFSR-Supporters-de-Rugby-Evenements-Les-4-mi-temps-LAlbum-des-Poteaux-Casse-Croute-300x300.jpg 300w, https:\/\/3w.ffsr.fr\/wp-content\/uploads\/2025\/11\/FFSR-Supporters-de-Rugby-Evenements-Les-4-mi-temps-LAlbum-des-Poteaux-Casse-Croute-1024x1024.jpg 1024w, https:\/\/3w.ffsr.fr\/wp-content\/uploads\/2025\/11\/FFSR-Supporters-de-Rugby-Evenements-Les-4-mi-temps-LAlbum-des-Poteaux-Casse-Croute-150x150.jpg 150w, https:\/\/3w.ffsr.fr\/wp-content\/uploads\/2025\/11\/FFSR-Supporters-de-Rugby-Evenements-Les-4-mi-temps-LAlbum-des-Poteaux-Casse-Croute-768x768.jpg 768w\" sizes=\"auto, (max-width: 1080px) 100vw, 1080px\" \/><\/figure>\n\n\n\n<figure class=\"wp-block-image size-full\"><img loading=\"lazy\" decoding=\"async\" width=\"1080\" height=\"1080\" src=\"http:\/\/3w.ffsr.fr\/wp-content\/uploads\/2025\/11\/FFSR-Supporters-de-Rugby-Evenements-Les-4-mi-temps-LAlbum-des-Poteaux-Montpellier-Lyon.jpg\" alt=\"\" class=\"wp-image-1379\" style=\"aspect-ratio:1;object-fit:cover\" srcset=\"https:\/\/3w.ffsr.fr\/wp-content\/uploads\/2025\/11\/FFSR-Supporters-de-Rugby-Evenements-Les-4-mi-temps-LAlbum-des-Poteaux-Montpellier-Lyon.jpg 1080w, https:\/\/3w.ffsr.fr\/wp-content\/uploads\/2025\/11\/FFSR-Supporters-de-Rugby-Evenements-Les-4-mi-temps-LAlbum-des-Poteaux-Montpellier-Lyon-300x300.jpg 300w, https:\/\/3w.ffsr.fr\/wp-content\/uploads\/2025\/11\/FFSR-Supporters-de-Rugby-Evenements-Les-4-mi-temps-LAlbum-des-Poteaux-Montpellier-Lyon-1024x1024.jpg 1024w, https:\/\/3w.ffsr.fr\/wp-content\/uploads\/2025\/11\/FFSR-Supporters-de-Rugby-Evenements-Les-4-mi-temps-LAlbum-des-Poteaux-Montpellier-Lyon-150x150.jpg 150w, https:\/\/3w.ffsr.fr\/wp-content\/uploads\/2025\/11\/FFSR-Supporters-de-Rugby-Evenements-Les-4-mi-temps-LAlbum-des-Poteaux-Montpellier-Lyon-768x768.jpg 768w\" sizes=\"auto, (max-width: 1080px) 100vw, 1080px\" \/><\/figure>\n<\/div>\n<\/div>\n<\/div>\n<\/div>\n\n\n\n<div style=\"height:20px\" aria-hidden=\"true\" class=\"wp-block-spacer\"><\/div>\n","protected":false},"excerpt":{"rendered":"<p>LES JOURNEES DU SUPPORTERISME L&rsquo;EVENEMENT 202613-14-15 MARS FRANCE \ud83c\uddeb\ud83c\uddf7 vs \ud83c\udff4\udb40\udc67\udb40\udc62\udb40\udc65\udb40\udc6e\udb40\udc67\udb40\udc7f ANGLETERREau Stade De France !!! Ev\u00e9nement annuel organis\u00e9 \u00e0 Marcoussis, au Centre National du Rugby, le coeur du XV de France (h\u00e9bergement 3 jours \/ 2 nuits). P\u00e9riodicit\u00e9 : F\u00e9vrier \/ Mars, pendant le Tournoi des 6 Nations Match du Tournoi au Stade De [&hellip;]<\/p>\n","protected":false},"author":1,"featured_media":0,"parent":0,"menu_order":0,"comment_status":"closed","ping_status":"closed","template":"","meta":{"h5ap_radio_sources":[],"footnotes":""},"class_list":["post-400","page","type-page","status-publish","hentry"],"jetpack_sharing_enabled":true,"_links":{"self":[{"href":"https:\/\/3w.ffsr.fr\/index.php\/wp-json\/wp\/v2\/pages\/400","targetHints":{"allow":["GET"]}}],"collection":[{"href":"https:\/\/3w.ffsr.fr\/index.php\/wp-json\/wp\/v2\/pages"}],"about":[{"href":"https:\/\/3w.ffsr.fr\/index.php\/wp-json\/wp\/v2\/types\/page"}],"author":[{"embeddable":true,"href":"https:\/\/3w.ffsr.fr\/index.php\/wp-json\/wp\/v2\/users\/1"}],"replies":[{"embeddable":true,"href":"https:\/\/3w.ffsr.fr\/index.php\/wp-json\/wp\/v2\/comments?post=400"}],"version-history":[{"count":46,"href":"https:\/\/3w.ffsr.fr\/index.php\/wp-json\/wp\/v2\/pages\/400\/revisions"}],"predecessor-version":[{"id":3035,"href":"https:\/\/3w.ffsr.fr\/index.php\/wp-json\/wp\/v2\/pages\/400\/revisions\/3035"}],"wp:attachment":[{"href":"https:\/\/3w.ffsr.fr\/index.php\/wp-json\/wp\/v2\/media?parent=400"}],"curies":[{"name":"wp","href":"https:\/\/api.w.org\/{rel}","templated":true}]}}