{"id":387,"date":"2025-10-28T10:38:39","date_gmt":"2025-10-28T10:38:39","guid":{"rendered":"http:\/\/3w.ffsr.fr\/?page_id=387"},"modified":"2025-11-30T11:01:46","modified_gmt":"2025-11-30T11:01:46","slug":"la-ffsr","status":"publish","type":"page","link":"https:\/\/3w.ffsr.fr\/index.php\/la-ffsr\/","title":{"rendered":"La FFSR"},"content":{"rendered":"\n<div class=\"wp-block-group alignfull has-global-padding is-layout-constrained wp-block-group-is-layout-constrained\" style=\"margin-top:0;margin-bottom:0;padding-top:var(--wp--preset--spacing--20);padding-bottom:var(--wp--preset--spacing--20)\">\n<div class=\"wp-block-columns alignwide is-layout-flex wp-container-core-columns-is-layout-fa584acd wp-block-columns-is-layout-flex\">\n<div class=\"wp-block-column is-vertically-aligned-center is-layout-flow wp-block-column-is-layout-flow\">\n<h2 class=\"wp-block-heading has-accent-1-color has-text-color has-link-color has-xx-large-font-size wp-elements-a74e808d479888d168331b945f3f2f99\"><strong>LE MOT DU PRESIDENT<\/strong><\/h2>\n\n\n\n<p class=\"has-large-font-size\">Cher(e)s passionn\u00e9(e)s,<br>Le rugby est un vecteur de valeurs et un acteur de coh\u00e9sion sociale. Aujourd\u2019hui, nos clubs rel\u00e8vent des <strong>d\u00e9fis de grande ampleur<\/strong>, en promouvant le <strong>respect, l\u2019inclusion et la lutte contre les violences sexuelles et sexistes (VSS)<\/strong>. Ces enjeux d\u00e9passent notre f\u00e9d\u00e9ration : ils concernent la soci\u00e9t\u00e9 dans son ensemble, la jeunesse, et l\u2019image d\u2019un sport responsable. \u00c0 travers nos actions et \u00e9v\u00e9nements, nous affirmons notre volont\u00e9 d\u2019un rugby exemplaire, ouvert \u00e0 tous, capable de transmettre ses valeurs et d\u2019inspirer confiance \u00e0 l\u2019ensemble de nos partenaires.<\/p>\n\n\n\n<p class=\"has-large-font-size\">Franck Lemann, Pr\u00e9sident r\u00e9\u00e9lu.<\/p>\n<\/div>\n\n\n\n<div class=\"wp-block-column is-vertically-aligned-center is-layout-flow wp-block-column-is-layout-flow\">\n<figure class=\"wp-block-image size-full\"><img loading=\"lazy\" decoding=\"async\" width=\"1080\" height=\"1080\" src=\"http:\/\/3w.ffsr.fr\/wp-content\/uploads\/2025\/10\/FFSR-Federation-Francaise-des-Supporters-de-Rugby-President-Franck-Lemann.jpg\" alt=\"\" class=\"wp-image-1115\" style=\"aspect-ratio:1;object-fit:cover\" srcset=\"https:\/\/3w.ffsr.fr\/wp-content\/uploads\/2025\/10\/FFSR-Federation-Francaise-des-Supporters-de-Rugby-President-Franck-Lemann.jpg 1080w, https:\/\/3w.ffsr.fr\/wp-content\/uploads\/2025\/10\/FFSR-Federation-Francaise-des-Supporters-de-Rugby-President-Franck-Lemann-300x300.jpg 300w, https:\/\/3w.ffsr.fr\/wp-content\/uploads\/2025\/10\/FFSR-Federation-Francaise-des-Supporters-de-Rugby-President-Franck-Lemann-1024x1024.jpg 1024w, https:\/\/3w.ffsr.fr\/wp-content\/uploads\/2025\/10\/FFSR-Federation-Francaise-des-Supporters-de-Rugby-President-Franck-Lemann-150x150.jpg 150w, https:\/\/3w.ffsr.fr\/wp-content\/uploads\/2025\/10\/FFSR-Federation-Francaise-des-Supporters-de-Rugby-President-Franck-Lemann-768x768.jpg 768w\" sizes=\"auto, (max-width: 1080px) 100vw, 1080px\" \/><\/figure>\n<\/div>\n<\/div>\n<\/div>\n\n\n\n<div class=\"wp-block-group alignfull has-global-padding is-layout-constrained wp-block-group-is-layout-constrained\" style=\"margin-top:0;margin-bottom:0\">\n<div class=\"wp-block-group alignwide is-layout-flow wp-container-core-group-is-layout-d58a0413 wp-block-group-is-layout-flow\" style=\"padding-top:var(--wp--preset--spacing--50);padding-bottom:var(--wp--preset--spacing--50)\">\n<h2 class=\"wp-block-heading has-accent-1-color has-text-color has-link-color has-xx-large-font-size wp-elements-a97eba611bcc77871a7b4dec6d11ca33\"><strong>1 MISSION, 3 VALEURS<\/strong><\/h2>\n\n\n\n<div class=\"wp-block-columns is-layout-flex wp-container-core-columns-is-layout-cbe57604 wp-block-columns-is-layout-flex\">\n<div class=\"wp-block-column is-layout-flow wp-block-column-is-layout-flow\">\n<div class=\"wp-block-group is-layout-flow wp-block-group-is-layout-flow\" style=\"border-top-color:var(--wp--preset--color--accent-6);border-top-width:1px;padding-top:var(--wp--preset--spacing--30);padding-bottom:var(--wp--preset--spacing--30)\">\n<h3 class=\"wp-block-heading has-accent-2-color has-text-color has-link-color wp-elements-e6e6cff154cbe0876131eae2fb57537e\"><strong>Notre Mission<\/strong><\/h3>\n\n\n\n<p class=\"has-accent-2-color has-text-color has-link-color wp-elements-69052b048a623d949857cac271530b34\">\u0152uvrer \u00e0 la reconnaissance des supporters comme acteurs essentiels du rugby, fait entendre leur voix aupr\u00e8s des instances sportives et institutionnelles et \u0153uvre \u00e9galement \u00e0 l&rsquo;accueil et la transmission des valeurs de notre sport aux nouveaux publics. Elle soutient la cr\u00e9ation, l\u2019animation et le d\u00e9veloppement des clubs de supporters partout en France.<\/p>\n<\/div>\n<\/div>\n\n\n\n<div class=\"wp-block-column is-layout-flow wp-block-column-is-layout-flow\">\n<div class=\"wp-block-group is-layout-flow wp-block-group-is-layout-flow\" style=\"border-top-color:var(--wp--preset--color--accent-6);border-top-width:1px;padding-top:var(--wp--preset--spacing--30);padding-bottom:var(--wp--preset--spacing--30)\">\n<h3 class=\"wp-block-heading has-accent-1-color has-text-color has-link-color wp-elements-3e10dacf0475d33c3521bca2b710420a\"><strong>Valeur n\u00b01 &#8211; Respect<\/strong><\/h3>\n\n\n\n<p>La FFSR d\u00e9fend avec d\u00e9termination le respect dans le rugby, par ses actions r\u00e9currentes et son engagement total avec les grandes instances.<\/p>\n<\/div>\n<\/div>\n<\/div>\n\n\n\n<div class=\"wp-block-columns is-layout-flex wp-container-core-columns-is-layout-cbe57604 wp-block-columns-is-layout-flex\">\n<div class=\"wp-block-column is-layout-flow wp-block-column-is-layout-flow\">\n<div class=\"wp-block-group is-layout-flow wp-block-group-is-layout-flow\" style=\"border-top-color:var(--wp--preset--color--accent-6);border-top-width:1px;padding-top:var(--wp--preset--spacing--30);padding-bottom:var(--wp--preset--spacing--30)\">\n<h3 class=\"wp-block-heading has-accent-1-color has-text-color has-link-color wp-elements-8ba7d50e7ffaef7994af4da7c36298a0\"><strong>Valeur n\u00b02 &#8211; Convivialit\u00e9<\/strong><\/h3>\n\n\n\n<p>Chaque week-end, partout en France, nos clubs de supporters adh\u00e9rents se donnent rendez-vous, se retrouvent et partagent leur passion.<\/p>\n<\/div>\n<\/div>\n\n\n\n<div class=\"wp-block-column is-layout-flow wp-block-column-is-layout-flow\">\n<div class=\"wp-block-group is-layout-flow wp-block-group-is-layout-flow\" style=\"border-top-color:var(--wp--preset--color--accent-6);border-top-width:1px;padding-top:var(--wp--preset--spacing--30);padding-bottom:var(--wp--preset--spacing--30)\">\n<h3 class=\"wp-block-heading has-accent-1-color has-text-color has-link-color wp-elements-f8104de6b3f9d78234597211852e9d4e\"><strong>Valeur n\u00b03 &#8211; Solidarit\u00e9<\/strong><\/h3>\n\n\n\n<p>Tout au long de l\u2019ann\u00e9e, nos projets RSE apportent joie aux enfants et offrent un soutien concret aux personnes les plus d\u00e9favoris\u00e9es.<\/p>\n<\/div>\n<\/div>\n<\/div>\n<\/div>\n<\/div>\n\n\n\n<div class=\"wp-block-group alignfull has-global-padding is-layout-constrained wp-block-group-is-layout-constrained\" style=\"margin-top:0;margin-bottom:0\">\n<div class=\"wp-block-group alignfull has-global-padding is-layout-constrained wp-container-core-group-is-layout-0c9c989a wp-block-group-is-layout-constrained\" style=\"min-height:0vh;margin-top:0;margin-bottom:0;padding-top:var(--wp--preset--spacing--70);padding-right:var(--wp--preset--spacing--40);padding-bottom:var(--wp--preset--spacing--70);padding-left:var(--wp--preset--spacing--40)\">\n<div class=\"wp-block-group has-global-padding is-layout-constrained wp-container-core-group-is-layout-346627ba wp-block-group-is-layout-constrained\">\n<h2 class=\"wp-block-heading has-text-align-center has-accent-1-color has-text-color has-link-color has-xx-large-font-size wp-elements-9831da61ec5b739a28342f3ee4682e4d\" style=\"margin-right:0;margin-left:0;padding-right:0;padding-left:0\"><strong>RENCONTRE<\/strong><\/h2>\n\n\n\n<p class=\"has-text-align-center\">La rencontre est notre terrain commun, o\u00f9 l\u2019esprit d\u2019\u00e9quipe et la passion du rugby construisent des projets conviviaux &amp; durables.<\/p>\n\n\n\n<div class=\"wp-block-buttons is-content-justification-center is-layout-flex wp-container-core-buttons-is-layout-a89b3969 wp-block-buttons-is-layout-flex\">\n<div class=\"wp-block-button\"><a class=\"wp-block-button__link wp-element-button\" href=\"http:\/\/3w.ffsr.fr\/index.php\/contact\/\"><strong>CONTACT<\/strong><\/a><\/div>\n<\/div>\n<\/div>\n<\/div>\n<\/div>\n","protected":false},"excerpt":{"rendered":"<p>LE MOT DU PRESIDENT Cher(e)s passionn\u00e9(e)s,Le rugby est un vecteur de valeurs et un acteur de coh\u00e9sion sociale. Aujourd\u2019hui, nos clubs rel\u00e8vent des d\u00e9fis de grande ampleur, en promouvant le respect, l\u2019inclusion et la lutte contre les violences sexuelles et sexistes (VSS). Ces enjeux d\u00e9passent notre f\u00e9d\u00e9ration : ils concernent la soci\u00e9t\u00e9 dans son ensemble, [&hellip;]<\/p>\n","protected":false},"author":1,"featured_media":0,"parent":0,"menu_order":0,"comment_status":"closed","ping_status":"closed","template":"","meta":{"h5ap_radio_sources":[],"footnotes":""},"class_list":["post-387","page","type-page","status-publish","hentry"],"jetpack_sharing_enabled":true,"_links":{"self":[{"href":"https:\/\/3w.ffsr.fr\/index.php\/wp-json\/wp\/v2\/pages\/387","targetHints":{"allow":["GET"]}}],"collection":[{"href":"https:\/\/3w.ffsr.fr\/index.php\/wp-json\/wp\/v2\/pages"}],"about":[{"href":"https:\/\/3w.ffsr.fr\/index.php\/wp-json\/wp\/v2\/types\/page"}],"author":[{"embeddable":true,"href":"https:\/\/3w.ffsr.fr\/index.php\/wp-json\/wp\/v2\/users\/1"}],"replies":[{"embeddable":true,"href":"https:\/\/3w.ffsr.fr\/index.php\/wp-json\/wp\/v2\/comments?post=387"}],"version-history":[{"count":42,"href":"https:\/\/3w.ffsr.fr\/index.php\/wp-json\/wp\/v2\/pages\/387\/revisions"}],"predecessor-version":[{"id":1891,"href":"https:\/\/3w.ffsr.fr\/index.php\/wp-json\/wp\/v2\/pages\/387\/revisions\/1891"}],"wp:attachment":[{"href":"https:\/\/3w.ffsr.fr\/index.php\/wp-json\/wp\/v2\/media?parent=387"}],"curies":[{"name":"wp","href":"https:\/\/api.w.org\/{rel}","templated":true}]}}