{"id":3518,"date":"2026-04-04T09:51:29","date_gmt":"2026-04-04T09:51:29","guid":{"rendered":"https:\/\/3w.ffsr.fr\/?page_id=3518"},"modified":"2026-04-10T10:41:43","modified_gmt":"2026-04-10T10:41:43","slug":"odp-soutiens","status":"publish","type":"page","link":"https:\/\/3w.ffsr.fr\/index.php\/odp-soutiens\/","title":{"rendered":"ODP-Soutiens"},"content":{"rendered":"\n<h3 class=\"wp-block-heading alignwide has-text-align-center has-accent-1-color has-text-color has-link-color has-xx-large-font-size wp-elements-704e89d70c1533cc58c3ce2c520c2440\"><strong>MERCI A TOUS NOS AMBASSADEURS<br>#FFSRODP<\/strong><\/h3>\n\n\n\n<div class=\"wp-block-group alignfull has-global-padding is-layout-constrained wp-container-core-group-is-layout-ebee8dc1 wp-block-group-is-layout-constrained\" style=\"margin-top:0;margin-bottom:0;padding-top:var(--wp--preset--spacing--50);padding-bottom:var(--wp--preset--spacing--50)\">\n<div class=\"wp-block-group alignwide is-style-default is-layout-grid wp-container-core-group-is-layout-7c57a02f wp-block-group-is-layout-grid\" style=\"border-style:none;border-width:0px;border-top-left-radius:0px;border-top-right-radius:0px;border-bottom-left-radius:0px;border-bottom-right-radius:0px;min-height:0px;margin-top:0;margin-bottom:0;padding-right:0;padding-left:0\">\n<figure class=\"wp-block-embed is-type-video is-provider-youtube wp-block-embed-youtube wp-embed-aspect-9-16 wp-has-aspect-ratio\" style=\"margin-right:var(--wp--preset--spacing--40);margin-left:var(--wp--preset--spacing--40)\"><div class=\"wp-block-embed__wrapper\">\n<iframe loading=\"lazy\" title=\"FFSR x ODP - Faisons un Don! \ud83c\udfc9 La famille #rugby au soutien des orphelins des #sapeurspompiers \ud83d\ude92I\" width=\"422\" height=\"750\" src=\"https:\/\/www.youtube.com\/embed\/i2Obcid18sE?feature=oembed\" frameborder=\"0\" allow=\"accelerometer; autoplay; clipboard-write; encrypted-media; gyroscope; picture-in-picture; web-share\" referrerpolicy=\"strict-origin-when-cross-origin\" allowfullscreen><\/iframe>\n<\/div><figcaption class=\"wp-element-caption\">Vid\u00e9o de Pr\u00e9sentation<\/figcaption><\/figure>\n\n\n\n<figure class=\"wp-block-embed is-type-video is-provider-youtube wp-block-embed-youtube wp-embed-aspect-9-16 wp-has-aspect-ratio\" style=\"margin-right:var(--wp--preset--spacing--40);margin-left:var(--wp--preset--spacing--40)\"><div class=\"wp-block-embed__wrapper\">\n<iframe loading=\"lazy\" title=\"FFSR x ODP - Laurent BENEZECH \ud83c\udfc9 La famille #rugby au soutien des orphelins des #sapeurspompiers \ud83d\ude92\" width=\"422\" height=\"750\" src=\"https:\/\/www.youtube.com\/embed\/2QSlV-QE7HI?feature=oembed\" frameborder=\"0\" allow=\"accelerometer; autoplay; clipboard-write; encrypted-media; gyroscope; picture-in-picture; web-share\" referrerpolicy=\"strict-origin-when-cross-origin\" allowfullscreen><\/iframe>\n<\/div><figcaption class=\"wp-element-caption\">Laurent BENEZECH, Rugby &amp; Parrain FFSRxODP<\/figcaption><\/figure>\n\n\n\n<figure class=\"wp-block-embed is-type-video is-provider-youtube wp-block-embed-youtube wp-embed-aspect-9-16 wp-has-aspect-ratio\" style=\"margin-right:var(--wp--preset--spacing--40);margin-left:var(--wp--preset--spacing--40)\"><div class=\"wp-block-embed__wrapper\">\n<iframe loading=\"lazy\" title=\"FFSR x ODP - Maylis BONNIN \ud83c\udfc9 La famille Rugby au soutien des orphelins des #sapeurspompiers \ud83d\ude92\" width=\"422\" height=\"750\" src=\"https:\/\/www.youtube.com\/embed\/B6ma0oCQE7s?feature=oembed\" frameborder=\"0\" allow=\"accelerometer; autoplay; clipboard-write; encrypted-media; gyroscope; picture-in-picture; web-share\" referrerpolicy=\"strict-origin-when-cross-origin\" allowfullscreen><\/iframe>\n<\/div><figcaption class=\"wp-element-caption\">Maylis BONNIN, Rugby<\/figcaption><\/figure>\n\n\n\n<figure class=\"wp-block-embed is-type-video is-provider-youtube wp-block-embed-youtube wp-embed-aspect-9-16 wp-has-aspect-ratio\" style=\"margin-right:var(--wp--preset--spacing--40);margin-left:var(--wp--preset--spacing--40)\"><div class=\"wp-block-embed__wrapper\">\n<iframe loading=\"lazy\" title=\"FFSR x ODP - Michael HOOPER \ud83c\udfc9 La famille Rugby au soutien des orphelins des #sapeurspompiers \ud83d\ude92\" width=\"422\" height=\"750\" src=\"https:\/\/www.youtube.com\/embed\/zZYGfgaKH8M?feature=oembed\" frameborder=\"0\" allow=\"accelerometer; autoplay; clipboard-write; encrypted-media; gyroscope; picture-in-picture; web-share\" referrerpolicy=\"strict-origin-when-cross-origin\" allowfullscreen><\/iframe>\n<\/div><figcaption class=\"wp-element-caption\">Michael HOOPER, Rugby<\/figcaption><\/figure>\n\n\n\n<figure class=\"wp-block-embed is-type-video is-provider-youtube wp-block-embed-youtube wp-embed-aspect-9-16 wp-has-aspect-ratio\" style=\"margin-right:var(--wp--preset--spacing--40);margin-left:var(--wp--preset--spacing--40)\"><div class=\"wp-block-embed__wrapper\">\n<iframe loading=\"lazy\" title=\"FFSR x ODP - Julie ANNERY \ud83c\udfc9 La famille Rugby au soutien des orphelins des #sapeurspompiers \ud83d\ude92\" width=\"422\" height=\"750\" src=\"https:\/\/www.youtube.com\/embed\/6xqKfaYKr3Q?feature=oembed\" frameborder=\"0\" allow=\"accelerometer; autoplay; clipboard-write; encrypted-media; gyroscope; picture-in-picture; web-share\" referrerpolicy=\"strict-origin-when-cross-origin\" allowfullscreen><\/iframe>\n<\/div><figcaption class=\"wp-element-caption\">Julie ANNERY, Rugby<\/figcaption><\/figure>\n\n\n\n<figure class=\"wp-block-embed is-type-video is-provider-youtube wp-block-embed-youtube wp-embed-aspect-9-16 wp-has-aspect-ratio\" style=\"margin-right:var(--wp--preset--spacing--40);margin-left:var(--wp--preset--spacing--40)\"><div class=\"wp-block-embed__wrapper\">\n<iframe loading=\"lazy\" title=\"FFSR x ODP - Wilfried TEMPLIER \ud83c\udfc9 La famille Rugby au soutien des orphelins des #sapeurspompiers \ud83d\ude92\" width=\"422\" height=\"750\" src=\"https:\/\/www.youtube.com\/embed\/ossrke9XWoQ?feature=oembed\" frameborder=\"0\" allow=\"accelerometer; autoplay; clipboard-write; encrypted-media; gyroscope; picture-in-picture; web-share\" referrerpolicy=\"strict-origin-when-cross-origin\" allowfullscreen><\/iframe>\n<\/div><figcaption class=\"wp-element-caption\">Wilfried TEMPLIER, Journaliste RMC Sport<\/figcaption><\/figure>\n\n\n\n<figure class=\"wp-block-embed is-type-video is-provider-youtube wp-block-embed-youtube wp-embed-aspect-9-16 wp-has-aspect-ratio\" style=\"margin-right:var(--wp--preset--spacing--40);margin-left:var(--wp--preset--spacing--40)\"><div class=\"wp-block-embed__wrapper\">\n<iframe loading=\"lazy\" title=\"FFSR x ODP - Ge\u0301raldine PONS \ud83c\udfc9 La famille Rugby au soutien des orphelins des #sapeurspompiers \ud83d\ude92\" width=\"422\" height=\"750\" src=\"https:\/\/www.youtube.com\/embed\/Et1Ke_D2Fd0?feature=oembed\" frameborder=\"0\" allow=\"accelerometer; autoplay; clipboard-write; encrypted-media; gyroscope; picture-in-picture; web-share\" referrerpolicy=\"strict-origin-when-cross-origin\" allowfullscreen><\/iframe>\n<\/div><figcaption class=\"wp-element-caption\">G\u00e9raldine PONS, Eurosport France<\/figcaption><\/figure>\n\n\n\n<figure class=\"wp-block-embed is-type-video is-provider-youtube wp-block-embed-youtube wp-embed-aspect-9-16 wp-has-aspect-ratio\" style=\"margin-right:var(--wp--preset--spacing--40);margin-left:var(--wp--preset--spacing--40)\"><div class=\"wp-block-embed__wrapper\">\n<iframe loading=\"lazy\" title=\"FFSR x ODP - Philippe CROIZON \ud83c\udfc9 La famille #rugby au soutien des orphelins des #sapeurspompiers \ud83d\ude92\" width=\"422\" height=\"750\" src=\"https:\/\/www.youtube.com\/embed\/kxKshhoj_W0?feature=oembed\" frameborder=\"0\" allow=\"accelerometer; autoplay; clipboard-write; encrypted-media; gyroscope; picture-in-picture; web-share\" referrerpolicy=\"strict-origin-when-cross-origin\" allowfullscreen><\/iframe>\n<\/div><figcaption class=\"wp-element-caption\">Philippe CROIZON, Handisport<\/figcaption><\/figure>\n\n\n\n<figure class=\"wp-block-embed is-type-video is-provider-youtube wp-block-embed-youtube wp-embed-aspect-9-16 wp-has-aspect-ratio\" style=\"margin-right:var(--wp--preset--spacing--40);margin-left:var(--wp--preset--spacing--40)\"><div class=\"wp-block-embed__wrapper\">\n<iframe loading=\"lazy\" title=\"FFSR x ODP - Valentine LOTHOZ \ud83c\udfc9 La famille Rugby au soutien des orphelins des #sapeurspompiers \ud83d\ude92\" width=\"422\" height=\"750\" src=\"https:\/\/www.youtube.com\/embed\/y_gKStDMMvU?feature=oembed\" frameborder=\"0\" allow=\"accelerometer; autoplay; clipboard-write; encrypted-media; gyroscope; picture-in-picture; web-share\" referrerpolicy=\"strict-origin-when-cross-origin\" allowfullscreen><\/iframe>\n<\/div><figcaption class=\"wp-element-caption\">Valentine LOTHOZ, Rugby<\/figcaption><\/figure>\n\n\n\n<figure class=\"wp-block-embed is-type-video is-provider-youtube wp-block-embed-youtube wp-embed-aspect-9-16 wp-has-aspect-ratio\" style=\"margin-right:var(--wp--preset--spacing--40);margin-left:var(--wp--preset--spacing--40)\"><div class=\"wp-block-embed__wrapper\">\n<iframe loading=\"lazy\" title=\"FFSR x ODP - Henry CHAVANCY \ud83c\udfc9 La famille #rugby au soutien des orphelins des #sapeurspompiers \ud83d\ude92\" width=\"422\" height=\"750\" src=\"https:\/\/www.youtube.com\/embed\/ALYCm0IwQek?feature=oembed\" frameborder=\"0\" allow=\"accelerometer; autoplay; clipboard-write; encrypted-media; gyroscope; picture-in-picture; web-share\" referrerpolicy=\"strict-origin-when-cross-origin\" allowfullscreen><\/iframe>\n<\/div><figcaption class=\"wp-element-caption\">Henry CHAVANCY, Rugby<\/figcaption><\/figure>\n\n\n\n<figure class=\"wp-block-embed is-type-video is-provider-youtube wp-block-embed-youtube wp-embed-aspect-9-16 wp-has-aspect-ratio\" style=\"margin-right:var(--wp--preset--spacing--40);margin-left:var(--wp--preset--spacing--40)\"><div class=\"wp-block-embed__wrapper\">\n<iframe loading=\"lazy\" title=\"FFSR x ODP - Mariama SIGNATE \ud83c\udfc9 La famille Rugby au soutien des orphelins des #sapeurspompiers \ud83d\ude92\" width=\"422\" height=\"750\" src=\"https:\/\/www.youtube.com\/embed\/pp3TypYax20?feature=oembed\" frameborder=\"0\" allow=\"accelerometer; autoplay; clipboard-write; encrypted-media; gyroscope; picture-in-picture; web-share\" referrerpolicy=\"strict-origin-when-cross-origin\" allowfullscreen><\/iframe>\n<\/div><figcaption class=\"wp-element-caption\">Mariama  SIGNATE, Handball<\/figcaption><\/figure>\n\n\n\n<figure class=\"wp-block-embed is-type-video is-provider-youtube wp-block-embed-youtube wp-embed-aspect-9-16 wp-has-aspect-ratio\" style=\"margin-right:var(--wp--preset--spacing--40);margin-left:var(--wp--preset--spacing--40)\"><div class=\"wp-block-embed__wrapper\">\n<iframe loading=\"lazy\" title=\"FFSR x ODP - Pascal MAHE \ud83c\udfc9 La famille #rugby au soutien des orphelins des #sapeurspompiers \ud83d\ude92\" width=\"422\" height=\"750\" src=\"https:\/\/www.youtube.com\/embed\/hGxEmIuL7Wk?feature=oembed\" frameborder=\"0\" allow=\"accelerometer; autoplay; clipboard-write; encrypted-media; gyroscope; picture-in-picture; web-share\" referrerpolicy=\"strict-origin-when-cross-origin\" allowfullscreen><\/iframe>\n<\/div><figcaption class=\"wp-element-caption\">Pascal MAHE, Handball<\/figcaption><\/figure>\n\n\n\n<figure class=\"wp-block-embed is-type-video is-provider-youtube wp-block-embed-youtube wp-embed-aspect-9-16 wp-has-aspect-ratio\" style=\"margin-right:var(--wp--preset--spacing--40);margin-left:var(--wp--preset--spacing--40)\"><div class=\"wp-block-embed__wrapper\">\n<iframe loading=\"lazy\" title=\"FFSR x ODP - Daniele IRAZU \ud83c\udfc9 La famille Rugby au soutien des orphelins des #sapeurspompiers \ud83d\ude92\" width=\"422\" height=\"750\" src=\"https:\/\/www.youtube.com\/embed\/c80NXQbSHyo?feature=oembed\" frameborder=\"0\" allow=\"accelerometer; autoplay; clipboard-write; encrypted-media; gyroscope; picture-in-picture; web-share\" referrerpolicy=\"strict-origin-when-cross-origin\" allowfullscreen><\/iframe>\n<\/div><figcaption class=\"wp-element-caption\">Daniele IRAZU, Rugby<\/figcaption><\/figure>\n\n\n\n<figure class=\"wp-block-embed is-type-video is-provider-youtube wp-block-embed-youtube wp-embed-aspect-9-16 wp-has-aspect-ratio\" style=\"margin-right:var(--wp--preset--spacing--40);margin-left:var(--wp--preset--spacing--40)\"><div class=\"wp-block-embed__wrapper\">\n<iframe loading=\"lazy\" title=\"FFSR x ODP - Michael JONES \ud83c\udfc9 La famille Rugby au soutien des orphelins des #sapeurspompiers \ud83d\ude92\" width=\"422\" height=\"750\" src=\"https:\/\/www.youtube.com\/embed\/9nNn2qsfbG0?feature=oembed\" frameborder=\"0\" allow=\"accelerometer; autoplay; clipboard-write; encrypted-media; gyroscope; picture-in-picture; web-share\" referrerpolicy=\"strict-origin-when-cross-origin\" allowfullscreen><\/iframe>\n<\/div><figcaption class=\"wp-element-caption\">Michael JONES, Artiste<\/figcaption><\/figure>\n\n\n\n<figure class=\"wp-block-embed is-type-video is-provider-youtube wp-block-embed-youtube wp-embed-aspect-9-16 wp-has-aspect-ratio\" style=\"margin-right:var(--wp--preset--spacing--40);margin-left:var(--wp--preset--spacing--40)\"><div class=\"wp-block-embed__wrapper\">\n<iframe loading=\"lazy\" title=\"FFSR x ODP - Carla NEISEN \ud83c\udfc9 La famille Rugby au soutien des orphelins des #sapeurspompiers \ud83d\ude92\" width=\"422\" height=\"750\" src=\"https:\/\/www.youtube.com\/embed\/TH74JiF7ASQ?feature=oembed\" frameborder=\"0\" allow=\"accelerometer; autoplay; clipboard-write; encrypted-media; gyroscope; picture-in-picture; web-share\" referrerpolicy=\"strict-origin-when-cross-origin\" allowfullscreen><\/iframe>\n<\/div><figcaption class=\"wp-element-caption\">Carla NEISEN, Rugby<\/figcaption><\/figure>\n\n\n\n<figure class=\"wp-block-embed is-type-video is-provider-youtube wp-block-embed-youtube wp-embed-aspect-9-16 wp-has-aspect-ratio\" style=\"margin-right:var(--wp--preset--spacing--40);margin-left:var(--wp--preset--spacing--40)\"><div class=\"wp-block-embed__wrapper\">\n<iframe loading=\"lazy\" title=\"FFSR x ODP - Fulgence OUEDRAOGO \ud83c\udfc9 La famille #rugby au soutien des orphelins des #sapeurspompiers \ud83d\ude92\" width=\"422\" height=\"750\" src=\"https:\/\/www.youtube.com\/embed\/JhT5zke-Q-k?feature=oembed\" frameborder=\"0\" allow=\"accelerometer; autoplay; clipboard-write; encrypted-media; gyroscope; picture-in-picture; web-share\" referrerpolicy=\"strict-origin-when-cross-origin\" allowfullscreen><\/iframe>\n<\/div><figcaption class=\"wp-element-caption\">Fulgence OUEDRAOGO, Rugby<\/figcaption><\/figure>\n\n\n\n<figure class=\"wp-block-embed is-type-video is-provider-youtube wp-block-embed-youtube wp-embed-aspect-9-16 wp-has-aspect-ratio\" style=\"margin-right:var(--wp--preset--spacing--40);margin-left:var(--wp--preset--spacing--40)\"><div class=\"wp-block-embed__wrapper\">\n<iframe loading=\"lazy\" title=\"FFSR x ODP - Adrien MARBOT \ud83c\udfc9 La famille Rugby au soutien des orphelins des #sapeurspompiers \ud83d\ude92\" width=\"422\" height=\"750\" src=\"https:\/\/www.youtube.com\/embed\/S52Vc9Qt9PY?feature=oembed\" frameborder=\"0\" allow=\"accelerometer; autoplay; clipboard-write; encrypted-media; gyroscope; picture-in-picture; web-share\" referrerpolicy=\"strict-origin-when-cross-origin\" allowfullscreen><\/iframe>\n<\/div><figcaption class=\"wp-element-caption\">Adrien MARBOT, Rugby<\/figcaption><\/figure>\n\n\n\n<figure class=\"wp-block-embed is-type-video is-provider-youtube wp-block-embed-youtube wp-embed-aspect-9-16 wp-has-aspect-ratio\" style=\"margin-right:var(--wp--preset--spacing--40);margin-left:var(--wp--preset--spacing--40)\"><div class=\"wp-block-embed__wrapper\">\n<iframe loading=\"lazy\" title=\"FFSR x ODP - R\u00e9mi LAMERAT \ud83c\udfc9 La famille #rugby au soutien des orphelins des #sapeurspompiers \ud83d\ude92\" width=\"422\" height=\"750\" src=\"https:\/\/www.youtube.com\/embed\/sxEgImCydrs?feature=oembed\" frameborder=\"0\" allow=\"accelerometer; autoplay; clipboard-write; encrypted-media; gyroscope; picture-in-picture; web-share\" referrerpolicy=\"strict-origin-when-cross-origin\" allowfullscreen><\/iframe>\n<\/div><figcaption class=\"wp-element-caption\">R\u00e9mi LAMERAT, Rugby<\/figcaption><\/figure>\n\n\n\n<figure class=\"wp-block-embed is-type-video is-provider-youtube wp-block-embed-youtube wp-embed-aspect-9-16 wp-has-aspect-ratio\" style=\"margin-right:var(--wp--preset--spacing--40);margin-left:var(--wp--preset--spacing--40)\"><div class=\"wp-block-embed__wrapper\">\n<iframe loading=\"lazy\" title=\"FFSR x ODP - Eric RABESANDRATANA \ud83c\udfc9 La famille Rugby soutient les orphelins des #sapeurspompiers \ud83d\ude92\" width=\"422\" height=\"750\" src=\"https:\/\/www.youtube.com\/embed\/lCHcAUaPCVI?feature=oembed\" frameborder=\"0\" allow=\"accelerometer; autoplay; clipboard-write; encrypted-media; gyroscope; picture-in-picture; web-share\" referrerpolicy=\"strict-origin-when-cross-origin\" allowfullscreen><\/iframe>\n<\/div><figcaption class=\"wp-element-caption\">Eric RABESANDRATANA, Football<\/figcaption><\/figure>\n<\/div>\n<\/div>\n\n\n\n<hr class=\"wp-block-separator has-alpha-channel-opacity\"\/>\n\n\n\n<div class=\"wp-block-group alignfull has-global-padding is-layout-constrained wp-container-core-group-is-layout-fc3172a5 wp-block-group-is-layout-constrained\" style=\"min-height:0vh;margin-top:0;margin-bottom:0;padding-top:var(--wp--preset--spacing--40);padding-right:var(--wp--preset--spacing--40);padding-bottom:var(--wp--preset--spacing--40);padding-left:var(--wp--preset--spacing--40)\">\n<p class=\"has-text-align-center has-xx-large-font-size\">\u00ab\u00a0SOYONS RUGBY,<br>SOYONS SOLIDAIRES.\u00a0\u00bb<\/p>\n\n\n\n<div class=\"wp-block-group has-global-padding is-layout-constrained wp-container-core-group-is-layout-346627ba wp-block-group-is-layout-constrained\">\n<p class=\"has-text-align-center has-xx-large-font-size\">\ud83e\udd1d<\/p>\n\n\n\n<p class=\"has-text-align-center has-x-large-font-size\">Vous \u00eates un club de rugby, un club de supporters, une entreprise, une caserne de pompiers, un particulier, &#8230; et vous voulez participer, partager, b\u00e9n\u00e9ficier d&rsquo;une animation pompiers lors d&rsquo;un match de rugby? <\/p>\n\n\n\n<p class=\"has-text-align-center has-x-large-font-size\">Nous sommes l\u00e0 pour vous aider! <\/p>\n\n\n\n<div style=\"height:10px\" aria-hidden=\"true\" class=\"wp-block-spacer\"><\/div>\n\n\n\n<div class=\"wp-block-buttons is-content-justification-center is-layout-flex wp-container-core-buttons-is-layout-a89b3969 wp-block-buttons-is-layout-flex\">\n<div class=\"wp-block-button\"><a class=\"wp-block-button__link has-accent-1-background-color has-background has-large-font-size has-custom-font-size wp-element-button\" href=\"https:\/\/3w.ffsr.fr\/index.php\/contact\/\"><strong>CONTACTEZ-NOUS<\/strong><\/a><\/div>\n<\/div>\n\n\n\n<div style=\"height:20px\" aria-hidden=\"true\" class=\"wp-block-spacer\"><\/div>\n<\/div>\n<\/div>\n","protected":false},"excerpt":{"rendered":"<p>MERCI A TOUS NOS AMBASSADEURS#FFSRODP \u00ab\u00a0SOYONS RUGBY,SOYONS SOLIDAIRES.\u00a0\u00bb \ud83e\udd1d Vous \u00eates un club de rugby, un club de supporters, une entreprise, une caserne de pompiers, un particulier, &#8230; et vous voulez participer, partager, b\u00e9n\u00e9ficier d&rsquo;une animation pompiers lors d&rsquo;un match de rugby? Nous sommes l\u00e0 pour vous aider!<\/p>\n","protected":false},"author":1,"featured_media":0,"parent":0,"menu_order":0,"comment_status":"closed","ping_status":"closed","template":"","meta":{"h5ap_radio_sources":[],"footnotes":""},"class_list":["post-3518","page","type-page","status-publish","hentry"],"jetpack_sharing_enabled":true,"_links":{"self":[{"href":"https:\/\/3w.ffsr.fr\/index.php\/wp-json\/wp\/v2\/pages\/3518","targetHints":{"allow":["GET"]}}],"collection":[{"href":"https:\/\/3w.ffsr.fr\/index.php\/wp-json\/wp\/v2\/pages"}],"about":[{"href":"https:\/\/3w.ffsr.fr\/index.php\/wp-json\/wp\/v2\/types\/page"}],"author":[{"embeddable":true,"href":"https:\/\/3w.ffsr.fr\/index.php\/wp-json\/wp\/v2\/users\/1"}],"replies":[{"embeddable":true,"href":"https:\/\/3w.ffsr.fr\/index.php\/wp-json\/wp\/v2\/comments?post=3518"}],"version-history":[{"count":22,"href":"https:\/\/3w.ffsr.fr\/index.php\/wp-json\/wp\/v2\/pages\/3518\/revisions"}],"predecessor-version":[{"id":3596,"href":"https:\/\/3w.ffsr.fr\/index.php\/wp-json\/wp\/v2\/pages\/3518\/revisions\/3596"}],"wp:attachment":[{"href":"https:\/\/3w.ffsr.fr\/index.php\/wp-json\/wp\/v2\/media?parent=3518"}],"curies":[{"name":"wp","href":"https:\/\/api.w.org\/{rel}","templated":true}]}}