{"id":2806,"date":"2026-02-28T09:05:05","date_gmt":"2026-02-28T09:05:05","guid":{"rendered":"https:\/\/3w.ffsr.fr\/?page_id=2806"},"modified":"2026-03-10T13:47:11","modified_gmt":"2026-03-10T13:47:11","slug":"marcoussis-2026","status":"publish","type":"page","link":"https:\/\/3w.ffsr.fr\/index.php\/marcoussis-2026\/","title":{"rendered":"Marcoussis 2026"},"content":{"rendered":"\n<h2 class=\"wp-block-heading has-text-align-center has-accent-1-color has-text-color has-link-color has-xx-large-font-size wp-elements-76c14326248870df288b7bc6f08476a5\"><strong><strong>\u23f0<\/strong><\/strong><br><strong><strong>LE PROGRAMME<\/strong><\/strong><\/h2>\n\n\n\n<p class=\"has-text-align-center\"><strong><strong>LES JOURNEES DU SUPPORTERISME 2026<\/strong><\/strong><\/p>\n\n\n\n<div style=\"height:20px\" aria-hidden=\"true\" class=\"wp-block-spacer\"><\/div>\n\n\n\n<figure class=\"wp-block-image aligncenter size-medium\"><img loading=\"lazy\" decoding=\"async\" width=\"300\" height=\"300\" src=\"https:\/\/3w.ffsr.fr\/wp-content\/uploads\/2026\/03\/FFSR-France-Angleterre-Marcoussis-2026-300x300.jpg\" alt=\"\" class=\"wp-image-3012\" srcset=\"https:\/\/3w.ffsr.fr\/wp-content\/uploads\/2026\/03\/FFSR-France-Angleterre-Marcoussis-2026-300x300.jpg 300w, https:\/\/3w.ffsr.fr\/wp-content\/uploads\/2026\/03\/FFSR-France-Angleterre-Marcoussis-2026-150x150.jpg 150w, https:\/\/3w.ffsr.fr\/wp-content\/uploads\/2026\/03\/FFSR-France-Angleterre-Marcoussis-2026.jpg 675w\" sizes=\"auto, (max-width: 300px) 100vw, 300px\" \/><\/figure>\n\n\n\n<div style=\"height:20px\" aria-hidden=\"true\" class=\"wp-block-spacer\"><\/div>\n\n\n\n<hr class=\"wp-block-separator has-alpha-channel-opacity\"\/>\n\n\n\n<div style=\"height:20px\" aria-hidden=\"true\" class=\"wp-block-spacer\"><\/div>\n\n\n\n<h3 class=\"wp-block-heading has-accent-1-color has-text-color has-link-color has-x-large-font-size wp-elements-b139fe06033247a786b114d496282c25\" style=\"text-transform:capitalize\"><strong><strong><strong>Vendredi 13 mars<\/strong><\/strong><\/strong><\/h3>\n\n\n\n<p><strong>16h00<\/strong> &#8211; Accueil des participants au CNR (forfait 2 nuits)&nbsp;<\/p>\n\n\n\n<p><strong>20h00<\/strong> &#8211; Restaurant \u00e0 l\u2019ext\u00e9rieur<\/p>\n\n\n\n<p>H\u00e9bergement au CNR<\/p>\n\n\n\n<div style=\"height:20px\" aria-hidden=\"true\" class=\"wp-block-spacer\"><\/div>\n\n\n\n<hr class=\"wp-block-separator has-alpha-channel-opacity\"\/>\n\n\n\n<div style=\"height:20px\" aria-hidden=\"true\" class=\"wp-block-spacer\"><\/div>\n\n\n\n<h3 class=\"wp-block-heading has-accent-1-color has-text-color has-link-color has-x-large-font-size wp-elements-99eb958d78cf375c15d3f2a02b608e99\" style=\"text-transform:capitalize\"><strong><strong><strong>Samedi 14 mars<\/strong><\/strong><\/strong><\/h3>\n\n\n\n<p><strong>08h00<\/strong> \u2013 Petit-d\u00e9jeuner<\/p>\n\n\n\n<p><strong>08h30<\/strong> \u2013 Accueil des participants (forfait 1 nuit)<\/p>\n\n\n\n<p><strong>09h30 &gt; 11h30<\/strong> \u2013 R\u00e9union avec intervention d\u2019un sp\u00e9cialiste sur une th\u00e9matique d\u00e9di\u00e9e<\/p>\n\n\n\n<p><strong>12h30<\/strong> \u2013 D\u00e9jeuner<\/p>\n\n\n\n<p><strong>13h30<\/strong> \u2013 Concours de p\u00e9tanque molle (<strong><a href=\"https:\/\/3w.ffsr.fr\/index.php\/petanque\/\" data-type=\"page\" data-id=\"3036\">INSCRIPTION<\/a><\/strong>)<\/p>\n\n\n\n<p><strong>14h30<\/strong> &#8211; Visite libre du CNR<\/p>\n\n\n\n<p><strong>16h45<\/strong> \u2013 D\u00e9part en bus pour le Stade de France<\/p>\n\n\n\n<p><strong>21h00<\/strong> \u2013 Match France \/ Angleterre (<strong><a href=\"https:\/\/3w.ffsr.fr\/index.php\/animations\/\" data-type=\"page\" data-id=\"398\">ANIMATIONS<\/a><\/strong>)<\/p>\n\n\n\n<p><strong>23h59<\/strong> &#8211; Retour en bus \u00e0 Marcoussis \u00e0 l\u2019issue de la rencontre, Diner<\/p>\n\n\n\n<p>H\u00e9bergement au CNR<\/p>\n\n\n\n<div style=\"height:20px\" aria-hidden=\"true\" class=\"wp-block-spacer\"><\/div>\n\n\n\n<hr class=\"wp-block-separator has-alpha-channel-opacity\"\/>\n\n\n\n<div style=\"height:20px\" aria-hidden=\"true\" class=\"wp-block-spacer\"><\/div>\n\n\n\n<h3 class=\"wp-block-heading has-accent-1-color has-text-color has-link-color has-x-large-font-size wp-elements-a651a999b9efb3a8475e02d8ea622681\" style=\"text-transform:capitalize\"><strong><strong><strong><strong><strong>Dimanche 15 mars<\/strong><\/strong><\/strong><\/strong><\/strong><\/h3>\n\n\n\n<p><strong>07h15<\/strong> &#8211; Footing dans le CNR<\/p>\n\n\n\n<p><strong>08h00<\/strong> \u2013 Petit-d\u00e9jeuner<\/p>\n\n\n\n<p>D\u00e9part libre <strong>avant 11h00<\/strong><\/p>\n\n\n\n<div style=\"height:20px\" aria-hidden=\"true\" class=\"wp-block-spacer\"><\/div>\n\n\n\n<hr class=\"wp-block-separator has-alpha-channel-opacity\"\/>\n\n\n\n<div style=\"height:66px\" aria-hidden=\"true\" class=\"wp-block-spacer\"><\/div>\n\n\n\n<h2 class=\"wp-block-heading has-text-align-center has-accent-1-color has-text-color has-link-color has-xx-large-font-size wp-elements-914863b77bbcb0d75158aa579785c379\"><strong>LES ACTIVITES<\/strong><\/h2>\n\n\n\n<p class=\"has-text-align-center has-accent-1-color has-text-color has-link-color has-large-font-size wp-elements-24398ad118094f182ae22ba500db52d6\">Un week-end bien croquant<\/p>\n\n\n\n<div style=\"height:40px\" aria-hidden=\"true\" class=\"wp-block-spacer\"><\/div>\n\n\n\n<div class=\"wp-block-group alignfull has-global-padding is-layout-constrained wp-container-core-group-is-layout-fdabefd0 wp-block-group-is-layout-constrained\" style=\"margin-top:0;margin-bottom:0;padding-top:0;padding-bottom:0\">\n<div class=\"wp-block-columns alignwide is-layout-flex wp-container-core-columns-is-layout-cdebebb7 wp-block-columns-is-layout-flex\" style=\"padding-top:0;padding-bottom:0\">\n<div class=\"wp-block-column is-layout-flow wp-container-core-column-is-layout-be95e8ed wp-block-column-is-layout-flow\" style=\"padding-top:0\">\n<figure class=\"wp-block-image size-full\" style=\"margin-top:0;margin-bottom:0\"><img loading=\"lazy\" decoding=\"async\" width=\"1080\" height=\"1080\" src=\"https:\/\/3w.ffsr.fr\/wp-content\/uploads\/2026\/02\/Rugby-JDS-Marcoussis-CNR-03.jpg\" alt=\"\" class=\"wp-image-2837\" srcset=\"https:\/\/3w.ffsr.fr\/wp-content\/uploads\/2026\/02\/Rugby-JDS-Marcoussis-CNR-03.jpg 1080w, https:\/\/3w.ffsr.fr\/wp-content\/uploads\/2026\/02\/Rugby-JDS-Marcoussis-CNR-03-300x300.jpg 300w, https:\/\/3w.ffsr.fr\/wp-content\/uploads\/2026\/02\/Rugby-JDS-Marcoussis-CNR-03-1024x1024.jpg 1024w, https:\/\/3w.ffsr.fr\/wp-content\/uploads\/2026\/02\/Rugby-JDS-Marcoussis-CNR-03-150x150.jpg 150w, https:\/\/3w.ffsr.fr\/wp-content\/uploads\/2026\/02\/Rugby-JDS-Marcoussis-CNR-03-768x768.jpg 768w\" sizes=\"auto, (max-width: 1080px) 100vw, 1080px\" \/><\/figure>\n\n\n\n<div class=\"wp-block-group is-vertical is-layout-flex wp-container-core-group-is-layout-971a3e1f wp-block-group-is-layout-flex\" style=\"padding-top:var(--wp--preset--spacing--30)\">\n<h3 class=\"wp-block-heading\" style=\"padding-top:var(--wp--preset--spacing--20)\"><strong>BIENVENUE<\/strong><\/h3>\n\n\n\n<p class=\"has-text-color has-link-color has-medium-font-size wp-elements-ae68ebed539d26a4b7b07df90bfd726b\" style=\"color:#666666\"><br>\ud83d\udccd 3-5 rue Jean de Montaigu<br>91463&nbsp;Marcoussis.<\/p>\n\n\n\n<div style=\"height:0px\" aria-hidden=\"true\" class=\"wp-block-spacer wp-container-content-765da3b9\"><\/div>\n<\/div>\n<\/div>\n\n\n\n<div class=\"wp-block-column is-layout-flow wp-container-core-column-is-layout-be95e8ed wp-block-column-is-layout-flow\" style=\"padding-top:0\">\n<figure class=\"wp-block-image size-full\" style=\"margin-top:0;margin-bottom:0\"><img loading=\"lazy\" decoding=\"async\" width=\"1080\" height=\"1080\" src=\"https:\/\/3w.ffsr.fr\/wp-content\/uploads\/2025\/11\/FFSR-Supporters-de-Rugby-Evenements-Journees-du-Supporterisme-Marcoussis-CNR-Hotel.jpg\" alt=\"\" class=\"wp-image-1367\" srcset=\"https:\/\/3w.ffsr.fr\/wp-content\/uploads\/2025\/11\/FFSR-Supporters-de-Rugby-Evenements-Journees-du-Supporterisme-Marcoussis-CNR-Hotel.jpg 1080w, https:\/\/3w.ffsr.fr\/wp-content\/uploads\/2025\/11\/FFSR-Supporters-de-Rugby-Evenements-Journees-du-Supporterisme-Marcoussis-CNR-Hotel-300x300.jpg 300w, https:\/\/3w.ffsr.fr\/wp-content\/uploads\/2025\/11\/FFSR-Supporters-de-Rugby-Evenements-Journees-du-Supporterisme-Marcoussis-CNR-Hotel-1024x1024.jpg 1024w, https:\/\/3w.ffsr.fr\/wp-content\/uploads\/2025\/11\/FFSR-Supporters-de-Rugby-Evenements-Journees-du-Supporterisme-Marcoussis-CNR-Hotel-150x150.jpg 150w, https:\/\/3w.ffsr.fr\/wp-content\/uploads\/2025\/11\/FFSR-Supporters-de-Rugby-Evenements-Journees-du-Supporterisme-Marcoussis-CNR-Hotel-768x768.jpg 768w\" sizes=\"auto, (max-width: 1080px) 100vw, 1080px\" \/><\/figure>\n\n\n\n<div class=\"wp-block-group is-vertical is-layout-flex wp-container-core-group-is-layout-971a3e1f wp-block-group-is-layout-flex\" style=\"padding-top:var(--wp--preset--spacing--30)\">\n<h3 class=\"wp-block-heading\" style=\"padding-top:var(--wp--preset--spacing--20)\"><strong><strong>BIENVENUE<\/strong><\/strong><\/h3>\n\n\n\n<p class=\"has-text-color has-link-color has-medium-font-size wp-elements-959bc78e769d9b294fef51d5e7064c49\" style=\"color:#666666\"><br>\ud83c\uddeb\ud83c\uddf7 Au coeur des infrastructures des Equipes de France de Rugby.<\/p>\n\n\n\n<div style=\"height:50px\" aria-hidden=\"true\" class=\"wp-block-spacer wp-container-content-765da3b9\"><\/div>\n<\/div>\n<\/div>\n\n\n\n<div class=\"wp-block-column is-layout-flow wp-container-core-column-is-layout-be95e8ed wp-block-column-is-layout-flow\" style=\"padding-top:0\">\n<figure class=\"wp-block-image size-full\" style=\"margin-top:0;margin-bottom:0\"><img loading=\"lazy\" decoding=\"async\" width=\"1080\" height=\"1080\" src=\"https:\/\/3w.ffsr.fr\/wp-content\/uploads\/2025\/11\/FFSR-Supporters-de-Rugby-Evenements-Journees-du-Supporterisme-Marcoussis-CNR-coq.jpg\" alt=\"\" class=\"wp-image-1368\" srcset=\"https:\/\/3w.ffsr.fr\/wp-content\/uploads\/2025\/11\/FFSR-Supporters-de-Rugby-Evenements-Journees-du-Supporterisme-Marcoussis-CNR-coq.jpg 1080w, https:\/\/3w.ffsr.fr\/wp-content\/uploads\/2025\/11\/FFSR-Supporters-de-Rugby-Evenements-Journees-du-Supporterisme-Marcoussis-CNR-coq-300x300.jpg 300w, https:\/\/3w.ffsr.fr\/wp-content\/uploads\/2025\/11\/FFSR-Supporters-de-Rugby-Evenements-Journees-du-Supporterisme-Marcoussis-CNR-coq-1024x1024.jpg 1024w, https:\/\/3w.ffsr.fr\/wp-content\/uploads\/2025\/11\/FFSR-Supporters-de-Rugby-Evenements-Journees-du-Supporterisme-Marcoussis-CNR-coq-150x150.jpg 150w, https:\/\/3w.ffsr.fr\/wp-content\/uploads\/2025\/11\/FFSR-Supporters-de-Rugby-Evenements-Journees-du-Supporterisme-Marcoussis-CNR-coq-768x768.jpg 768w\" sizes=\"auto, (max-width: 1080px) 100vw, 1080px\" \/><\/figure>\n\n\n\n<div class=\"wp-block-group is-vertical is-layout-flex wp-container-core-group-is-layout-971a3e1f wp-block-group-is-layout-flex\" style=\"padding-top:var(--wp--preset--spacing--30)\">\n<h3 class=\"wp-block-heading\" style=\"padding-top:var(--wp--preset--spacing--20)\"><strong><strong>BIENVENUE<\/strong><\/strong><\/h3>\n\n\n\n<p class=\"has-text-color has-link-color has-medium-font-size wp-elements-9cfadf47fa4ba08914ec3b75e755cde3\" style=\"color:#666666\"><br>\ud83d\udc13 Un lieu mythique charg\u00e9 d&rsquo;histoires et de traditions rugbystiques.<\/p>\n\n\n\n<div style=\"height:50px\" aria-hidden=\"true\" class=\"wp-block-spacer wp-container-content-765da3b9\"><\/div>\n<\/div>\n<\/div>\n<\/div>\n\n\n\n<div class=\"wp-block-columns alignwide is-layout-flex wp-container-core-columns-is-layout-cdebebb7 wp-block-columns-is-layout-flex\" style=\"padding-top:0;padding-bottom:0\">\n<div class=\"wp-block-column is-layout-flow wp-container-core-column-is-layout-be95e8ed wp-block-column-is-layout-flow\" style=\"padding-top:0\">\n<figure class=\"wp-block-image size-full\" style=\"margin-top:0;margin-bottom:0\"><img loading=\"lazy\" decoding=\"async\" width=\"1080\" height=\"1080\" src=\"https:\/\/3w.ffsr.fr\/wp-content\/uploads\/2025\/11\/FFSR-Supporters-de-Rugby-Evenements-Journees-du-Supporterisme-Marcoussis-CNR-conference.jpg\" alt=\"\" class=\"wp-image-1369\" srcset=\"https:\/\/3w.ffsr.fr\/wp-content\/uploads\/2025\/11\/FFSR-Supporters-de-Rugby-Evenements-Journees-du-Supporterisme-Marcoussis-CNR-conference.jpg 1080w, https:\/\/3w.ffsr.fr\/wp-content\/uploads\/2025\/11\/FFSR-Supporters-de-Rugby-Evenements-Journees-du-Supporterisme-Marcoussis-CNR-conference-300x300.jpg 300w, https:\/\/3w.ffsr.fr\/wp-content\/uploads\/2025\/11\/FFSR-Supporters-de-Rugby-Evenements-Journees-du-Supporterisme-Marcoussis-CNR-conference-1024x1024.jpg 1024w, https:\/\/3w.ffsr.fr\/wp-content\/uploads\/2025\/11\/FFSR-Supporters-de-Rugby-Evenements-Journees-du-Supporterisme-Marcoussis-CNR-conference-150x150.jpg 150w, https:\/\/3w.ffsr.fr\/wp-content\/uploads\/2025\/11\/FFSR-Supporters-de-Rugby-Evenements-Journees-du-Supporterisme-Marcoussis-CNR-conference-768x768.jpg 768w\" sizes=\"auto, (max-width: 1080px) 100vw, 1080px\" \/><\/figure>\n\n\n\n<div class=\"wp-block-group is-vertical is-layout-flex wp-container-core-group-is-layout-971a3e1f wp-block-group-is-layout-flex\" style=\"padding-top:var(--wp--preset--spacing--30)\">\n<h3 class=\"wp-block-heading\" style=\"padding-top:var(--wp--preset--spacing--20)\"><strong><strong><strong>CONFERENCE<\/strong><\/strong><\/strong><\/h3>\n\n\n\n<p class=\"has-text-color has-link-color has-medium-font-size wp-elements-2f7d8974b50abf8b1a116b453149dcb7\" style=\"color:#666666\"><br>\ud83d\udcac R\u00e9union, \u00e9change et partage autour des sujets du jour. Sam 09h30&gt;11h30.<\/p>\n\n\n\n<div style=\"height:50px\" aria-hidden=\"true\" class=\"wp-block-spacer wp-container-content-765da3b9\"><\/div>\n<\/div>\n<\/div>\n\n\n\n<div class=\"wp-block-column is-layout-flow wp-container-core-column-is-layout-be95e8ed wp-block-column-is-layout-flow\" style=\"padding-top:0\">\n<figure class=\"wp-block-image size-full\" style=\"margin-top:0;margin-bottom:0\"><img loading=\"lazy\" decoding=\"async\" width=\"1080\" height=\"1080\" src=\"https:\/\/3w.ffsr.fr\/wp-content\/uploads\/2026\/02\/FFSR-Supporters-Rugby-JDS-Marcoussis-CNR-08.jpg\" alt=\"\" class=\"wp-image-2871\" srcset=\"https:\/\/3w.ffsr.fr\/wp-content\/uploads\/2026\/02\/FFSR-Supporters-Rugby-JDS-Marcoussis-CNR-08.jpg 1080w, https:\/\/3w.ffsr.fr\/wp-content\/uploads\/2026\/02\/FFSR-Supporters-Rugby-JDS-Marcoussis-CNR-08-300x300.jpg 300w, https:\/\/3w.ffsr.fr\/wp-content\/uploads\/2026\/02\/FFSR-Supporters-Rugby-JDS-Marcoussis-CNR-08-1024x1024.jpg 1024w, https:\/\/3w.ffsr.fr\/wp-content\/uploads\/2026\/02\/FFSR-Supporters-Rugby-JDS-Marcoussis-CNR-08-150x150.jpg 150w, https:\/\/3w.ffsr.fr\/wp-content\/uploads\/2026\/02\/FFSR-Supporters-Rugby-JDS-Marcoussis-CNR-08-768x768.jpg 768w\" sizes=\"auto, (max-width: 1080px) 100vw, 1080px\" \/><\/figure>\n\n\n\n<div class=\"wp-block-group is-vertical is-layout-flex wp-container-core-group-is-layout-971a3e1f wp-block-group-is-layout-flex\" style=\"padding-top:var(--wp--preset--spacing--30)\">\n<h3 class=\"wp-block-heading\" style=\"padding-top:var(--wp--preset--spacing--20)\"><strong><strong>SURPRISE<\/strong><\/strong><\/h3>\n\n\n\n<p class=\"has-text-color has-link-color has-medium-font-size wp-elements-dd05f3c00a657903334cc911bb146946\" style=\"color:#666666\"><br>\u2665\ufe0f Annonce &amp; lancement d&rsquo;un nouveau projet surprise. Sam 09h30&gt;11h30.<\/p>\n\n\n\n<div style=\"height:50px\" aria-hidden=\"true\" class=\"wp-block-spacer wp-container-content-765da3b9\"><\/div>\n<\/div>\n<\/div>\n\n\n\n<div class=\"wp-block-column is-layout-flow wp-container-core-column-is-layout-be95e8ed wp-block-column-is-layout-flow\" style=\"padding-top:0\">\n<figure class=\"wp-block-image size-full\" style=\"margin-top:0;margin-bottom:0\"><img loading=\"lazy\" decoding=\"async\" width=\"1080\" height=\"1080\" src=\"https:\/\/3w.ffsr.fr\/wp-content\/uploads\/2026\/02\/Rugby-JDS-Marcoussis-CNR-02.jpg\" alt=\"\" class=\"wp-image-2836\" srcset=\"https:\/\/3w.ffsr.fr\/wp-content\/uploads\/2026\/02\/Rugby-JDS-Marcoussis-CNR-02.jpg 1080w, https:\/\/3w.ffsr.fr\/wp-content\/uploads\/2026\/02\/Rugby-JDS-Marcoussis-CNR-02-300x300.jpg 300w, https:\/\/3w.ffsr.fr\/wp-content\/uploads\/2026\/02\/Rugby-JDS-Marcoussis-CNR-02-1024x1024.jpg 1024w, https:\/\/3w.ffsr.fr\/wp-content\/uploads\/2026\/02\/Rugby-JDS-Marcoussis-CNR-02-150x150.jpg 150w, https:\/\/3w.ffsr.fr\/wp-content\/uploads\/2026\/02\/Rugby-JDS-Marcoussis-CNR-02-768x768.jpg 768w\" sizes=\"auto, (max-width: 1080px) 100vw, 1080px\" \/><\/figure>\n\n\n\n<div class=\"wp-block-group is-vertical is-layout-flex wp-container-core-group-is-layout-971a3e1f wp-block-group-is-layout-flex\" style=\"padding-top:var(--wp--preset--spacing--30)\">\n<h3 class=\"wp-block-heading\" style=\"padding-top:var(--wp--preset--spacing--20)\"><strong><strong>PETANQUE<\/strong><\/strong><\/h3>\n\n\n\n<p class=\"has-text-color has-link-color has-medium-font-size wp-elements-80961c45eddd262bf2f4b27f050087e2\" style=\"color:#666666\"><br>\ud83c\udfc6 Concours de p\u00e9tanque molle sur le terrain synth\u00e9tique couvert. Sam 13h30.<\/p>\n\n\n\n<div style=\"height:50px\" aria-hidden=\"true\" class=\"wp-block-spacer wp-container-content-765da3b9\"><\/div>\n<\/div>\n<\/div>\n<\/div>\n\n\n\n<div class=\"wp-block-columns alignwide is-layout-flex wp-container-core-columns-is-layout-cdebebb7 wp-block-columns-is-layout-flex\" style=\"padding-top:0;padding-bottom:0\">\n<div class=\"wp-block-column is-layout-flow wp-container-core-column-is-layout-be95e8ed wp-block-column-is-layout-flow\" style=\"padding-top:0\">\n<figure class=\"wp-block-image size-full\" style=\"margin-top:0;margin-bottom:0\"><img loading=\"lazy\" decoding=\"async\" width=\"1080\" height=\"1080\" src=\"https:\/\/3w.ffsr.fr\/wp-content\/uploads\/2026\/02\/Rugby-JDS-Marcoussis-CNR-04.jpg\" alt=\"\" class=\"wp-image-2838\" srcset=\"https:\/\/3w.ffsr.fr\/wp-content\/uploads\/2026\/02\/Rugby-JDS-Marcoussis-CNR-04.jpg 1080w, https:\/\/3w.ffsr.fr\/wp-content\/uploads\/2026\/02\/Rugby-JDS-Marcoussis-CNR-04-300x300.jpg 300w, https:\/\/3w.ffsr.fr\/wp-content\/uploads\/2026\/02\/Rugby-JDS-Marcoussis-CNR-04-1024x1024.jpg 1024w, https:\/\/3w.ffsr.fr\/wp-content\/uploads\/2026\/02\/Rugby-JDS-Marcoussis-CNR-04-150x150.jpg 150w, https:\/\/3w.ffsr.fr\/wp-content\/uploads\/2026\/02\/Rugby-JDS-Marcoussis-CNR-04-768x768.jpg 768w\" sizes=\"auto, (max-width: 1080px) 100vw, 1080px\" \/><\/figure>\n\n\n\n<div class=\"wp-block-group is-vertical is-layout-flex wp-container-core-group-is-layout-971a3e1f wp-block-group-is-layout-flex\" style=\"padding-top:var(--wp--preset--spacing--30)\">\n<h3 class=\"wp-block-heading\" style=\"padding-top:var(--wp--preset--spacing--20)\"><strong><strong>VISITE<\/strong><\/strong><\/h3>\n\n\n\n<p class=\"has-text-color has-link-color has-medium-font-size wp-elements-26a69ba655be14d04ceb934403a5866d\" style=\"color:#666666\"><br>\ud83d\ude0e Visite libre du CNR: infrastructures sportives, b\u00e2timents, jardins, &#8230; Sam 14h30.  <\/p>\n\n\n\n<div style=\"height:50px\" aria-hidden=\"true\" class=\"wp-block-spacer wp-container-content-765da3b9\"><\/div>\n<\/div>\n<\/div>\n\n\n\n<div class=\"wp-block-column is-layout-flow wp-container-core-column-is-layout-be95e8ed wp-block-column-is-layout-flow\" style=\"padding-top:0\">\n<figure class=\"wp-block-image size-full\" style=\"margin-top:0;margin-bottom:0\"><img loading=\"lazy\" decoding=\"async\" width=\"1080\" height=\"1080\" src=\"https:\/\/3w.ffsr.fr\/wp-content\/uploads\/2026\/02\/FFSR-Supporters-Rugby-JDS-Marcoussis-CNR-07.jpg\" alt=\"\" class=\"wp-image-2873\" srcset=\"https:\/\/3w.ffsr.fr\/wp-content\/uploads\/2026\/02\/FFSR-Supporters-Rugby-JDS-Marcoussis-CNR-07.jpg 1080w, https:\/\/3w.ffsr.fr\/wp-content\/uploads\/2026\/02\/FFSR-Supporters-Rugby-JDS-Marcoussis-CNR-07-300x300.jpg 300w, https:\/\/3w.ffsr.fr\/wp-content\/uploads\/2026\/02\/FFSR-Supporters-Rugby-JDS-Marcoussis-CNR-07-1024x1024.jpg 1024w, https:\/\/3w.ffsr.fr\/wp-content\/uploads\/2026\/02\/FFSR-Supporters-Rugby-JDS-Marcoussis-CNR-07-150x150.jpg 150w, https:\/\/3w.ffsr.fr\/wp-content\/uploads\/2026\/02\/FFSR-Supporters-Rugby-JDS-Marcoussis-CNR-07-768x768.jpg 768w\" sizes=\"auto, (max-width: 1080px) 100vw, 1080px\" \/><\/figure>\n\n\n\n<div class=\"wp-block-group is-vertical is-layout-flex wp-container-core-group-is-layout-971a3e1f wp-block-group-is-layout-flex\" style=\"padding-top:var(--wp--preset--spacing--30)\">\n<h3 class=\"wp-block-heading\" style=\"padding-top:var(--wp--preset--spacing--20)\"><strong><strong>CRUNCH<\/strong><\/strong><\/h3>\n\n\n\n<p class=\"has-text-color has-link-color has-medium-font-size wp-elements-4db34a3e276f4dc72bcf324ce3907ca4\" style=\"color:#666666\"><br>\ud83c\udfc9 Tous ensemble au Stade de France pour le choc contre nos amis anglais. Sam 21h10.<\/p>\n\n\n\n<div style=\"height:50px\" aria-hidden=\"true\" class=\"wp-block-spacer wp-container-content-765da3b9\"><\/div>\n<\/div>\n<\/div>\n\n\n\n<div class=\"wp-block-column is-layout-flow wp-container-core-column-is-layout-be95e8ed wp-block-column-is-layout-flow\" style=\"padding-top:0\">\n<figure class=\"wp-block-image size-full\" style=\"margin-top:0;margin-bottom:0\"><img loading=\"lazy\" decoding=\"async\" width=\"1080\" height=\"1080\" src=\"https:\/\/3w.ffsr.fr\/wp-content\/uploads\/2026\/02\/FFSR-Supporters-Rugby-JDS-Marcoussis-CNR-01.jpg\" alt=\"\" class=\"wp-image-2835\" srcset=\"https:\/\/3w.ffsr.fr\/wp-content\/uploads\/2026\/02\/FFSR-Supporters-Rugby-JDS-Marcoussis-CNR-01.jpg 1080w, https:\/\/3w.ffsr.fr\/wp-content\/uploads\/2026\/02\/FFSR-Supporters-Rugby-JDS-Marcoussis-CNR-01-300x300.jpg 300w, https:\/\/3w.ffsr.fr\/wp-content\/uploads\/2026\/02\/FFSR-Supporters-Rugby-JDS-Marcoussis-CNR-01-1024x1024.jpg 1024w, https:\/\/3w.ffsr.fr\/wp-content\/uploads\/2026\/02\/FFSR-Supporters-Rugby-JDS-Marcoussis-CNR-01-150x150.jpg 150w, https:\/\/3w.ffsr.fr\/wp-content\/uploads\/2026\/02\/FFSR-Supporters-Rugby-JDS-Marcoussis-CNR-01-768x768.jpg 768w\" sizes=\"auto, (max-width: 1080px) 100vw, 1080px\" \/><\/figure>\n\n\n\n<div class=\"wp-block-group is-vertical is-layout-flex wp-container-core-group-is-layout-971a3e1f wp-block-group-is-layout-flex\" style=\"padding-top:var(--wp--preset--spacing--30)\">\n<h3 class=\"wp-block-heading\" style=\"padding-top:var(--wp--preset--spacing--20)\"><strong><strong>FOOTING<\/strong><\/strong><\/h3>\n\n\n\n<p class=\"has-text-color has-link-color has-medium-font-size wp-elements-383c9d84da5b9cd314d853c141721109\" style=\"color:#666666\"><br>\ud83c\udfc3\ud83c\udffb\u200d\u2642\ufe0f Petit footing dans le parc, incluant le tour des terrains officiels. Dim 07h15.<\/p>\n\n\n\n<div style=\"height:50px\" aria-hidden=\"true\" class=\"wp-block-spacer wp-container-content-765da3b9\"><\/div>\n<\/div>\n<\/div>\n<\/div>\n<\/div>\n\n\n\n<div style=\"height:30px\" aria-hidden=\"true\" class=\"wp-block-spacer\"><\/div>\n","protected":false},"excerpt":{"rendered":"<p>\u23f0LE PROGRAMME LES JOURNEES DU SUPPORTERISME 2026 Vendredi 13 mars 16h00 &#8211; Accueil des participants au CNR (forfait 2 nuits)&nbsp; 20h00 &#8211; Restaurant \u00e0 l\u2019ext\u00e9rieur H\u00e9bergement au CNR Samedi 14 mars 08h00 \u2013 Petit-d\u00e9jeuner 08h30 \u2013 Accueil des participants (forfait 1 nuit) 09h30 &gt; 11h30 \u2013 R\u00e9union avec intervention d\u2019un sp\u00e9cialiste sur une th\u00e9matique d\u00e9di\u00e9e [&hellip;]<\/p>\n","protected":false},"author":1,"featured_media":0,"parent":0,"menu_order":0,"comment_status":"closed","ping_status":"closed","template":"","meta":{"h5ap_radio_sources":[],"footnotes":""},"class_list":["post-2806","page","type-page","status-publish","hentry"],"jetpack_sharing_enabled":true,"_links":{"self":[{"href":"https:\/\/3w.ffsr.fr\/index.php\/wp-json\/wp\/v2\/pages\/2806","targetHints":{"allow":["GET"]}}],"collection":[{"href":"https:\/\/3w.ffsr.fr\/index.php\/wp-json\/wp\/v2\/pages"}],"about":[{"href":"https:\/\/3w.ffsr.fr\/index.php\/wp-json\/wp\/v2\/types\/page"}],"author":[{"embeddable":true,"href":"https:\/\/3w.ffsr.fr\/index.php\/wp-json\/wp\/v2\/users\/1"}],"replies":[{"embeddable":true,"href":"https:\/\/3w.ffsr.fr\/index.php\/wp-json\/wp\/v2\/comments?post=2806"}],"version-history":[{"count":43,"href":"https:\/\/3w.ffsr.fr\/index.php\/wp-json\/wp\/v2\/pages\/2806\/revisions"}],"predecessor-version":[{"id":3045,"href":"https:\/\/3w.ffsr.fr\/index.php\/wp-json\/wp\/v2\/pages\/2806\/revisions\/3045"}],"wp:attachment":[{"href":"https:\/\/3w.ffsr.fr\/index.php\/wp-json\/wp\/v2\/media?parent=2806"}],"curies":[{"name":"wp","href":"https:\/\/api.w.org\/{rel}","templated":true}]}}