{"id":2736,"date":"2026-02-21T12:50:35","date_gmt":"2026-02-21T12:50:35","guid":{"rendered":"https:\/\/3w.ffsr.fr\/?page_id=2736"},"modified":"2026-02-27T14:52:17","modified_gmt":"2026-02-27T14:52:17","slug":"transfo","status":"publish","type":"page","link":"https:\/\/3w.ffsr.fr\/index.php\/transfo\/","title":{"rendered":"Transfo"},"content":{"rendered":"\n<p class=\"has-text-align-center has-accent-1-color has-text-color has-link-color has-large-font-size wp-elements-b6cba363ce0e3ce790ee81cc4ba308ea\">Animation de pancarte double-face qui transforme les messages supporters en vid\u00e9os virales et t\u00e9l\u00e9visuelles.<\/p>\n\n\n\n<div class=\"wp-block-group alignfull has-global-padding is-layout-constrained wp-block-group-is-layout-constrained\" style=\"margin-top:0;margin-bottom:0;padding-top:var(--wp--preset--spacing--50);padding-bottom:var(--wp--preset--spacing--50)\">\n<div class=\"wp-block-columns alignwide is-layout-flex wp-container-core-columns-is-layout-fa584acd wp-block-columns-is-layout-flex\">\n<div class=\"wp-block-column is-vertically-aligned-center is-layout-flow wp-block-column-is-layout-flow\">\n<figure class=\"wp-block-image size-full is-resized\"><img loading=\"lazy\" decoding=\"async\" width=\"1080\" height=\"1080\" src=\"https:\/\/3w.ffsr.fr\/wp-content\/uploads\/2026\/02\/FFSR-Supporters-de-Rugby-TRANSFO-pancarte-message-video.jpg\" alt=\"\" class=\"wp-image-2725\" style=\"aspect-ratio:1;object-fit:cover;width:500px\" srcset=\"https:\/\/3w.ffsr.fr\/wp-content\/uploads\/2026\/02\/FFSR-Supporters-de-Rugby-TRANSFO-pancarte-message-video.jpg 1080w, https:\/\/3w.ffsr.fr\/wp-content\/uploads\/2026\/02\/FFSR-Supporters-de-Rugby-TRANSFO-pancarte-message-video-300x300.jpg 300w, https:\/\/3w.ffsr.fr\/wp-content\/uploads\/2026\/02\/FFSR-Supporters-de-Rugby-TRANSFO-pancarte-message-video-1024x1024.jpg 1024w, https:\/\/3w.ffsr.fr\/wp-content\/uploads\/2026\/02\/FFSR-Supporters-de-Rugby-TRANSFO-pancarte-message-video-150x150.jpg 150w, https:\/\/3w.ffsr.fr\/wp-content\/uploads\/2026\/02\/FFSR-Supporters-de-Rugby-TRANSFO-pancarte-message-video-768x768.jpg 768w\" sizes=\"auto, (max-width: 1080px) 100vw, 1080px\" \/><\/figure>\n\n\n\n<p class=\"has-text-align-center has-medium-font-size\"><strong><strong>\u2b06\ufe0e <\/strong>Pancarte Double-Face<\/strong><\/p>\n<\/div>\n\n\n\n<div class=\"wp-block-column is-vertically-aligned-center is-layout-flow wp-block-column-is-layout-flow\">\n<figure class=\"wp-block-image size-full is-resized\"><img loading=\"lazy\" decoding=\"async\" width=\"1080\" height=\"1080\" src=\"https:\/\/3w.ffsr.fr\/wp-content\/uploads\/2026\/02\/FFSR-Supporters-de-Rugby-TRANSFO-pancarte-message-2-faces.jpg\" alt=\"\" class=\"wp-image-2723\" style=\"aspect-ratio:1;object-fit:cover;width:500px\" srcset=\"https:\/\/3w.ffsr.fr\/wp-content\/uploads\/2026\/02\/FFSR-Supporters-de-Rugby-TRANSFO-pancarte-message-2-faces.jpg 1080w, https:\/\/3w.ffsr.fr\/wp-content\/uploads\/2026\/02\/FFSR-Supporters-de-Rugby-TRANSFO-pancarte-message-2-faces-300x300.jpg 300w, https:\/\/3w.ffsr.fr\/wp-content\/uploads\/2026\/02\/FFSR-Supporters-de-Rugby-TRANSFO-pancarte-message-2-faces-1024x1024.jpg 1024w, https:\/\/3w.ffsr.fr\/wp-content\/uploads\/2026\/02\/FFSR-Supporters-de-Rugby-TRANSFO-pancarte-message-2-faces-150x150.jpg 150w, https:\/\/3w.ffsr.fr\/wp-content\/uploads\/2026\/02\/FFSR-Supporters-de-Rugby-TRANSFO-pancarte-message-2-faces-768x768.jpg 768w\" sizes=\"auto, (max-width: 1080px) 100vw, 1080px\" \/><\/figure>\n\n\n\n<p class=\"has-text-align-center has-medium-font-size\"><strong>\u2b06\ufe0e 1 Pancarte, 2 Faces<\/strong><\/p>\n<\/div>\n\n\n\n<div class=\"wp-block-column is-vertically-aligned-center is-layout-flow wp-block-column-is-layout-flow\">\n<figure class=\"wp-block-image size-full is-resized\"><img loading=\"lazy\" decoding=\"async\" width=\"1080\" height=\"1080\" src=\"https:\/\/3w.ffsr.fr\/wp-content\/uploads\/2026\/02\/FFSR-Supporters-de-Rugby-TRANSFO-pancarte-message-TV.jpg\" alt=\"\" class=\"wp-image-2724\" style=\"aspect-ratio:1;object-fit:cover;width:500px\" srcset=\"https:\/\/3w.ffsr.fr\/wp-content\/uploads\/2026\/02\/FFSR-Supporters-de-Rugby-TRANSFO-pancarte-message-TV.jpg 1080w, https:\/\/3w.ffsr.fr\/wp-content\/uploads\/2026\/02\/FFSR-Supporters-de-Rugby-TRANSFO-pancarte-message-TV-300x300.jpg 300w, https:\/\/3w.ffsr.fr\/wp-content\/uploads\/2026\/02\/FFSR-Supporters-de-Rugby-TRANSFO-pancarte-message-TV-1024x1024.jpg 1024w, https:\/\/3w.ffsr.fr\/wp-content\/uploads\/2026\/02\/FFSR-Supporters-de-Rugby-TRANSFO-pancarte-message-TV-150x150.jpg 150w, https:\/\/3w.ffsr.fr\/wp-content\/uploads\/2026\/02\/FFSR-Supporters-de-Rugby-TRANSFO-pancarte-message-TV-768x768.jpg 768w\" sizes=\"auto, (max-width: 1080px) 100vw, 1080px\" \/><\/figure>\n\n\n\n<p class=\"has-text-align-center has-medium-font-size\"><strong><strong><strong>\u2b06\ufe0e <\/strong><\/strong>Passez \u00e0 la TV !<\/strong><\/p>\n<\/div>\n<\/div>\n<\/div>\n\n\n\n<hr class=\"wp-block-separator has-alpha-channel-opacity\"\/>\n\n\n\n<div style=\"height:20px\" aria-hidden=\"true\" class=\"wp-block-spacer\"><\/div>\n\n\n\n<figure class=\"wp-block-image aligncenter size-full\"><img loading=\"lazy\" decoding=\"async\" width=\"1080\" height=\"540\" src=\"https:\/\/3w.ffsr.fr\/wp-content\/uploads\/2026\/02\/FFSR-Supporters-de-Rugby-TRANSFO-pancarte-double-faces.jpg\" alt=\"\" class=\"wp-image-2742\" srcset=\"https:\/\/3w.ffsr.fr\/wp-content\/uploads\/2026\/02\/FFSR-Supporters-de-Rugby-TRANSFO-pancarte-double-faces.jpg 1080w, https:\/\/3w.ffsr.fr\/wp-content\/uploads\/2026\/02\/FFSR-Supporters-de-Rugby-TRANSFO-pancarte-double-faces-300x150.jpg 300w, https:\/\/3w.ffsr.fr\/wp-content\/uploads\/2026\/02\/FFSR-Supporters-de-Rugby-TRANSFO-pancarte-double-faces-1024x512.jpg 1024w, https:\/\/3w.ffsr.fr\/wp-content\/uploads\/2026\/02\/FFSR-Supporters-de-Rugby-TRANSFO-pancarte-double-faces-768x384.jpg 768w\" sizes=\"auto, (max-width: 1080px) 100vw, 1080px\" \/><\/figure>\n\n\n\n<figure class=\"wp-block-image aligncenter size-full is-resized\"><img loading=\"lazy\" decoding=\"async\" width=\"1080\" height=\"1080\" src=\"https:\/\/3w.ffsr.fr\/wp-content\/uploads\/2026\/02\/FFSR-Supporters-de-Rugby-TRANSFO-pancarte-double-faces-TV.jpg\" alt=\"\" class=\"wp-image-2741\" style=\"aspect-ratio:1;object-fit:cover;width:300px\" srcset=\"https:\/\/3w.ffsr.fr\/wp-content\/uploads\/2026\/02\/FFSR-Supporters-de-Rugby-TRANSFO-pancarte-double-faces-TV.jpg 1080w, https:\/\/3w.ffsr.fr\/wp-content\/uploads\/2026\/02\/FFSR-Supporters-de-Rugby-TRANSFO-pancarte-double-faces-TV-300x300.jpg 300w, https:\/\/3w.ffsr.fr\/wp-content\/uploads\/2026\/02\/FFSR-Supporters-de-Rugby-TRANSFO-pancarte-double-faces-TV-1024x1024.jpg 1024w, https:\/\/3w.ffsr.fr\/wp-content\/uploads\/2026\/02\/FFSR-Supporters-de-Rugby-TRANSFO-pancarte-double-faces-TV-150x150.jpg 150w, https:\/\/3w.ffsr.fr\/wp-content\/uploads\/2026\/02\/FFSR-Supporters-de-Rugby-TRANSFO-pancarte-double-faces-TV-768x768.jpg 768w\" sizes=\"auto, (max-width: 1080px) 100vw, 1080px\" \/><\/figure>\n\n\n\n<hr class=\"wp-block-separator has-alpha-channel-opacity\"\/>\n\n\n\n<div style=\"height:30px\" aria-hidden=\"true\" class=\"wp-block-spacer\"><\/div>\n\n\n\n<div class=\"wp-block-group alignwide has-global-padding is-layout-constrained wp-block-group-is-layout-constrained\" style=\"margin-top:0;margin-bottom:0;padding-top:var(--wp--preset--spacing--60);padding-bottom:var(--wp--preset--spacing--60)\">\n<h2 class=\"wp-block-heading alignwide has-text-align-center has-accent-1-color has-text-color has-link-color has-xx-large-font-size wp-elements-5b3af4f856240d15d399c9891a8b364d\"><strong>CREEZ VOTRE PANCARTE<\/strong><br><strong>ET PASSEZ A LA TELE<\/strong><\/h2>\n\n\n\n<p class=\"has-text-align-center\">Tournoi des 6 Nations 2026<\/p>\n\n\n\n<div class=\"wp-block-columns alignfull is-layout-flex wp-container-core-columns-is-layout-28f84493 wp-block-columns-is-layout-flex\">\n<div class=\"wp-block-column is-layout-flow wp-block-column-is-layout-flow\">\n<figure class=\"wp-block-embed is-type-video is-provider-youtube wp-block-embed-youtube wp-embed-aspect-9-16 wp-has-aspect-ratio\"><div class=\"wp-block-embed__wrapper\">\n<iframe loading=\"lazy\" title=\"TRANSFO #FFSR - Pancartes Double-Face (Lille, Tournoi des 6 Nations, FRA-ITA, 22 fev 2026)-1\" width=\"422\" height=\"750\" src=\"https:\/\/www.youtube.com\/embed\/ZiUWCJpXCeQ?feature=oembed\" frameborder=\"0\" allow=\"accelerometer; autoplay; clipboard-write; encrypted-media; gyroscope; picture-in-picture; web-share\" referrerpolicy=\"strict-origin-when-cross-origin\" allowfullscreen><\/iframe>\n<\/div><\/figure>\n<\/div>\n\n\n\n<div class=\"wp-block-column is-layout-flow wp-block-column-is-layout-flow\">\n<figure class=\"wp-block-embed is-type-video is-provider-youtube wp-block-embed-youtube wp-embed-aspect-9-16 wp-has-aspect-ratio\"><div class=\"wp-block-embed__wrapper\">\n<iframe loading=\"lazy\" title=\"TRANSFO #FFSR - Pancartes Double-Face (Lille, Tournoi des 6 Nations, FRA-ITA, 22 fev 2026)-2\" width=\"422\" height=\"750\" src=\"https:\/\/www.youtube.com\/embed\/RLZGUH9zIDM?feature=oembed\" frameborder=\"0\" allow=\"accelerometer; autoplay; clipboard-write; encrypted-media; gyroscope; picture-in-picture; web-share\" referrerpolicy=\"strict-origin-when-cross-origin\" allowfullscreen><\/iframe>\n<\/div><\/figure>\n<\/div>\n\n\n\n<div class=\"wp-block-column is-layout-flow wp-block-column-is-layout-flow\">\n<figure class=\"wp-block-embed is-type-video is-provider-youtube wp-block-embed-youtube wp-embed-aspect-9-16 wp-has-aspect-ratio\"><div class=\"wp-block-embed__wrapper\">\n<iframe loading=\"lazy\" title=\"TRANSFO #FFSR - Pancartes Double-Face (Lille, Tournoi des 6 Nations, FRA-ITA, 22 fev 2026)-3\" width=\"422\" height=\"750\" src=\"https:\/\/www.youtube.com\/embed\/IyLhqgo9938?feature=oembed\" frameborder=\"0\" allow=\"accelerometer; autoplay; clipboard-write; encrypted-media; gyroscope; picture-in-picture; web-share\" referrerpolicy=\"strict-origin-when-cross-origin\" allowfullscreen><\/iframe>\n<\/div><\/figure>\n<\/div>\n<\/div>\n<\/div>\n\n\n\n<div style=\"height:50px\" aria-hidden=\"true\" class=\"wp-block-spacer\"><\/div>\n","protected":false},"excerpt":{"rendered":"<p>Animation de pancarte double-face qui transforme les messages supporters en vid\u00e9os virales et t\u00e9l\u00e9visuelles. \u2b06\ufe0e Pancarte Double-Face \u2b06\ufe0e 1 Pancarte, 2 Faces \u2b06\ufe0e Passez \u00e0 la TV ! CREEZ VOTRE PANCARTEET PASSEZ A LA TELE Tournoi des 6 Nations 2026<\/p>\n","protected":false},"author":1,"featured_media":0,"parent":0,"menu_order":0,"comment_status":"closed","ping_status":"closed","template":"","meta":{"h5ap_radio_sources":[],"footnotes":""},"class_list":["post-2736","page","type-page","status-publish","hentry"],"jetpack_sharing_enabled":true,"_links":{"self":[{"href":"https:\/\/3w.ffsr.fr\/index.php\/wp-json\/wp\/v2\/pages\/2736","targetHints":{"allow":["GET"]}}],"collection":[{"href":"https:\/\/3w.ffsr.fr\/index.php\/wp-json\/wp\/v2\/pages"}],"about":[{"href":"https:\/\/3w.ffsr.fr\/index.php\/wp-json\/wp\/v2\/types\/page"}],"author":[{"embeddable":true,"href":"https:\/\/3w.ffsr.fr\/index.php\/wp-json\/wp\/v2\/users\/1"}],"replies":[{"embeddable":true,"href":"https:\/\/3w.ffsr.fr\/index.php\/wp-json\/wp\/v2\/comments?post=2736"}],"version-history":[{"count":7,"href":"https:\/\/3w.ffsr.fr\/index.php\/wp-json\/wp\/v2\/pages\/2736\/revisions"}],"predecessor-version":[{"id":2800,"href":"https:\/\/3w.ffsr.fr\/index.php\/wp-json\/wp\/v2\/pages\/2736\/revisions\/2800"}],"wp:attachment":[{"href":"https:\/\/3w.ffsr.fr\/index.php\/wp-json\/wp\/v2\/media?parent=2736"}],"curies":[{"name":"wp","href":"https:\/\/api.w.org\/{rel}","templated":true}]}}