{"id":1404,"date":"2025-11-02T12:49:51","date_gmt":"2025-11-02T12:49:51","guid":{"rendered":"http:\/\/3w.ffsr.fr\/?page_id=1404"},"modified":"2026-03-06T17:06:47","modified_gmt":"2026-03-06T17:06:47","slug":"album","status":"publish","type":"page","link":"https:\/\/3w.ffsr.fr\/index.php\/album\/","title":{"rendered":"Album"},"content":{"rendered":"\n<figure class=\"wp-block-image size-large\"><img loading=\"lazy\" decoding=\"async\" width=\"1024\" height=\"512\" src=\"http:\/\/3w.ffsr.fr\/wp-content\/uploads\/2025\/11\/FFSR-Supporters-de-Rugby-LAlbum-des-Poteaux-1024x512.jpg\" alt=\"\" class=\"wp-image-1430\" srcset=\"https:\/\/3w.ffsr.fr\/wp-content\/uploads\/2025\/11\/FFSR-Supporters-de-Rugby-LAlbum-des-Poteaux-1024x512.jpg 1024w, https:\/\/3w.ffsr.fr\/wp-content\/uploads\/2025\/11\/FFSR-Supporters-de-Rugby-LAlbum-des-Poteaux-300x150.jpg 300w, https:\/\/3w.ffsr.fr\/wp-content\/uploads\/2025\/11\/FFSR-Supporters-de-Rugby-LAlbum-des-Poteaux-768x384.jpg 768w, https:\/\/3w.ffsr.fr\/wp-content\/uploads\/2025\/11\/FFSR-Supporters-de-Rugby-LAlbum-des-Poteaux.jpg 1080w\" sizes=\"auto, (max-width: 1024px) 100vw, 1024px\" \/><\/figure>\n\n\n\n<p class=\"has-text-align-center\">Pour illustrer la convivialit\u00e9 entre nos clubs de supporters tous les week-ends &amp; partout en France, d\u00e9couvrez notre s\u00e9rie exclusive \u00ab\u00a0L&rsquo;Album Des Poteaux\u00a0\u00bb.<\/p>\n\n\n<div class=\"free align wp-block-bicb-carousel\" id='bicbCarousel-1' data-attributes='{&quot;carousels&quot;:[{&quot;image&quot;:{&quot;id&quot;:1376,&quot;url&quot;:&quot;http:\\\/\\\/3w.ffsr.fr\\\/wp-content\\\/uploads\\\/2025\\\/11\\\/FFSR-Supporters-de-Rugby-Evenements-Les-4-mi-temps-LAlbum-des-Poteaux-Castres-Bayonne.jpg&quot;,&quot;alt&quot;:&quot;&quot;,&quot;title&quot;:&quot;FFSR Supporters de Rugby Evenements Les 4 mi-temps L&#039;Album des Poteaux Castres Bayonne&quot;,&quot;caption&quot;:&quot;&quot;},&quot;action&quot;:&quot;none&quot;,&quot;link&quot;:&quot;&quot;,&quot;caption&quot;:&quot;Green Leafed Plant&quot;},{&quot;image&quot;:{&quot;id&quot;:1378,&quot;url&quot;:&quot;http:\\\/\\\/3w.ffsr.fr\\\/wp-content\\\/uploads\\\/2025\\\/11\\\/FFSR-Supporters-de-Rugby-Evenements-Les-4-mi-temps-LAlbum-des-Poteaux-Casse-Croute.jpg&quot;,&quot;alt&quot;:&quot;&quot;,&quot;title&quot;:&quot;FFSR Supporters de Rugby Evenements Les 4 mi-temps L&#039;Album des Poteaux Casse Croute&quot;,&quot;caption&quot;:&quot;&quot;},&quot;action&quot;:&quot;none&quot;,&quot;link&quot;:&quot;&quot;,&quot;caption&quot;:&quot;Green Grass Field&quot;},{&quot;image&quot;:{&quot;id&quot;:1377,&quot;url&quot;:&quot;http:\\\/\\\/3w.ffsr.fr\\\/wp-content\\\/uploads\\\/2025\\\/11\\\/FFSR-Supporters-de-Rugby-Evenements-Les-4-mi-temps-LAlbum-des-Poteaux-La-Rochelle-Vannes.jpg&quot;,&quot;alt&quot;:&quot;&quot;,&quot;title&quot;:&quot;FFSR Supporters de Rugby Evenements Les 4 mi-temps L&#039;Album des Poteaux La Rochelle Vannes&quot;,&quot;caption&quot;:&quot;&quot;},&quot;action&quot;:&quot;none&quot;,&quot;link&quot;:&quot;&quot;,&quot;caption&quot;:&quot;White Daisy on Grass&quot;},{&quot;image&quot;:{&quot;id&quot;:1379,&quot;url&quot;:&quot;http:\\\/\\\/3w.ffsr.fr\\\/wp-content\\\/uploads\\\/2025\\\/11\\\/FFSR-Supporters-de-Rugby-Evenements-Les-4-mi-temps-LAlbum-des-Poteaux-Montpellier-Lyon.jpg&quot;,&quot;alt&quot;:&quot;&quot;,&quot;title&quot;:&quot;FFSR Supporters de Rugby Evenements Les 4 mi-temps L&#039;Album des Poteaux Montpellier Lyon&quot;,&quot;caption&quot;:&quot;&quot;},&quot;action&quot;:&quot;none&quot;,&quot;link&quot;:&quot;&quot;,&quot;caption&quot;:&quot;Wheat Plants&quot;},{&quot;image&quot;:{&quot;id&quot;:1374,&quot;url&quot;:&quot;http:\\\/\\\/3w.ffsr.fr\\\/wp-content\\\/uploads\\\/2025\\\/11\\\/FFSR-Supporters-de-Rugby-Evenements-Toulon-2025-Congres-Tribune.jpg&quot;,&quot;alt&quot;:&quot;&quot;,&quot;title&quot;:&quot;FFSR Supporters de Rugby Evenements Toulon 2025 Congres Tribune&quot;,&quot;caption&quot;:&quot;&quot;},&quot;action&quot;:&quot;none&quot;,&quot;link&quot;:&quot;&quot;,&quot;caption&quot;:&quot;&quot;},{&quot;image&quot;:{&quot;id&quot;:1370,&quot;url&quot;:&quot;http:\\\/\\\/3w.ffsr.fr\\\/wp-content\\\/uploads\\\/2025\\\/11\\\/FFSR-Supporters-de-Rugby-Evenements-Journees-du-Supporterisme-Marcoussis-CNR-match-Stade-de-France.jpg&quot;,&quot;alt&quot;:&quot;&quot;,&quot;title&quot;:&quot;FFSR Supporters de Rugby Evenements Journees du Supporterisme Marcoussis CNR match Stade de France&quot;,&quot;caption&quot;:&quot;&quot;},&quot;action&quot;:&quot;none&quot;,&quot;link&quot;:&quot;&quot;,&quot;caption&quot;:&quot;&quot;},{&quot;image&quot;:{&quot;id&quot;:1369,&quot;url&quot;:&quot;http:\\\/\\\/3w.ffsr.fr\\\/wp-content\\\/uploads\\\/2025\\\/11\\\/FFSR-Supporters-de-Rugby-Evenements-Journees-du-Supporterisme-Marcoussis-CNR-conference.jpg&quot;,&quot;alt&quot;:&quot;&quot;,&quot;title&quot;:&quot;FFSR Supporters de Rugby Evenements Journees du Supporterisme Marcoussis CNR conference&quot;,&quot;caption&quot;:&quot;&quot;},&quot;action&quot;:&quot;none&quot;,&quot;link&quot;:&quot;&quot;,&quot;caption&quot;:&quot;&quot;},{&quot;image&quot;:{&quot;id&quot;:1372,&quot;url&quot;:&quot;http:\\\/\\\/3w.ffsr.fr\\\/wp-content\\\/uploads\\\/2025\\\/11\\\/FFSR-Supporters-de-Rugby-Evenements-Toulon-2025-Congres-Mayol.jpg&quot;,&quot;alt&quot;:&quot;&quot;,&quot;title&quot;:&quot;FFSR Supporters de Rugby Evenements Toulon 2025 Congres Mayol&quot;,&quot;caption&quot;:&quot;&quot;},&quot;action&quot;:&quot;none&quot;,&quot;link&quot;:&quot;&quot;,&quot;caption&quot;:&quot;&quot;}],&quot;width&quot;:{&quot;desktop&quot;:&quot;500%&quot;,&quot;tablet&quot;:&quot;100%&quot;,&quot;mobile&quot;:&quot;100%&quot;},&quot;height&quot;:{&quot;desktop&quot;:&quot;&quot;,&quot;tablet&quot;:&quot;400px&quot;,&quot;mobile&quot;:&quot;350px&quot;},&quot;carouselOptions&quot;:{&quot;columns&quot;:{&quot;desktop&quot;:1,&quot;tablet&quot;:1,&quot;mobile&quot;:1},&quot;columnGap&quot;:30,&quot;isLoop&quot;:true,&quot;allowTouchMove&quot;:false,&quot;speed&quot;:2,&quot;autoplayOptions&quot;:{&quot;enabled&quot;:true,&quot;delay&quot;:1.5,&quot;disableOnInteraction&quot;:false,&quot;reverseDirection&quot;:false,&quot;pauseOnMouseEnter&quot;:false,&quot;stopOnLastSlide&quot;:false},&quot;freeMode&quot;:{&quot;enabled&quot;:false,&quot;sticky&quot;:false},&quot;effect&quot;:&quot;creative&quot;,&quot;mousewheel&quot;:{&quot;enabled&quot;:false},&quot;pagination&quot;:{&quot;inTablet&quot;:true,&quot;inMobile&quot;:true,&quot;clickable&quot;:true,&quot;dynamicBullets&quot;:false,&quot;border&quot;:[]},&quot;navigation&quot;:{&quot;inTablet&quot;:true,&quot;inMobile&quot;:true}},&quot;pageColor&quot;:&quot;rgba(255, 255, 255, 1)&quot;,&quot;prevNextColor&quot;:&quot;rgba(255, 255, 255, 1)&quot;,&quot;metadata&quot;:{&quot;categories&quot;:[&quot;bicbPattern&quot;],&quot;patternName&quot;:&quot;bicb-patterns\\\/creative&quot;,&quot;name&quot;:&quot;Carousel- Creative&quot;},&quot;align&quot;:&quot;&quot;,&quot;elements&quot;:{&quot;linkNewTab&quot;:false,&quot;linkOn&quot;:&quot;image&quot;},&quot;alignment&quot;:&quot;center&quot;,&quot;background&quot;:{&quot;color&quot;:&quot;#0000&quot;},&quot;padding&quot;:{&quot;vertical&quot;:&quot;30px&quot;,&quot;horizontal&quot;:&quot;10px&quot;},&quot;isPage&quot;:true,&quot;pageSize&quot;:&quot;12px&quot;,&quot;isPrevNext&quot;:true,&quot;prevNextSize&quot;:&quot;25px&quot;,&quot;image&quot;:{&quot;width&quot;:&quot;100%&quot;},&quot;caption&quot;:{&quot;display&quot;:&quot;none&quot;,&quot;position&quot;:&quot;onImage&quot;,&quot;verticalAlign&quot;:&quot;bottom&quot;,&quot;typo&quot;:{&quot;fontSize&quot;:{&quot;desktop&quot;:16,&quot;tablet&quot;:15,&quot;mobile&quot;:15}},&quot;textAlign&quot;:&quot;left&quot;,&quot;colors&quot;:{&quot;color&quot;:&quot;#fff&quot;,&quot;bg&quot;:&quot;#0000&quot;},&quot;overlay&quot;:{&quot;type&quot;:&quot;gradient&quot;,&quot;gradient&quot;:&quot;linear-gradient(0deg, #000 0%, #0000 50%, #0000 100%)&quot;},&quot;padding&quot;:{&quot;top&quot;:&quot;5px&quot;,&quot;right&quot;:&quot;8px&quot;,&quot;bottom&quot;:&quot;5px&quot;,&quot;left&quot;:&quot;8px&quot;}}}'><\/div>\n\n\n<hr class=\"wp-block-separator has-alpha-channel-opacity\"\/>\n\n\n\n<div class=\"wp-block-group alignfull has-global-padding is-layout-constrained wp-container-core-group-is-layout-ebee8dc1 wp-block-group-is-layout-constrained\" style=\"margin-top:0;margin-bottom:0;padding-top:var(--wp--preset--spacing--50);padding-bottom:var(--wp--preset--spacing--50)\">\n<div class=\"wp-block-group alignwide is-layout-grid wp-container-core-group-is-layout-1ce758a5 wp-block-group-is-layout-grid\">\n<figure class=\"wp-block-embed is-type-video is-provider-youtube wp-block-embed-youtube wp-embed-aspect-9-16 wp-has-aspect-ratio\"><div class=\"wp-block-embed__wrapper\">\n<iframe loading=\"lazy\" title=\"L\u2019Album des Poteaux #FFSR - Rugbiloute \u00e0 Lille (22 Fev 2026)\" width=\"422\" height=\"750\" src=\"https:\/\/www.youtube.com\/embed\/GYrQ07_YNTg?feature=oembed\" frameborder=\"0\" allow=\"accelerometer; autoplay; clipboard-write; encrypted-media; gyroscope; picture-in-picture; web-share\" referrerpolicy=\"strict-origin-when-cross-origin\" allowfullscreen><\/iframe>\n<\/div><\/figure>\n\n\n\n<figure class=\"wp-block-embed is-type-video is-provider-youtube wp-block-embed-youtube wp-embed-aspect-9-16 wp-has-aspect-ratio\"><div class=\"wp-block-embed__wrapper\">\n<iframe loading=\"lazy\" title=\"L\u2019Album des Poteaux #FFSR - Les COQS ont chant\u00e9 au Stade de France (11 Fev 2026)\" width=\"422\" height=\"750\" src=\"https:\/\/www.youtube.com\/embed\/7kVNX_n43gI?feature=oembed\" frameborder=\"0\" allow=\"accelerometer; autoplay; clipboard-write; encrypted-media; gyroscope; picture-in-picture; web-share\" referrerpolicy=\"strict-origin-when-cross-origin\" allowfullscreen><\/iframe>\n<\/div><\/figure>\n\n\n\n<figure class=\"wp-block-embed is-type-video is-provider-youtube wp-block-embed-youtube wp-embed-aspect-9-16 wp-has-aspect-ratio\"><div class=\"wp-block-embed__wrapper\">\n<iframe loading=\"lazy\" title=\"L&#039;Album Poteaux FFSR - Les Vendanges (13 oct 2025)\" width=\"422\" height=\"750\" src=\"https:\/\/www.youtube.com\/embed\/KeVrXLGE9gA?feature=oembed\" frameborder=\"0\" allow=\"accelerometer; autoplay; clipboard-write; encrypted-media; gyroscope; picture-in-picture; web-share\" referrerpolicy=\"strict-origin-when-cross-origin\" allowfullscreen><\/iframe>\n<\/div><\/figure>\n\n\n\n<figure class=\"wp-block-embed is-type-video is-provider-youtube wp-block-embed-youtube wp-embed-aspect-9-16 wp-has-aspect-ratio\"><div class=\"wp-block-embed__wrapper\">\n<iframe loading=\"lazy\" title=\"L\u2019Album des Poteaux FFSR - Bienvenue \u00e0 Mayol (12 oct 2025)\" width=\"422\" height=\"750\" src=\"https:\/\/www.youtube.com\/embed\/T-N4Xi4wZx0?feature=oembed\" frameborder=\"0\" allow=\"accelerometer; autoplay; clipboard-write; encrypted-media; gyroscope; picture-in-picture; web-share\" referrerpolicy=\"strict-origin-when-cross-origin\" allowfullscreen><\/iframe>\n<\/div><\/figure>\n\n\n\n<figure class=\"wp-block-embed is-type-video is-provider-youtube wp-block-embed-youtube wp-embed-aspect-9-16 wp-has-aspect-ratio\"><div class=\"wp-block-embed__wrapper\">\n<iframe loading=\"lazy\" title=\"L&#039;Album des Poteaux FFSR - CONVIVIALIT\u00c9 (24 sept 2025)\" width=\"422\" height=\"750\" src=\"https:\/\/www.youtube.com\/embed\/m4zDQrmuHeI?feature=oembed\" frameborder=\"0\" allow=\"accelerometer; autoplay; clipboard-write; encrypted-media; gyroscope; picture-in-picture; web-share\" referrerpolicy=\"strict-origin-when-cross-origin\" allowfullscreen><\/iframe>\n<\/div><\/figure>\n\n\n\n<figure class=\"wp-block-embed is-type-video is-provider-youtube wp-block-embed-youtube wp-embed-aspect-9-16 wp-has-aspect-ratio\"><div class=\"wp-block-embed__wrapper\">\n<iframe loading=\"lazy\" title=\"L&#039;Album des Poteaux FFSR - on monte \u00e0 Paris (6 sept 2025)\" width=\"422\" height=\"750\" src=\"https:\/\/www.youtube.com\/embed\/lzzn6WbOo7E?feature=oembed\" frameborder=\"0\" allow=\"accelerometer; autoplay; clipboard-write; encrypted-media; gyroscope; picture-in-picture; web-share\" referrerpolicy=\"strict-origin-when-cross-origin\" allowfullscreen><\/iframe>\n<\/div><\/figure>\n\n\n\n<figure class=\"wp-block-embed is-type-video is-provider-youtube wp-block-embed-youtube wp-embed-aspect-9-16 wp-has-aspect-ratio\"><div class=\"wp-block-embed__wrapper\">\n<iframe loading=\"lazy\" title=\"L&#039;Album des Poteaux FFSR - le Pilou Pilou du Congre\u0300s 2025 a\u0300 Toulon\" width=\"422\" height=\"750\" src=\"https:\/\/www.youtube.com\/embed\/0JExItwbzqs?feature=oembed\" frameborder=\"0\" allow=\"accelerometer; autoplay; clipboard-write; encrypted-media; gyroscope; picture-in-picture; web-share\" referrerpolicy=\"strict-origin-when-cross-origin\" allowfullscreen><\/iframe>\n<\/div><\/figure>\n\n\n\n<figure class=\"wp-block-embed is-type-video is-provider-youtube wp-block-embed-youtube wp-embed-aspect-9-16 wp-has-aspect-ratio\"><div class=\"wp-block-embed__wrapper\">\n<iframe loading=\"lazy\" title=\"L&#039;Album des Poteaux FFSR - le Club House Azur &amp; Or\" width=\"422\" height=\"750\" src=\"https:\/\/www.youtube.com\/embed\/MnklNfxOAFc?feature=oembed\" frameborder=\"0\" allow=\"accelerometer; autoplay; clipboard-write; encrypted-media; gyroscope; picture-in-picture; web-share\" referrerpolicy=\"strict-origin-when-cross-origin\" allowfullscreen><\/iframe>\n<\/div><\/figure>\n\n\n\n<figure class=\"wp-block-embed is-type-video is-provider-youtube wp-block-embed-youtube wp-embed-aspect-9-16 wp-has-aspect-ratio\"><div class=\"wp-block-embed__wrapper\">\n<iframe loading=\"lazy\" title=\"L&#039;Album des Poteaux FFSR - c&#039;est \u00e7a l&#039;Rugby (19 sept 2025)\" width=\"422\" height=\"750\" src=\"https:\/\/www.youtube.com\/embed\/Gom1uU8VGNI?feature=oembed\" frameborder=\"0\" allow=\"accelerometer; autoplay; clipboard-write; encrypted-media; gyroscope; picture-in-picture; web-share\" referrerpolicy=\"strict-origin-when-cross-origin\" allowfullscreen><\/iframe>\n<\/div><\/figure>\n<\/div>\n<\/div>\n\n\n\n<p class=\"has-text-align-center\">\ud83c\udfa5 Tout visionner sur notre <a href=\"https:\/\/www.youtube.com\/@FFSupportersRugby\/shorts\" target=\"_blank\" rel=\"noreferrer noopener\">Cha\u00eene YouTube<\/a><\/p>\n\n\n\n<div style=\"height:50px\" aria-hidden=\"true\" class=\"wp-block-spacer\"><\/div>\n","protected":false},"excerpt":{"rendered":"<p>Pour illustrer la convivialit\u00e9 entre nos clubs de supporters tous les week-ends &amp; partout en France, d\u00e9couvrez notre s\u00e9rie exclusive \u00ab\u00a0L&rsquo;Album Des Poteaux\u00a0\u00bb. \ud83c\udfa5 Tout visionner sur notre Cha\u00eene YouTube<\/p>\n","protected":false},"author":1,"featured_media":0,"parent":0,"menu_order":0,"comment_status":"closed","ping_status":"closed","template":"","meta":{"h5ap_radio_sources":[],"footnotes":""},"class_list":["post-1404","page","type-page","status-publish","hentry"],"jetpack_sharing_enabled":true,"_links":{"self":[{"href":"https:\/\/3w.ffsr.fr\/index.php\/wp-json\/wp\/v2\/pages\/1404","targetHints":{"allow":["GET"]}}],"collection":[{"href":"https:\/\/3w.ffsr.fr\/index.php\/wp-json\/wp\/v2\/pages"}],"about":[{"href":"https:\/\/3w.ffsr.fr\/index.php\/wp-json\/wp\/v2\/types\/page"}],"author":[{"embeddable":true,"href":"https:\/\/3w.ffsr.fr\/index.php\/wp-json\/wp\/v2\/users\/1"}],"replies":[{"embeddable":true,"href":"https:\/\/3w.ffsr.fr\/index.php\/wp-json\/wp\/v2\/comments?post=1404"}],"version-history":[{"count":28,"href":"https:\/\/3w.ffsr.fr\/index.php\/wp-json\/wp\/v2\/pages\/1404\/revisions"}],"predecessor-version":[{"id":3017,"href":"https:\/\/3w.ffsr.fr\/index.php\/wp-json\/wp\/v2\/pages\/1404\/revisions\/3017"}],"wp:attachment":[{"href":"https:\/\/3w.ffsr.fr\/index.php\/wp-json\/wp\/v2\/media?parent=1404"}],"curies":[{"name":"wp","href":"https:\/\/api.w.org\/{rel}","templated":true}]}}